{"id":262102,"date":"2026-05-06T17:23:12","date_gmt":"2026-05-06T15:23:12","guid":{"rendered":"https:\/\/tiendapadel5.com\/?post_type=product&#038;p=262102"},"modified":"2026-05-06T17:23:13","modified_gmt":"2026-05-06T15:23:13","slug":"falda-nox-pro-blanco-verde-ivy-2026","status":"publish","type":"product","link":"https:\/\/tiendapadel5.com\/it\/falda-nox-pro-blanco-verde-ivy-2026\/","title":{"rendered":"Falda Nox Pro Blanco\/Verde Ivy 2026"},"content":{"rendered":"<ul>\n<li><strong>Composici\u00f3n<\/strong>: 85% poliamida, 15% elastano.<\/li>\n<\/ul>\n","protected":false},"excerpt":{"rendered":"<p>Falda PRO white\/ivy green dise\u00f1ada para aportar comodidad y funcionalidad en pista. Integra shorts interiores con bolsillo lateral para pelotas u objetos peque\u00f1os, y una cintura el\u00e1stica que mejora el ajuste y la sujeci\u00f3n durante el juego.<\/p>\n","protected":false},"featured_media":262103,"comment_status":"open","ping_status":"closed","template":"","meta":{"_joinchat":[]},"pwb-brand":[34],"product_brand":[],"product_cat":[451,96,21,47],"product_tag":[11132,405,506,11041,130,176,381],"class_list":{"0":"post-262102","1":"product","2":"type-product","3":"status-publish","4":"has-post-thumbnail","6":"pwb-brand-nox","7":"product_cat-ropa-nox","8":"product_cat-faldas","9":"product_cat-ropa-padel","10":"product_cat-mujer","11":"product_tag-11132","12":"product_tag-blanco","13":"product_tag-falda","14":"product_tag-ivy","15":"product_tag-nox","16":"product_tag-pro","17":"product_tag-verde","18":"pa_talla-l","19":"pa_talla-m","20":"pa_talla-s","21":"pa_talla-xs","23":"first","24":"instock","25":"sale","26":"taxable","27":"shipping-taxable","28":"purchasable","29":"product-type-variable"},"brands":[{"id":34,"name":"Nox","slug":"nox"}],"_links":{"self":[{"href":"https:\/\/tiendapadel5.com\/it\/wp-json\/wp\/v2\/product\/262102","targetHints":{"allow":["GET"]}}],"collection":[{"href":"https:\/\/tiendapadel5.com\/it\/wp-json\/wp\/v2\/product"}],"about":[{"href":"https:\/\/tiendapadel5.com\/it\/wp-json\/wp\/v2\/types\/product"}],"replies":[{"embeddable":true,"href":"https:\/\/tiendapadel5.com\/it\/wp-json\/wp\/v2\/comments?post=262102"}],"version-history":[{"count":2,"href":"https:\/\/tiendapadel5.com\/it\/wp-json\/wp\/v2\/product\/262102\/revisions"}],"predecessor-version":[{"id":262122,"href":"https:\/\/tiendapadel5.com\/it\/wp-json\/wp\/v2\/product\/262102\/revisions\/262122"}],"wp:featuredmedia":[{"embeddable":true,"href":"https:\/\/tiendapadel5.com\/it\/wp-json\/wp\/v2\/media\/262103"}],"wp:attachment":[{"href":"https:\/\/tiendapadel5.com\/it\/wp-json\/wp\/v2\/media?parent=262102"}],"wp:term":[{"taxonomy":"pwb-brand","embeddable":true,"href":"https:\/\/tiendapadel5.com\/it\/wp-json\/wp\/v2\/pwb-brand?post=262102"},{"taxonomy":"product_brand","embeddable":true,"href":"https:\/\/tiendapadel5.com\/it\/wp-json\/wp\/v2\/product_brand?post=262102"},{"taxonomy":"product_cat","embeddable":true,"href":"https:\/\/tiendapadel5.com\/it\/wp-json\/wp\/v2\/product_cat?post=262102"},{"taxonomy":"product_tag","embeddable":true,"href":"https:\/\/tiendapadel5.com\/it\/wp-json\/wp\/v2\/product_tag?post=262102"}],"curies":[{"name":"wp","href":"https:\/\/api.w.org\/{rel}","templated":true}]}}