{"id":257974,"date":"2026-03-26T10:27:27","date_gmt":"2026-03-26T09:27:27","guid":{"rendered":"https:\/\/tiendapadel5.com\/?post_type=product&#038;p=257974"},"modified":"2026-04-14T17:04:22","modified_gmt":"2026-04-14T15:04:22","slug":"zapatillas-adidas-avaflash-crystal-sky-ftwr-white-2026","status":"publish","type":"product","link":"https:\/\/tiendapadel5.com\/it\/zapatillas-adidas-avaflash-crystal-sky-ftwr-white-2026\/","title":{"rendered":"Zapatillas Adidas Avaflash Crystal Sky Ftwr White 2026"},"content":{"rendered":"<p>Con una sensaci\u00f3n de ligereza y un paso c\u00f3modo, estas zapatillas ofrecen un ajuste similar al de un guante alrededor del arco y la parte media del pie. La parte superior de malla y las superposiciones de piel sint\u00e9tica proporcionan un aspecto elegante y femenino, mientras que la zona de abrasi\u00f3n del aditudo garantiza la durabilidad durante los partidos intensos.<\/p>\n","protected":false},"excerpt":{"rendered":"<p>Las zapatillas de tenis Avaflash est\u00e1n dise\u00f1adas para la pr\u00f3xima generaci\u00f3n de jugadoras que quieren verse bien y jugar bien<\/p>\n","protected":false},"featured_media":258005,"comment_status":"open","ping_status":"closed","template":"","meta":{"_joinchat":[]},"pwb-brand":[28],"product_brand":[],"product_cat":[3014,3018,3017],"product_tag":[11132,2732,9553,6853,3471],"class_list":{"0":"post-257974","1":"product","2":"type-product","3":"status-publish","4":"has-post-thumbnail","6":"pwb-brand-adidas-padel","7":"product_cat-chaussures-de-padel","8":"product_cat-chaussures-de-padel-adidas","9":"product_cat-chaussures-de-padel-femme","10":"product_tag-11132","11":"product_tag-adidas-fr","12":"product_tag-avaflash","13":"product_tag-bleu-fr","14":"product_tag-zapatillas-fr","15":"pa_talla-37-1-3-fr","16":"pa_talla-38-fr","17":"pa_talla-38-2-3-fr","18":"pa_talla-39-1-3-fr","19":"pa_talla-40-fr","20":"pa_talla-40-2-3-fr","21":"pa_talla-41-1-3-fr","23":"first","24":"instock","25":"sale","26":"taxable","27":"shipping-taxable","28":"purchasable","29":"product-type-variable"},"brands":[{"id":28,"name":"Adidas Padel","slug":"adidas-padel"}],"_links":{"self":[{"href":"https:\/\/tiendapadel5.com\/it\/wp-json\/wp\/v2\/product\/257974","targetHints":{"allow":["GET"]}}],"collection":[{"href":"https:\/\/tiendapadel5.com\/it\/wp-json\/wp\/v2\/product"}],"about":[{"href":"https:\/\/tiendapadel5.com\/it\/wp-json\/wp\/v2\/types\/product"}],"replies":[{"embeddable":true,"href":"https:\/\/tiendapadel5.com\/it\/wp-json\/wp\/v2\/comments?post=257974"}],"version-history":[{"count":2,"href":"https:\/\/tiendapadel5.com\/it\/wp-json\/wp\/v2\/product\/257974\/revisions"}],"predecessor-version":[{"id":258043,"href":"https:\/\/tiendapadel5.com\/it\/wp-json\/wp\/v2\/product\/257974\/revisions\/258043"}],"wp:featuredmedia":[{"embeddable":true,"href":"https:\/\/tiendapadel5.com\/it\/wp-json\/wp\/v2\/media\/258005"}],"wp:attachment":[{"href":"https:\/\/tiendapadel5.com\/it\/wp-json\/wp\/v2\/media?parent=257974"}],"wp:term":[{"taxonomy":"pwb-brand","embeddable":true,"href":"https:\/\/tiendapadel5.com\/it\/wp-json\/wp\/v2\/pwb-brand?post=257974"},{"taxonomy":"product_brand","embeddable":true,"href":"https:\/\/tiendapadel5.com\/it\/wp-json\/wp\/v2\/product_brand?post=257974"},{"taxonomy":"product_cat","embeddable":true,"href":"https:\/\/tiendapadel5.com\/it\/wp-json\/wp\/v2\/product_cat?post=257974"},{"taxonomy":"product_tag","embeddable":true,"href":"https:\/\/tiendapadel5.com\/it\/wp-json\/wp\/v2\/product_tag?post=257974"}],"curies":[{"name":"wp","href":"https:\/\/api.w.org\/{rel}","templated":true}]}}