{"id":256584,"date":"2026-03-16T17:41:57","date_gmt":"2026-03-16T16:41:57","guid":{"rendered":"https:\/\/tiendapadel5.com\/?post_type=product&#038;p=256584"},"modified":"2026-04-15T23:17:13","modified_gmt":"2026-04-15T21:17:13","slug":"carro-portapelotas-softee-negro","status":"publish","type":"product","link":"https:\/\/tiendapadel5.com\/it\/carro-portapelotas-softee-negro\/","title":{"rendered":"Carro Portapelotas Softee Negro"},"content":{"rendered":"<p>El\u00a0<strong>CARRO PORTAPELOTAS DE TENIS PADEL SOFTEE REBOUNCE NEGRO<\/strong>\u00a0es uno de los elementos de trabajo para entrenadores de tenis y p\u00e1del m\u00e1s imprescindibles. Ideal para sensaciones intensivas de entrenamiento. Dise\u00f1ado para facilitar la recogida y el transporte de pelotas, permite mantener un ritmo constante de entreno.<\/p>\n","protected":false},"excerpt":{"rendered":"<p>El Cesto de Bolas Softee Rebounce combina ligereza y funcionalidad en la pista. La bolsa extra\u00edble se transporta c\u00f3modamente gracias a sus correas incluidas, convirti\u00e9ndolo en una opci\u00f3n pr\u00e1ctica y profesional para clases y sesiones intensivas.<\/p>\n","protected":false},"featured_media":256586,"comment_status":"open","ping_status":"closed","template":"","meta":{"_joinchat":[]},"pwb-brand":[],"product_brand":[],"product_cat":[23],"product_tag":[289,669,11565,11009],"class_list":{"0":"post-256584","1":"product","2":"type-product","3":"status-publish","4":"has-post-thumbnail","6":"product_cat-accesorios-de-padel","7":"product_tag-carro","8":"product_tag-negro","9":"product_tag-portapelotas","10":"product_tag-softee","12":"first","13":"instock","14":"sale","15":"taxable","16":"shipping-taxable","17":"purchasable","18":"product-type-simple"},"brands":[],"_links":{"self":[{"href":"https:\/\/tiendapadel5.com\/it\/wp-json\/wp\/v2\/product\/256584","targetHints":{"allow":["GET"]}}],"collection":[{"href":"https:\/\/tiendapadel5.com\/it\/wp-json\/wp\/v2\/product"}],"about":[{"href":"https:\/\/tiendapadel5.com\/it\/wp-json\/wp\/v2\/types\/product"}],"replies":[{"embeddable":true,"href":"https:\/\/tiendapadel5.com\/it\/wp-json\/wp\/v2\/comments?post=256584"}],"version-history":[{"count":1,"href":"https:\/\/tiendapadel5.com\/it\/wp-json\/wp\/v2\/product\/256584\/revisions"}],"predecessor-version":[{"id":256593,"href":"https:\/\/tiendapadel5.com\/it\/wp-json\/wp\/v2\/product\/256584\/revisions\/256593"}],"wp:featuredmedia":[{"embeddable":true,"href":"https:\/\/tiendapadel5.com\/it\/wp-json\/wp\/v2\/media\/256586"}],"wp:attachment":[{"href":"https:\/\/tiendapadel5.com\/it\/wp-json\/wp\/v2\/media?parent=256584"}],"wp:term":[{"taxonomy":"pwb-brand","embeddable":true,"href":"https:\/\/tiendapadel5.com\/it\/wp-json\/wp\/v2\/pwb-brand?post=256584"},{"taxonomy":"product_brand","embeddable":true,"href":"https:\/\/tiendapadel5.com\/it\/wp-json\/wp\/v2\/product_brand?post=256584"},{"taxonomy":"product_cat","embeddable":true,"href":"https:\/\/tiendapadel5.com\/it\/wp-json\/wp\/v2\/product_cat?post=256584"},{"taxonomy":"product_tag","embeddable":true,"href":"https:\/\/tiendapadel5.com\/it\/wp-json\/wp\/v2\/product_tag?post=256584"}],"curies":[{"name":"wp","href":"https:\/\/api.w.org\/{rel}","templated":true}]}}