{"id":256059,"date":"2026-03-12T09:53:46","date_gmt":"2026-03-12T08:53:46","guid":{"rendered":"https:\/\/tiendapadel5.com\/?post_type=product&#038;p=256059"},"modified":"2026-03-12T12:04:55","modified_gmt":"2026-03-12T11:04:55","slug":"sudadera-wilson-crewneck-gris-mujer","status":"publish","type":"product","link":"https:\/\/tiendapadel5.com\/it\/sudadera-wilson-crewneck-gris-mujer\/","title":{"rendered":"Sudadera Wilson Crewneck Gris Mujer"},"content":{"rendered":"<div class=\"product-short-description\">\n<div class=\"product-short-description\">\n<p><span style=\"font-size: 23.04px; color: #333333;\">Sudadera hombre Wilson Team Crewneck Gris<\/span><\/p>\n<\/div>\n<div class=\"ywdpd-table-discounts-wrapper\">\n<p><strong>Caracter\u00edsticas:<\/strong><\/p>\n<dl class=\"data-sheet\">\n<dt class=\"name\"><strong>COLOR:\u00a0<\/strong>Gris<\/dt>\n<dt class=\"name\"><strong>GENERO:<\/strong> Mujer<\/dt>\n<dt class=\"name\"><strong>TIPO DE TEXTIL:<\/strong>\u00a0Sudadera<\/dt>\n<\/dl>\n<\/div>\n<div class=\"ywdpd-notices-wrapper\"><\/div>\n<\/div>\n","protected":false},"excerpt":{"rendered":"<p>La Sudadera de mujer Wilson Team Crewneck Gris, es ideal para protegerte del fr\u00edo a la vez que podr\u00e1s moverte de forma c\u00f3moda.<\/p>\n","protected":false},"featured_media":256076,"comment_status":"open","ping_status":"closed","template":"","meta":{"_joinchat":[]},"pwb-brand":[37],"product_brand":[],"product_cat":[453,21,47,5907],"product_tag":[10597,221,239,517,222],"class_list":{"0":"post-256059","1":"product","2":"type-product","3":"status-publish","4":"has-post-thumbnail","6":"pwb-brand-wilson","7":"product_cat-ropa-wilson","8":"product_cat-ropa-padel","9":"product_cat-mujer","10":"product_cat-sudaderasm","11":"product_tag-crewneck","12":"product_tag-gris","13":"product_tag-mujer","14":"product_tag-sudadera","15":"product_tag-wilson","16":"pa_talla-l","17":"pa_talla-xl","19":"first","20":"instock","21":"sale","22":"taxable","23":"shipping-taxable","24":"purchasable","25":"product-type-variable"},"brands":[{"id":37,"name":"Wilson","slug":"wilson"}],"_links":{"self":[{"href":"https:\/\/tiendapadel5.com\/it\/wp-json\/wp\/v2\/product\/256059","targetHints":{"allow":["GET"]}}],"collection":[{"href":"https:\/\/tiendapadel5.com\/it\/wp-json\/wp\/v2\/product"}],"about":[{"href":"https:\/\/tiendapadel5.com\/it\/wp-json\/wp\/v2\/types\/product"}],"replies":[{"embeddable":true,"href":"https:\/\/tiendapadel5.com\/it\/wp-json\/wp\/v2\/comments?post=256059"}],"version-history":[{"count":3,"href":"https:\/\/tiendapadel5.com\/it\/wp-json\/wp\/v2\/product\/256059\/revisions"}],"predecessor-version":[{"id":256098,"href":"https:\/\/tiendapadel5.com\/it\/wp-json\/wp\/v2\/product\/256059\/revisions\/256098"}],"wp:featuredmedia":[{"embeddable":true,"href":"https:\/\/tiendapadel5.com\/it\/wp-json\/wp\/v2\/media\/256076"}],"wp:attachment":[{"href":"https:\/\/tiendapadel5.com\/it\/wp-json\/wp\/v2\/media?parent=256059"}],"wp:term":[{"taxonomy":"pwb-brand","embeddable":true,"href":"https:\/\/tiendapadel5.com\/it\/wp-json\/wp\/v2\/pwb-brand?post=256059"},{"taxonomy":"product_brand","embeddable":true,"href":"https:\/\/tiendapadel5.com\/it\/wp-json\/wp\/v2\/product_brand?post=256059"},{"taxonomy":"product_cat","embeddable":true,"href":"https:\/\/tiendapadel5.com\/it\/wp-json\/wp\/v2\/product_cat?post=256059"},{"taxonomy":"product_tag","embeddable":true,"href":"https:\/\/tiendapadel5.com\/it\/wp-json\/wp\/v2\/product_tag?post=256059"}],"curies":[{"name":"wp","href":"https:\/\/api.w.org\/{rel}","templated":true}]}}