{"id":255157,"date":"2026-03-06T12:14:37","date_gmt":"2026-03-06T11:14:37","guid":{"rendered":"https:\/\/tiendapadel5.com\/?post_type=product&#038;p=255157"},"modified":"2026-04-08T22:40:33","modified_gmt":"2026-04-08T20:40:33","slug":"pala-starvie-raptor-black-edition-2023","status":"publish","type":"product","link":"https:\/\/tiendapadel5.com\/it\/pala-starvie-raptor-black-edition-2023\/","title":{"rendered":"Pala Starvie Raptor Black Edition 2023"},"content":{"rendered":"<h3 class=\"zonadepadel\">Starvie Raptor Black Edition, caracter\u00edsticas<\/h3>\n<ul>\n<li>La Starvie Raptor Black 2023 combina un molde redondo y balance medio.<\/li>\n<li>Pala polivalente, aportando control en defensa y buena pagada cerca de la red.<\/li>\n<li>Se ha utilizado 2 tipos de carbono para darle m\u00e1s rigidez: Colours Carbon 3K\u00a0rojo con Carbon 3K.<\/li>\n<li>Permite dar m\u00e1s efecto a la bola gracias al acabado Full Plane Effect.<\/li>\n<li>Sensaciones inmejorables al golpear con la goma utilizada en el interior.<\/li>\n<li>Nuevo dise\u00f1o del puente Star Balance que reparte muy bien los pesos.<\/li>\n<li>Pala de alto rendimiento para jugadores avanzados.<\/li>\n<li>Pertenece a la serie Black Edition de palas Starvie 2023.<\/li>\n<\/ul>\n","protected":false},"excerpt":{"rendered":"<p>Compra la edici\u00f3n especial de la pala de p\u00e1del Raptor Black, un modelo que desarrollo Star Vie en 2023 con sus mejores materiales. En este caso combina una doble capa de carbono: tejido Colours Carbon 3K rojo con Carbon 3K que mejora sus prestaciones.<\/p>\n<p>Para el n\u00facleo se ha utilizado goma eva soft V30, una espuma blanda que le confiere mayor dulzura en el toque adem\u00e1s de buena salida. Tambi\u00e9n presenta rugosidad en la superficie, algo que nos ayudar\u00e1 a jugar f\u00e1cilmente golpes liftados. Para acabar presenta un dise\u00f1o Star Balance en el coraz\u00f3n, algo que mejora notablemente su manejabilidad.<\/p>\n","protected":false},"featured_media":255159,"comment_status":"open","ping_status":"closed","template":"","meta":{"_joinchat":[]},"pwb-brand":[35],"product_brand":[],"product_cat":[413,19],"product_tag":[1384,203,577,541,167],"class_list":{"0":"post-255157","1":"product","2":"type-product","3":"status-publish","4":"has-post-thumbnail","6":"pwb-brand-starvie","7":"product_cat-starvie","8":"product_cat-palas-padel","9":"product_tag-1384","10":"product_tag-black","11":"product_tag-pala","12":"product_tag-raptor","13":"product_tag-starvie","15":"first","16":"instock","17":"sale","18":"taxable","19":"shipping-taxable","20":"purchasable","21":"product-type-simple"},"brands":[{"id":35,"name":"Starvie","slug":"starvie"}],"_links":{"self":[{"href":"https:\/\/tiendapadel5.com\/it\/wp-json\/wp\/v2\/product\/255157","targetHints":{"allow":["GET"]}}],"collection":[{"href":"https:\/\/tiendapadel5.com\/it\/wp-json\/wp\/v2\/product"}],"about":[{"href":"https:\/\/tiendapadel5.com\/it\/wp-json\/wp\/v2\/types\/product"}],"replies":[{"embeddable":true,"href":"https:\/\/tiendapadel5.com\/it\/wp-json\/wp\/v2\/comments?post=255157"}],"version-history":[{"count":1,"href":"https:\/\/tiendapadel5.com\/it\/wp-json\/wp\/v2\/product\/255157\/revisions"}],"predecessor-version":[{"id":255176,"href":"https:\/\/tiendapadel5.com\/it\/wp-json\/wp\/v2\/product\/255157\/revisions\/255176"}],"wp:featuredmedia":[{"embeddable":true,"href":"https:\/\/tiendapadel5.com\/it\/wp-json\/wp\/v2\/media\/255159"}],"wp:attachment":[{"href":"https:\/\/tiendapadel5.com\/it\/wp-json\/wp\/v2\/media?parent=255157"}],"wp:term":[{"taxonomy":"pwb-brand","embeddable":true,"href":"https:\/\/tiendapadel5.com\/it\/wp-json\/wp\/v2\/pwb-brand?post=255157"},{"taxonomy":"product_brand","embeddable":true,"href":"https:\/\/tiendapadel5.com\/it\/wp-json\/wp\/v2\/product_brand?post=255157"},{"taxonomy":"product_cat","embeddable":true,"href":"https:\/\/tiendapadel5.com\/it\/wp-json\/wp\/v2\/product_cat?post=255157"},{"taxonomy":"product_tag","embeddable":true,"href":"https:\/\/tiendapadel5.com\/it\/wp-json\/wp\/v2\/product_tag?post=255157"}],"curies":[{"name":"wp","href":"https:\/\/api.w.org\/{rel}","templated":true}]}}