{"id":253492,"date":"2026-02-26T10:59:37","date_gmt":"2026-02-26T09:59:37","guid":{"rendered":"https:\/\/tiendapadel5.com\/?post_type=product&#038;p=253492"},"modified":"2026-04-17T11:59:21","modified_gmt":"2026-04-17T09:59:21","slug":"blister-12-overgrips-wilson-pro-comfort-blanco","status":"publish","type":"product","link":"https:\/\/tiendapadel5.com\/it\/blister-12-overgrips-wilson-pro-comfort-blanco\/","title":{"rendered":"Blister 12 Overgrips Wilson Pro Comfort Blanco"},"content":{"rendered":"<p><span class=\"zonadepadel\">Caracter\u00edsticas del producto<\/span><\/p>\n<ul>\n<li>La overgrips comfort se venden en un blister de 12 unidades.<\/li>\n<li>Aptos para la alta competici\u00f3n.<\/li>\n<li>Destacan por su larga duraci\u00f3n<\/li>\n<li>De color blanco para combinar con cualquier pala.<\/li>\n<li>Ideales para \u00e9pocas estivales.<\/li>\n<li>Pertenece a la colecci\u00f3n de complementos Wilson Padel.<\/li>\n<\/ul>\n","protected":false},"excerpt":{"rendered":"<p>Ve bien preparado a tus partidos en \u00e9pocas de calor con la <strong>bolsa de 12 overgrips<\/strong>\u00a0de wilson. Te garantizan un buen agarre para que la pala no resbale de las manos por el sudor. Adem\u00e1s, tambi\u00e9n podr\u00e1s adaptar la empu\u00f1adura a tus necesidades d\u00e1ndole m\u00e1s grosor. Sin duda, uno de los complementos m\u00e1s utilizados.<\/p>\n","protected":false},"featured_media":253494,"comment_status":"open","ping_status":"closed","template":"","meta":{"_joinchat":[]},"pwb-brand":[37],"product_brand":[],"product_cat":[426,23],"product_tag":[4482,405,1375,222],"class_list":{"0":"post-253492","1":"product","2":"type-product","3":"status-publish","4":"has-post-thumbnail","6":"pwb-brand-wilson","7":"product_cat-complementos-wilson","8":"product_cat-accesorios-de-padel","9":"product_tag-4482","10":"product_tag-blanco","11":"product_tag-overgrips","12":"product_tag-wilson","14":"first","15":"instock","16":"sale","17":"taxable","18":"shipping-taxable","19":"purchasable","20":"product-type-simple"},"brands":[{"id":37,"name":"Wilson","slug":"wilson"}],"_links":{"self":[{"href":"https:\/\/tiendapadel5.com\/it\/wp-json\/wp\/v2\/product\/253492","targetHints":{"allow":["GET"]}}],"collection":[{"href":"https:\/\/tiendapadel5.com\/it\/wp-json\/wp\/v2\/product"}],"about":[{"href":"https:\/\/tiendapadel5.com\/it\/wp-json\/wp\/v2\/types\/product"}],"replies":[{"embeddable":true,"href":"https:\/\/tiendapadel5.com\/it\/wp-json\/wp\/v2\/comments?post=253492"}],"version-history":[{"count":2,"href":"https:\/\/tiendapadel5.com\/it\/wp-json\/wp\/v2\/product\/253492\/revisions"}],"predecessor-version":[{"id":259013,"href":"https:\/\/tiendapadel5.com\/it\/wp-json\/wp\/v2\/product\/253492\/revisions\/259013"}],"wp:featuredmedia":[{"embeddable":true,"href":"https:\/\/tiendapadel5.com\/it\/wp-json\/wp\/v2\/media\/253494"}],"wp:attachment":[{"href":"https:\/\/tiendapadel5.com\/it\/wp-json\/wp\/v2\/media?parent=253492"}],"wp:term":[{"taxonomy":"pwb-brand","embeddable":true,"href":"https:\/\/tiendapadel5.com\/it\/wp-json\/wp\/v2\/pwb-brand?post=253492"},{"taxonomy":"product_brand","embeddable":true,"href":"https:\/\/tiendapadel5.com\/it\/wp-json\/wp\/v2\/product_brand?post=253492"},{"taxonomy":"product_cat","embeddable":true,"href":"https:\/\/tiendapadel5.com\/it\/wp-json\/wp\/v2\/product_cat?post=253492"},{"taxonomy":"product_tag","embeddable":true,"href":"https:\/\/tiendapadel5.com\/it\/wp-json\/wp\/v2\/product_tag?post=253492"}],"curies":[{"name":"wp","href":"https:\/\/api.w.org\/{rel}","templated":true}]}}