{"id":252205,"date":"2026-02-20T12:26:54","date_gmt":"2026-02-20T11:26:54","guid":{"rendered":"https:\/\/tiendapadel5.com\/?post_type=product&#038;p=252205"},"modified":"2026-03-17T10:20:35","modified_gmt":"2026-03-17T09:20:35","slug":"camiseta-tirantes-head-petite-play-tech-verde-2026","status":"publish","type":"product","link":"https:\/\/tiendapadel5.com\/it\/camiseta-tirantes-head-petite-play-tech-verde-2026\/","title":{"rendered":"Camiseta Tirantes Head Petite Play Tech Verde 2026"},"content":{"rendered":"<p><span dir=\"auto\">El PETITE PLAY TECH TANK TOP, que se ci\u00f1e al cuerpo, est\u00e1 confeccionado en un tejido de single jersey 100 % poli\u00e9ster con un efecto melange especial, y tiene un escote profundo que le aporta un aspecto deportivo y femenino. Adem\u00e1s, cuenta con la comodidad de la tecnolog\u00eda Moisture Transfer Microfibra, que aporta un efecto de enfriamiento y ayuda a que el tejido se seque r\u00e1pidamente, junto con inserciones de malla cerrada que mejoran la transpirabilidad y ayudan a mantenerte fresco en la pista. La marca HEAD y el logo Wishbone realzan el aspecto atl\u00e9tico de primera calidad.<\/span><\/p>\n<ul>\n<li><span dir=\"auto\"> Single jersey 100 % poli\u00e9ster y melange con wicking<\/span><\/li>\n<li><span dir=\"auto\"> Camiseta sin mangas que se ci\u00f1e al cuerpo<\/span><\/li>\n<li><span dir=\"auto\"> Inserciones de malla cerrada<\/span><\/li>\n<li><span dir=\"auto\"> Escote profundo femenino<\/span><\/li>\n<li><span dir=\"auto\"> Ajuste diferente para mujeres esbeltas<\/span><\/li>\n<li><span dir=\"auto\"> Tecnolog\u00eda Microfibra de Transferencia de Humedad<\/span><\/li>\n<\/ul>\n","protected":false},"excerpt":{"rendered":"<p><span dir=\"auto\">El PETITE PLAY TECH TANK TOP para mujer, que se ajusta al cuerpo, est\u00e1 dise\u00f1ado para mujeres esbeltas y ofrece un estilo femenino y deportivo junto con transpirabilidad y tecnolog\u00eda de enfriamiento.<\/span><\/p>\n","protected":false},"featured_media":252207,"comment_status":"open","ping_status":"closed","template":"","meta":{"_joinchat":[]},"pwb-brand":[33],"product_brand":[],"product_cat":[449,5903,21,47],"product_tag":[11132,83,160,597,381],"class_list":{"0":"post-252205","1":"product","2":"type-product","3":"status-publish","4":"has-post-thumbnail","6":"pwb-brand-head","7":"product_cat-ropa-head","8":"product_cat-camisetass","9":"product_cat-ropa-padel","10":"product_cat-mujer","11":"product_tag-11132","12":"product_tag-camiseta","13":"product_tag-head","14":"product_tag-tirantes","15":"product_tag-verde","16":"pa_talla-l","17":"pa_talla-m","18":"pa_talla-s","19":"pa_talla-xl","20":"pa_talla-xs","22":"first","23":"instock","24":"sale","25":"taxable","26":"shipping-taxable","27":"purchasable","28":"product-type-variable"},"brands":[{"id":33,"name":"Head","slug":"head"}],"_links":{"self":[{"href":"https:\/\/tiendapadel5.com\/it\/wp-json\/wp\/v2\/product\/252205","targetHints":{"allow":["GET"]}}],"collection":[{"href":"https:\/\/tiendapadel5.com\/it\/wp-json\/wp\/v2\/product"}],"about":[{"href":"https:\/\/tiendapadel5.com\/it\/wp-json\/wp\/v2\/types\/product"}],"replies":[{"embeddable":true,"href":"https:\/\/tiendapadel5.com\/it\/wp-json\/wp\/v2\/comments?post=252205"}],"version-history":[{"count":1,"href":"https:\/\/tiendapadel5.com\/it\/wp-json\/wp\/v2\/product\/252205\/revisions"}],"predecessor-version":[{"id":252225,"href":"https:\/\/tiendapadel5.com\/it\/wp-json\/wp\/v2\/product\/252205\/revisions\/252225"}],"wp:featuredmedia":[{"embeddable":true,"href":"https:\/\/tiendapadel5.com\/it\/wp-json\/wp\/v2\/media\/252207"}],"wp:attachment":[{"href":"https:\/\/tiendapadel5.com\/it\/wp-json\/wp\/v2\/media?parent=252205"}],"wp:term":[{"taxonomy":"pwb-brand","embeddable":true,"href":"https:\/\/tiendapadel5.com\/it\/wp-json\/wp\/v2\/pwb-brand?post=252205"},{"taxonomy":"product_brand","embeddable":true,"href":"https:\/\/tiendapadel5.com\/it\/wp-json\/wp\/v2\/product_brand?post=252205"},{"taxonomy":"product_cat","embeddable":true,"href":"https:\/\/tiendapadel5.com\/it\/wp-json\/wp\/v2\/product_cat?post=252205"},{"taxonomy":"product_tag","embeddable":true,"href":"https:\/\/tiendapadel5.com\/it\/wp-json\/wp\/v2\/product_tag?post=252205"}],"curies":[{"name":"wp","href":"https:\/\/api.w.org\/{rel}","templated":true}]}}