{"id":251912,"date":"2026-02-20T11:04:05","date_gmt":"2026-02-20T10:04:05","guid":{"rendered":"https:\/\/tiendapadel5.com\/?post_type=product&#038;p=251912"},"modified":"2026-03-17T10:22:54","modified_gmt":"2026-03-17T09:22:54","slug":"pantalones-cortos-head-power-turquesa-2026","status":"publish","type":"product","link":"https:\/\/tiendapadel5.com\/it\/pantalones-cortos-head-power-turquesa-2026\/","title":{"rendered":"Pantalones Cortos Head Power Turquesa 2026"},"content":{"rendered":"<p><span dir=\"auto\">El estilo moderno, deportivo y de primera calidad se combina con una comodidad avanzada y s\u00faper el\u00e1stica en los POWER SHORTS para hombre. El innovador tejido el\u00e1stico en 4 direcciones te permite moverte libre y f\u00e1cilmente por la pista. Para que te sientas fresco, los pantalones cortos est\u00e1n dise\u00f1ados con la tecnolog\u00eda de alto rendimiento Moisture Transfer Microfibra, que aporta un efecto de enfriamiento y ayuda a que el tejido se seque r\u00e1pidamente, mientras que las inserciones de malla cerradas en los laterales mejoran la transpirabilidad. La cintura el\u00e1stica con cord\u00f3n de ajuste te permite personalizar tu comodidad y puedes guardar las pelotas de tenis en los bolsillos sin cordones. Los POWER SHORTS est\u00e1n decorados con la marca HEAD, que le da un toque deportivo.<\/span><\/p>\n<ul>\n<li><span dir=\"auto\"> Tejido con elasticidad en 4 direcciones 100 % poli\u00e9ster y con absorci\u00f3n de humedad<\/span><\/li>\n<li><span dir=\"auto\"> Cintura el\u00e1stica con ajuste de cord\u00f3n.<\/span><\/li>\n<li><span dir=\"auto\"> Bolsillos deslizantes<\/span><\/li>\n<li><span dir=\"auto\"> Inserciones de malla cerrada en los laterales para mejorar la transpirabilidad<\/span><\/li>\n<li><span dir=\"auto\"> Tecnolog\u00eda Microfibra de Transferencia de Humedad<\/span><\/li>\n<\/ul>\n","protected":false},"excerpt":{"rendered":"<section class=\"ProductFullDetail-description-gjh\">\n<div class=\"richContent-root-CMO\"><span dir=\"auto\">Para facilitar los movimientos en la pista, los POWER SHORTS para hombre, deportivos y elegantes, est\u00e1n confeccionados con un innovador tejido el\u00e1stico en 4 direcciones.<\/span><\/div>\n<\/section>\n<section class=\"ProductFullDetail-techSpecs-8ET\">\n<div><\/div>\n<\/section>\n","protected":false},"featured_media":251914,"comment_status":"open","ping_status":"closed","template":"","meta":{"_joinchat":[]},"pwb-brand":[33],"product_brand":[],"product_cat":[449,102,21,46],"product_tag":[11132,402,160,401,189,1371],"class_list":{"0":"post-251912","1":"product","2":"type-product","3":"status-publish","4":"has-post-thumbnail","6":"pwb-brand-head","7":"product_cat-ropa-head","8":"product_cat-pantalones-cortos","9":"product_cat-ropa-padel","10":"product_cat-hombre","11":"product_tag-11132","12":"product_tag-corto","13":"product_tag-head","14":"product_tag-pantalon","15":"product_tag-power","16":"product_tag-turquesa","17":"pa_talla-l","18":"pa_talla-m","19":"pa_talla-s","20":"pa_talla-xl","22":"first","23":"instock","24":"sale","25":"taxable","26":"shipping-taxable","27":"purchasable","28":"product-type-variable"},"brands":[{"id":33,"name":"Head","slug":"head"}],"_links":{"self":[{"href":"https:\/\/tiendapadel5.com\/it\/wp-json\/wp\/v2\/product\/251912","targetHints":{"allow":["GET"]}}],"collection":[{"href":"https:\/\/tiendapadel5.com\/it\/wp-json\/wp\/v2\/product"}],"about":[{"href":"https:\/\/tiendapadel5.com\/it\/wp-json\/wp\/v2\/types\/product"}],"replies":[{"embeddable":true,"href":"https:\/\/tiendapadel5.com\/it\/wp-json\/wp\/v2\/comments?post=251912"}],"version-history":[{"count":1,"href":"https:\/\/tiendapadel5.com\/it\/wp-json\/wp\/v2\/product\/251912\/revisions"}],"predecessor-version":[{"id":251939,"href":"https:\/\/tiendapadel5.com\/it\/wp-json\/wp\/v2\/product\/251912\/revisions\/251939"}],"wp:featuredmedia":[{"embeddable":true,"href":"https:\/\/tiendapadel5.com\/it\/wp-json\/wp\/v2\/media\/251914"}],"wp:attachment":[{"href":"https:\/\/tiendapadel5.com\/it\/wp-json\/wp\/v2\/media?parent=251912"}],"wp:term":[{"taxonomy":"pwb-brand","embeddable":true,"href":"https:\/\/tiendapadel5.com\/it\/wp-json\/wp\/v2\/pwb-brand?post=251912"},{"taxonomy":"product_brand","embeddable":true,"href":"https:\/\/tiendapadel5.com\/it\/wp-json\/wp\/v2\/product_brand?post=251912"},{"taxonomy":"product_cat","embeddable":true,"href":"https:\/\/tiendapadel5.com\/it\/wp-json\/wp\/v2\/product_cat?post=251912"},{"taxonomy":"product_tag","embeddable":true,"href":"https:\/\/tiendapadel5.com\/it\/wp-json\/wp\/v2\/product_tag?post=251912"}],"curies":[{"name":"wp","href":"https:\/\/api.w.org\/{rel}","templated":true}]}}