{"id":251814,"date":"2026-02-20T10:18:24","date_gmt":"2026-02-20T09:18:24","guid":{"rendered":"https:\/\/tiendapadel5.com\/?post_type=product&#038;p=251814"},"modified":"2026-03-17T10:23:29","modified_gmt":"2026-03-17T09:23:29","slug":"camiseta-head-vision-blanco-morado-2026","status":"publish","type":"product","link":"https:\/\/tiendapadel5.com\/it\/camiseta-head-vision-blanco-morado-2026\/","title":{"rendered":"Camiseta Head Vision Blanco\/Morado 2026"},"content":{"rendered":"<p><span dir=\"auto\">Luce y si\u00e9ntete fresco y deportivo con la VISION T-SHIRT para hombre, que incluye un colorido estampado \u00abHEAD Sportswear\u00bb en la parte delantera, con el cuello redondo de canal\u00e9 y la etiqueta de bandera en forma de espoleta en la manga izquierda que realza su aspecto deportivo y de primera calidad. El estilo din\u00e1mico viene acompa\u00f1ado de un confort moderno con esta camiseta confeccionada con una mezcla t\u00e9cnica de poli\u00e9ster, algod\u00f3n y elastano para aumentar las propiedades de absorci\u00f3n de la humedad, as\u00ed como dar un toque de elasticidad. A medida que el partido se vuelve m\u00e1s intenso, apreciar\u00e1s el alto rendimiento de la tecnolog\u00eda Moisture Transfer Microfibra que aporta un efecto de enfriamiento y ayuda a que el tejido se seque r\u00e1pidamente.<\/span><\/p>\n<ul>\n<li><span dir=\"auto\"> Mezcla t\u00e9cnica de poli\u00e9ster, algod\u00f3n y elastano para aumentar las propiedades de absorci\u00f3n de la humedad y la elasticidad.<\/span><\/li>\n<li><span dir=\"auto\"> Cuello redondo acanalado<\/span><\/li>\n<li><span dir=\"auto\"> Estampado en el panel frontal<\/span><\/li>\n<li><span dir=\"auto\"> Wishbone flag label en la manga izquierda<\/span><\/li>\n<li><span dir=\"auto\"> Tecnolog\u00eda Microfibra de Transferencia de Humedad<\/span><\/li>\n<\/ul>\n","protected":false},"excerpt":{"rendered":"<section class=\"ProductFullDetail-description-gjh\">\n<div class=\"richContent-root-CMO\"><span dir=\"auto\">Con el estampado grande y colorido de \u00abHEAD Sportswear\u00bb, la VISION T-SHIRT para hombre ofrece un estilo fresco, din\u00e1mico y deportivo junto con una comodidad moderna y atl\u00e9tica.<\/span><\/div>\n<\/section>\n<section class=\"ProductFullDetail-techSpecs-8ET\">\n<div><\/div>\n<\/section>\n","protected":false},"featured_media":251815,"comment_status":"open","ping_status":"closed","template":"","meta":{"_joinchat":[]},"pwb-brand":[33],"product_brand":[],"product_cat":[449,87,21,46],"product_tag":[405,83,11544,160,11543],"class_list":{"0":"post-251814","1":"product","2":"type-product","3":"status-publish","4":"has-post-thumbnail","6":"pwb-brand-head","7":"product_cat-ropa-head","8":"product_cat-camisetas","9":"product_cat-ropa-padel","10":"product_cat-hombre","11":"product_tag-blanco","12":"product_tag-camiseta","13":"product_tag-estampado","14":"product_tag-head","15":"product_tag-vision","16":"pa_talla-l","17":"pa_talla-m","18":"pa_talla-s","19":"pa_talla-xl","21":"first","22":"instock","23":"sale","24":"taxable","25":"shipping-taxable","26":"purchasable","27":"product-type-variable"},"brands":[{"id":33,"name":"Head","slug":"head"}],"_links":{"self":[{"href":"https:\/\/tiendapadel5.com\/it\/wp-json\/wp\/v2\/product\/251814","targetHints":{"allow":["GET"]}}],"collection":[{"href":"https:\/\/tiendapadel5.com\/it\/wp-json\/wp\/v2\/product"}],"about":[{"href":"https:\/\/tiendapadel5.com\/it\/wp-json\/wp\/v2\/types\/product"}],"replies":[{"embeddable":true,"href":"https:\/\/tiendapadel5.com\/it\/wp-json\/wp\/v2\/comments?post=251814"}],"version-history":[{"count":2,"href":"https:\/\/tiendapadel5.com\/it\/wp-json\/wp\/v2\/product\/251814\/revisions"}],"predecessor-version":[{"id":251835,"href":"https:\/\/tiendapadel5.com\/it\/wp-json\/wp\/v2\/product\/251814\/revisions\/251835"}],"wp:featuredmedia":[{"embeddable":true,"href":"https:\/\/tiendapadel5.com\/it\/wp-json\/wp\/v2\/media\/251815"}],"wp:attachment":[{"href":"https:\/\/tiendapadel5.com\/it\/wp-json\/wp\/v2\/media?parent=251814"}],"wp:term":[{"taxonomy":"pwb-brand","embeddable":true,"href":"https:\/\/tiendapadel5.com\/it\/wp-json\/wp\/v2\/pwb-brand?post=251814"},{"taxonomy":"product_brand","embeddable":true,"href":"https:\/\/tiendapadel5.com\/it\/wp-json\/wp\/v2\/product_brand?post=251814"},{"taxonomy":"product_cat","embeddable":true,"href":"https:\/\/tiendapadel5.com\/it\/wp-json\/wp\/v2\/product_cat?post=251814"},{"taxonomy":"product_tag","embeddable":true,"href":"https:\/\/tiendapadel5.com\/it\/wp-json\/wp\/v2\/product_tag?post=251814"}],"curies":[{"name":"wp","href":"https:\/\/api.w.org\/{rel}","templated":true}]}}