{"id":248479,"date":"2026-02-11T11:04:22","date_gmt":"2026-02-11T10:04:22","guid":{"rendered":"https:\/\/tiendapadel5.com\/?post_type=product&#038;p=248479"},"modified":"2026-04-30T11:56:21","modified_gmt":"2026-04-30T09:56:21","slug":"munequeras-bullpadel-bpmu253-i-azabache-albaricoque","status":"publish","type":"product","link":"https:\/\/tiendapadel5.com\/it\/munequeras-bullpadel-bpmu253-i-azabache-albaricoque\/","title":{"rendered":"Mu\u00f1equeras Bullpadel BPMU253 I Azabache Albaricoque"},"content":{"rendered":"<p>Con una mezcla de algod\u00f3n y poli\u00e9ster, absorben r\u00e1pidamente el sudor y mantienen las manos secas para un agarre seguro de la pala. Su tacto suave previene rozaduras y ofrece ligereza durante el juego. Dise\u00f1adas para entrenamientos y partidos, ofrecen retenci\u00f3n de calor suave que cuida las articulaciones y aporta comodidad durante largas sesiones.<\/p>\n","protected":false},"excerpt":{"rendered":"<p>Mu\u00f1equeras Bullpadel BPMU253 I Azabache Albaricoque ofrecen m\u00e1xima absorci\u00f3n y confort para entrenamientos intensos.<\/p>\n","protected":false},"featured_media":248481,"comment_status":"open","ping_status":"closed","template":"","meta":{"_joinchat":[]},"pwb-brand":[31],"product_brand":[],"product_cat":[420,23,4412],"product_tag":[9781,1107,9996,319,674],"class_list":{"0":"post-248479","1":"product","2":"type-product","3":"status-publish","4":"has-post-thumbnail","6":"pwb-brand-bullpadel","7":"product_cat-complementos-bullpadel","8":"product_cat-accesorios-de-padel","9":"product_cat-munequeras","10":"product_tag-9781","11":"product_tag-albaricoque","12":"product_tag-azabache","13":"product_tag-bullpadel","14":"product_tag-munequeras","16":"first","17":"instock","18":"sale","19":"taxable","20":"shipping-taxable","21":"purchasable","22":"product-type-simple"},"brands":[{"id":31,"name":"Bullpadel","slug":"bullpadel"}],"_links":{"self":[{"href":"https:\/\/tiendapadel5.com\/it\/wp-json\/wp\/v2\/product\/248479","targetHints":{"allow":["GET"]}}],"collection":[{"href":"https:\/\/tiendapadel5.com\/it\/wp-json\/wp\/v2\/product"}],"about":[{"href":"https:\/\/tiendapadel5.com\/it\/wp-json\/wp\/v2\/types\/product"}],"replies":[{"embeddable":true,"href":"https:\/\/tiendapadel5.com\/it\/wp-json\/wp\/v2\/comments?post=248479"}],"version-history":[{"count":1,"href":"https:\/\/tiendapadel5.com\/it\/wp-json\/wp\/v2\/product\/248479\/revisions"}],"predecessor-version":[{"id":248488,"href":"https:\/\/tiendapadel5.com\/it\/wp-json\/wp\/v2\/product\/248479\/revisions\/248488"}],"wp:featuredmedia":[{"embeddable":true,"href":"https:\/\/tiendapadel5.com\/it\/wp-json\/wp\/v2\/media\/248481"}],"wp:attachment":[{"href":"https:\/\/tiendapadel5.com\/it\/wp-json\/wp\/v2\/media?parent=248479"}],"wp:term":[{"taxonomy":"pwb-brand","embeddable":true,"href":"https:\/\/tiendapadel5.com\/it\/wp-json\/wp\/v2\/pwb-brand?post=248479"},{"taxonomy":"product_brand","embeddable":true,"href":"https:\/\/tiendapadel5.com\/it\/wp-json\/wp\/v2\/product_brand?post=248479"},{"taxonomy":"product_cat","embeddable":true,"href":"https:\/\/tiendapadel5.com\/it\/wp-json\/wp\/v2\/product_cat?post=248479"},{"taxonomy":"product_tag","embeddable":true,"href":"https:\/\/tiendapadel5.com\/it\/wp-json\/wp\/v2\/product_tag?post=248479"}],"curies":[{"name":"wp","href":"https:\/\/api.w.org\/{rel}","templated":true}]}}