{"id":248345,"date":"2026-02-10T12:42:24","date_gmt":"2026-02-10T11:42:24","guid":{"rendered":"https:\/\/tiendapadel5.com\/?post_type=product&#038;p=248345"},"modified":"2026-04-21T08:47:15","modified_gmt":"2026-04-21T06:47:15","slug":"wilson-optix-v2-power-blue","status":"publish","type":"product","link":"https:\/\/tiendapadel5.com\/it\/wilson-optix-v2-power-blue\/","title":{"rendered":"Wilson Optix V2 Power Blue"},"content":{"rendered":"<p>La pala de p\u00e1del Optix V2 Power de Wilson te ayuda a mantener el ritmo en los peloteos. Est\u00e1 dise\u00f1ada para jugadores ocasionales con experiencia en deportes de raqueta que buscan una pala que ofrezca potencia y comodidad. Dise\u00f1ada para una gran sensaci\u00f3n desde el primer momento, el marco de fibra de vidrio ofrece una combinaci\u00f3n de comodidad y capacidad de respuesta. El marco en forma de l\u00e1grima cuenta con un amplio punto dulce y ofrece una sensaci\u00f3n suave y c\u00f3moda al contacto.<\/p>\n","protected":false},"excerpt":{"rendered":"<div class=\"row\">\n<div class=\"col-xs-12\">\n<p><span dir=\"auto\">Una pala dise\u00f1ada para jugadores ocasionales, c\u00f3moda, con potencia y capacidad de respuesta.<\/span><\/p>\n<p>&nbsp;<\/p>\n<\/div>\n<\/div>\n<div class=\"row\"><\/div>\n","protected":false},"featured_media":248346,"comment_status":"open","ping_status":"closed","template":"","meta":{"_joinchat":[]},"pwb-brand":[37],"product_brand":[],"product_cat":[415,19,11134],"product_tag":[11132,295,10742,577,11492,222],"class_list":{"0":"post-248345","1":"product","2":"type-product","3":"status-publish","4":"has-post-thumbnail","6":"pwb-brand-wilson","7":"product_cat-wilson","8":"product_cat-palas-padel","9":"product_cat-11134","10":"product_tag-11132","11":"product_tag-azul","12":"product_tag-optix","13":"product_tag-pala","14":"product_tag-pwoer","15":"product_tag-wilson","17":"first","18":"instock","19":"sale","20":"taxable","21":"shipping-taxable","22":"purchasable","23":"product-type-simple"},"brands":[{"id":37,"name":"Wilson","slug":"wilson"}],"_links":{"self":[{"href":"https:\/\/tiendapadel5.com\/it\/wp-json\/wp\/v2\/product\/248345","targetHints":{"allow":["GET"]}}],"collection":[{"href":"https:\/\/tiendapadel5.com\/it\/wp-json\/wp\/v2\/product"}],"about":[{"href":"https:\/\/tiendapadel5.com\/it\/wp-json\/wp\/v2\/types\/product"}],"replies":[{"embeddable":true,"href":"https:\/\/tiendapadel5.com\/it\/wp-json\/wp\/v2\/comments?post=248345"}],"version-history":[{"count":2,"href":"https:\/\/tiendapadel5.com\/it\/wp-json\/wp\/v2\/product\/248345\/revisions"}],"predecessor-version":[{"id":248371,"href":"https:\/\/tiendapadel5.com\/it\/wp-json\/wp\/v2\/product\/248345\/revisions\/248371"}],"wp:featuredmedia":[{"embeddable":true,"href":"https:\/\/tiendapadel5.com\/it\/wp-json\/wp\/v2\/media\/248346"}],"wp:attachment":[{"href":"https:\/\/tiendapadel5.com\/it\/wp-json\/wp\/v2\/media?parent=248345"}],"wp:term":[{"taxonomy":"pwb-brand","embeddable":true,"href":"https:\/\/tiendapadel5.com\/it\/wp-json\/wp\/v2\/pwb-brand?post=248345"},{"taxonomy":"product_brand","embeddable":true,"href":"https:\/\/tiendapadel5.com\/it\/wp-json\/wp\/v2\/product_brand?post=248345"},{"taxonomy":"product_cat","embeddable":true,"href":"https:\/\/tiendapadel5.com\/it\/wp-json\/wp\/v2\/product_cat?post=248345"},{"taxonomy":"product_tag","embeddable":true,"href":"https:\/\/tiendapadel5.com\/it\/wp-json\/wp\/v2\/product_tag?post=248345"}],"curies":[{"name":"wp","href":"https:\/\/api.w.org\/{rel}","templated":true}]}}