{"id":246697,"date":"2026-02-01T02:36:43","date_gmt":"2026-02-01T01:36:43","guid":{"rendered":"https:\/\/tiendapadel5.com\/?post_type=product&#038;p=246697"},"modified":"2026-04-16T12:57:43","modified_gmt":"2026-04-16T10:57:43","slug":"calcetines-adidas-tennis-crw-white-black-2026","status":"publish","type":"product","link":"https:\/\/tiendapadel5.com\/it\/calcetines-adidas-tennis-crw-white-black-2026\/","title":{"rendered":"Calcetines Adidas Tennis CRW White\/Black 2026"},"content":{"rendered":"<h2>Calcetines Adidas Tennis CRW White\/Black 2026<\/h2>\n<p><strong>Caracter\u00edsticas:<\/strong><\/p>\n<div class=\"qMOFyE\"><strong>Material exterior:\u00a0<\/strong>62% poli\u00e9ster, 35% poliamida, 3% elastano<\/div>\n<div class=\"qMOFyE\"><strong>Material\/composici\u00f3n:<\/strong>\u00a0Punto<\/div>\n<div class=\"qMOFyE\"><strong>Partes no textiles de origen animal:<\/strong>\u00a0No<\/div>\n<div class=\"\"><strong>Cuidados:\u00a0<\/strong>Lavar a m\u00e1quina a 30 \u00b0C<\/div>\n<p>&nbsp;<\/p>\n","protected":false},"excerpt":{"rendered":"<p>Los Calcetines Adidas Tennis CRW White\/Black 2026, est\u00e1n pensados para ofrecerte la m\u00e1xima comodidad y un gran rendimiento. Aportan buena amortiguaci\u00f3n y controlan la humedad para que tus pies se mantengan secos y c\u00f3modos incluso en los partidos m\u00e1s intensos. Adem\u00e1s, sus canales reducen el volumen y su ajuste ce\u00f1ido da estabilidad y confort en cada paso.<\/p>\n","protected":false},"featured_media":246712,"comment_status":"open","ping_status":"closed","template":"","meta":{"_joinchat":[]},"pwb-brand":[28],"product_brand":[],"product_cat":[21,4405,4948,46],"product_tag":[11132,143,203,399,966,11476,519],"class_list":{"0":"post-246697","1":"product","2":"type-product","3":"status-publish","4":"has-post-thumbnail","6":"pwb-brand-adidas-padel","7":"product_cat-ropa-padel","8":"product_cat-calcetines","9":"product_cat-ropa-adidas","10":"product_cat-hombre","11":"product_tag-11132","12":"product_tag-adidas","13":"product_tag-black","14":"product_tag-calcetines","15":"product_tag-crw","16":"product_tag-tennis","17":"product_tag-white","18":"pa_talla-l-43-45","19":"pa_talla-m-40-42","20":"pa_talla-s-37-39","21":"pa_talla-xl-46-48","23":"first","24":"instock","25":"sale","26":"taxable","27":"shipping-taxable","28":"purchasable","29":"product-type-variable"},"brands":[{"id":28,"name":"Adidas Padel","slug":"adidas-padel"}],"_links":{"self":[{"href":"https:\/\/tiendapadel5.com\/it\/wp-json\/wp\/v2\/product\/246697","targetHints":{"allow":["GET"]}}],"collection":[{"href":"https:\/\/tiendapadel5.com\/it\/wp-json\/wp\/v2\/product"}],"about":[{"href":"https:\/\/tiendapadel5.com\/it\/wp-json\/wp\/v2\/types\/product"}],"replies":[{"embeddable":true,"href":"https:\/\/tiendapadel5.com\/it\/wp-json\/wp\/v2\/comments?post=246697"}],"version-history":[{"count":1,"href":"https:\/\/tiendapadel5.com\/it\/wp-json\/wp\/v2\/product\/246697\/revisions"}],"predecessor-version":[{"id":246724,"href":"https:\/\/tiendapadel5.com\/it\/wp-json\/wp\/v2\/product\/246697\/revisions\/246724"}],"wp:featuredmedia":[{"embeddable":true,"href":"https:\/\/tiendapadel5.com\/it\/wp-json\/wp\/v2\/media\/246712"}],"wp:attachment":[{"href":"https:\/\/tiendapadel5.com\/it\/wp-json\/wp\/v2\/media?parent=246697"}],"wp:term":[{"taxonomy":"pwb-brand","embeddable":true,"href":"https:\/\/tiendapadel5.com\/it\/wp-json\/wp\/v2\/pwb-brand?post=246697"},{"taxonomy":"product_brand","embeddable":true,"href":"https:\/\/tiendapadel5.com\/it\/wp-json\/wp\/v2\/product_brand?post=246697"},{"taxonomy":"product_cat","embeddable":true,"href":"https:\/\/tiendapadel5.com\/it\/wp-json\/wp\/v2\/product_cat?post=246697"},{"taxonomy":"product_tag","embeddable":true,"href":"https:\/\/tiendapadel5.com\/it\/wp-json\/wp\/v2\/product_tag?post=246697"}],"curies":[{"name":"wp","href":"https:\/\/api.w.org\/{rel}","templated":true}]}}