{"id":246117,"date":"2026-01-30T12:39:18","date_gmt":"2026-01-30T11:39:18","guid":{"rendered":"https:\/\/tiendapadel5.com\/?post_type=product&#038;p=246117"},"modified":"2026-04-07T11:23:58","modified_gmt":"2026-04-07T09:23:58","slug":"head-coello-vibe-2026","status":"publish","type":"product","link":"https:\/\/tiendapadel5.com\/it\/head-coello-vibe-2026\/","title":{"rendered":"Head Coello Vibe 2026"},"content":{"rendered":"<h2>Head Coello Vibe 2026<\/h2>\n<p><strong>Caracter\u00edsticas:<\/strong><\/p>\n<ul class=\"productInformation-specsBlock-gga\">\n<li>\n<div class=\"productInformation-title-VwF\"><strong>Forma:<\/strong> Teardrop OS<\/div>\n<\/li>\n<li>\n<div class=\"productInformation-title-VwF\"><strong>Peso:<\/strong> 355 g \/ 12.5 oz<\/div>\n<\/li>\n<li>\n<div class=\"productInformation-title-VwF\"><strong>Tama\u00f1o de cabeza:<\/strong> 525 cm\u00b2 \/ 81 in\u00b2<\/div>\n<\/li>\n<li>\n<div class=\"productInformation-title-VwF\"><strong>Equilibrio:<\/strong> 272.0 mm<\/div>\n<\/li>\n<li>\n<div class=\"productInformation-title-VwF\"><strong>Beam:<\/strong> 38 mm \/ 1.5 in<\/div>\n<\/li>\n<li>\n<div class=\"productInformation-title-VwF\"><strong>Superficie de golpeo:<\/strong> Fibra de vidrio<\/div>\n<\/li>\n<\/ul>\n","protected":false},"excerpt":{"rendered":"<p>La Pala Head Coello Vibe 2026, ofrece potencia f\u00e1cil y un punto dulce amplio, perfecta para principiantes y jugadores ocasionales que quieren disfrutar m\u00e1s del juego desde el primer d\u00eda.<\/p>\n","protected":false},"featured_media":246132,"comment_status":"open","ping_status":"closed","template":"","meta":{"_joinchat":[]},"pwb-brand":[33],"product_brand":[],"product_cat":[19,11134,411],"product_tag":[11132,9548,160,10601],"class_list":{"0":"post-246117","1":"product","2":"type-product","3":"status-publish","4":"has-post-thumbnail","6":"pwb-brand-head","7":"product_cat-palas-padel","8":"product_cat-11134","9":"product_cat-head","10":"product_tag-11132","11":"product_tag-coello","12":"product_tag-head","13":"product_tag-vibe","14":"pa_forma-lagrima","15":"pa_marco-fibra-de-vidrio","16":"pa_nivel-de-juego-iniciacion","17":"pa_tipo-de-juego-potencia","19":"first","20":"instock","21":"sale","22":"taxable","23":"shipping-taxable","24":"purchasable","25":"product-type-simple"},"brands":[{"id":33,"name":"Head","slug":"head"}],"_links":{"self":[{"href":"https:\/\/tiendapadel5.com\/it\/wp-json\/wp\/v2\/product\/246117","targetHints":{"allow":["GET"]}}],"collection":[{"href":"https:\/\/tiendapadel5.com\/it\/wp-json\/wp\/v2\/product"}],"about":[{"href":"https:\/\/tiendapadel5.com\/it\/wp-json\/wp\/v2\/types\/product"}],"replies":[{"embeddable":true,"href":"https:\/\/tiendapadel5.com\/it\/wp-json\/wp\/v2\/comments?post=246117"}],"version-history":[{"count":1,"href":"https:\/\/tiendapadel5.com\/it\/wp-json\/wp\/v2\/product\/246117\/revisions"}],"predecessor-version":[{"id":246139,"href":"https:\/\/tiendapadel5.com\/it\/wp-json\/wp\/v2\/product\/246117\/revisions\/246139"}],"wp:featuredmedia":[{"embeddable":true,"href":"https:\/\/tiendapadel5.com\/it\/wp-json\/wp\/v2\/media\/246132"}],"wp:attachment":[{"href":"https:\/\/tiendapadel5.com\/it\/wp-json\/wp\/v2\/media?parent=246117"}],"wp:term":[{"taxonomy":"pwb-brand","embeddable":true,"href":"https:\/\/tiendapadel5.com\/it\/wp-json\/wp\/v2\/pwb-brand?post=246117"},{"taxonomy":"product_brand","embeddable":true,"href":"https:\/\/tiendapadel5.com\/it\/wp-json\/wp\/v2\/product_brand?post=246117"},{"taxonomy":"product_cat","embeddable":true,"href":"https:\/\/tiendapadel5.com\/it\/wp-json\/wp\/v2\/product_cat?post=246117"},{"taxonomy":"product_tag","embeddable":true,"href":"https:\/\/tiendapadel5.com\/it\/wp-json\/wp\/v2\/product_tag?post=246117"}],"curies":[{"name":"wp","href":"https:\/\/api.w.org\/{rel}","templated":true}]}}