{"id":245290,"date":"2026-01-26T23:24:00","date_gmt":"2026-01-26T22:24:00","guid":{"rendered":"https:\/\/tiendapadel5.com\/?post_type=product&#038;p=245290"},"modified":"2026-04-08T16:46:18","modified_gmt":"2026-04-08T14:46:18","slug":"head-bolt-2026-red-black","status":"publish","type":"product","link":"https:\/\/tiendapadel5.com\/it\/head-bolt-2026-red-black\/","title":{"rendered":"Head Bolt 2026 Red\/Black"},"content":{"rendered":"<h2>Head Bolt 2026 Red\/Black<\/h2>\n<p><strong>Caracter\u00edsticas:<\/strong><\/p>\n<p><span class=\"info\"><strong>Forma:<\/strong>\u00a0Lagrima<\/span><\/p>\n<p><span class=\"info\"><strong>Nivel:<\/strong>\u00a0Iniciaci\u00f3n<\/span><\/p>\n<p><span class=\"info\"><strong>Juego:<\/strong>\u00a0Polivalente<\/span><\/p>\n<p><span class=\"info\"><strong>Peso:<\/strong>\u00a0360-370 gr.<\/span><\/p>\n<p><span class=\"info\"><strong>Perfil:<\/strong>\u00a038 mm<\/span><\/p>\n<p><span class=\"info\"><strong>A\u00f1o:<\/strong>\u00a02026<\/span><\/p>\n<p><span class=\"info\"><strong>N\u00facleo:<\/strong>\u00a0Foam<\/span><\/p>\n<p><span class=\"info\"><strong>Tacto:<\/strong>\u00a0Blando<\/span><\/p>\n<p><span class=\"info\"><strong>Material Principal:<\/strong>\u00a0Fibra de vidrio<\/span><\/p>\n<p><span class=\"info\"><strong>Rugosidad:<\/strong>\u00a0Sin rugosidad<\/span><\/p>\n","protected":false},"excerpt":{"rendered":"<p>La Head Bolt 2026 Red\/Black, es una pala pensada para los jugadores que quieren mejorar su rendimiento sin renunciar al confort y al control en cada golpe. Su buen equilibrio entre manejabilidad y potencia f\u00e1cil la hace perfecta para quienes buscan dar un salto de calidad y disfrutar a\u00fan m\u00e1s del p\u00e1del.<\/p>\n","protected":false},"featured_media":245306,"comment_status":"open","ping_status":"closed","template":"","meta":{"_joinchat":[]},"pwb-brand":[33],"product_brand":[],"product_cat":[19,11134,411],"product_tag":[11132,203,1831,160,534],"class_list":{"0":"post-245290","1":"product","2":"type-product","3":"status-publish","4":"has-post-thumbnail","6":"pwb-brand-head","7":"product_cat-palas-padel","8":"product_cat-11134","9":"product_cat-head","10":"product_tag-11132","11":"product_tag-black","12":"product_tag-bolt","13":"product_tag-head","14":"product_tag-red","15":"pa_forma-lagrima","16":"pa_marco-fibra-de-vidrio","17":"pa_nivel-de-juego-iniciacion","18":"pa_tipo-de-juego-polivalente","20":"first","21":"outofstock","22":"sale","23":"taxable","24":"shipping-taxable","25":"purchasable","26":"product-type-simple"},"brands":[{"id":33,"name":"Head","slug":"head"}],"_links":{"self":[{"href":"https:\/\/tiendapadel5.com\/it\/wp-json\/wp\/v2\/product\/245290","targetHints":{"allow":["GET"]}}],"collection":[{"href":"https:\/\/tiendapadel5.com\/it\/wp-json\/wp\/v2\/product"}],"about":[{"href":"https:\/\/tiendapadel5.com\/it\/wp-json\/wp\/v2\/types\/product"}],"replies":[{"embeddable":true,"href":"https:\/\/tiendapadel5.com\/it\/wp-json\/wp\/v2\/comments?post=245290"}],"version-history":[{"count":1,"href":"https:\/\/tiendapadel5.com\/it\/wp-json\/wp\/v2\/product\/245290\/revisions"}],"predecessor-version":[{"id":245313,"href":"https:\/\/tiendapadel5.com\/it\/wp-json\/wp\/v2\/product\/245290\/revisions\/245313"}],"wp:featuredmedia":[{"embeddable":true,"href":"https:\/\/tiendapadel5.com\/it\/wp-json\/wp\/v2\/media\/245306"}],"wp:attachment":[{"href":"https:\/\/tiendapadel5.com\/it\/wp-json\/wp\/v2\/media?parent=245290"}],"wp:term":[{"taxonomy":"pwb-brand","embeddable":true,"href":"https:\/\/tiendapadel5.com\/it\/wp-json\/wp\/v2\/pwb-brand?post=245290"},{"taxonomy":"product_brand","embeddable":true,"href":"https:\/\/tiendapadel5.com\/it\/wp-json\/wp\/v2\/product_brand?post=245290"},{"taxonomy":"product_cat","embeddable":true,"href":"https:\/\/tiendapadel5.com\/it\/wp-json\/wp\/v2\/product_cat?post=245290"},{"taxonomy":"product_tag","embeddable":true,"href":"https:\/\/tiendapadel5.com\/it\/wp-json\/wp\/v2\/product_tag?post=245290"}],"curies":[{"name":"wp","href":"https:\/\/api.w.org\/{rel}","templated":true}]}}