{"id":245274,"date":"2026-01-26T23:07:20","date_gmt":"2026-01-26T22:07:20","guid":{"rendered":"https:\/\/tiendapadel5.com\/?post_type=product&#038;p=245274"},"modified":"2026-04-15T18:24:00","modified_gmt":"2026-04-15T16:24:00","slug":"head-bolt-2026-white-grey","status":"publish","type":"product","link":"https:\/\/tiendapadel5.com\/it\/head-bolt-2026-white-grey\/","title":{"rendered":"Head Bolt 2026 White\/Grey"},"content":{"rendered":"<h2>Head Bolt 2026 White\/Grey<\/h2>\n<p><strong>Caracter\u00edsticas:<\/strong><\/p>\n<p><span class=\"info\"><strong>Forma:<\/strong> Lagrima<\/span><\/p>\n<p><span class=\"info\"><strong>Nivel:<\/strong> Iniciaci\u00f3n<\/span><\/p>\n<p><span class=\"info\"><strong>Juego:<\/strong> Polivalente<\/span><\/p>\n<p><span class=\"info\"><strong>Peso:<\/strong> 360-370 gr.<\/span><\/p>\n<p><span class=\"info\"><strong>Perfil:<\/strong> 38 mm<\/span><\/p>\n<p><span class=\"info\"><strong>A\u00f1o:<\/strong> 2026<\/span><\/p>\n<p><span class=\"info\"><strong>N\u00facleo:<\/strong> Foam<\/span><\/p>\n<p><span class=\"info\"><strong>Tacto:<\/strong> Blando<\/span><\/p>\n<p><span class=\"info\"><strong>Material Principal:<\/strong> Fibra de vidrio<\/span><\/p>\n<p><span class=\"info\"><strong>Rugosidad:<\/strong> Sin rugosidad<\/span><\/p>\n","protected":false},"excerpt":{"rendered":"<p>La Head Bolt 2026 White\/Grey, es una pala pensada para los jugadores que quieren mejorar su rendimiento sin renunciar al confort y al control en cada golpe. Su buen equilibrio entre manejabilidad y potencia f\u00e1cil la hace perfecta para quienes buscan dar un salto de calidad y disfrutar a\u00fan m\u00e1s del p\u00e1del.<\/p>\n","protected":false},"featured_media":245282,"comment_status":"open","ping_status":"closed","template":"","meta":{"_joinchat":[]},"pwb-brand":[33],"product_brand":[],"product_cat":[19,11134,411],"product_tag":[11132,1831,535,160,519],"class_list":{"0":"post-245274","1":"product","2":"type-product","3":"status-publish","4":"has-post-thumbnail","6":"pwb-brand-head","7":"product_cat-palas-padel","8":"product_cat-11134","9":"product_cat-head","10":"product_tag-11132","11":"product_tag-bolt","12":"product_tag-grey","13":"product_tag-head","14":"product_tag-white","15":"pa_forma-lagrima","16":"pa_marco-fibra-de-vidrio","17":"pa_nivel-de-juego-iniciacion","18":"pa_tipo-de-juego-polivalente","20":"first","21":"instock","22":"sale","23":"taxable","24":"shipping-taxable","25":"purchasable","26":"product-type-simple"},"brands":[{"id":33,"name":"Head","slug":"head"}],"_links":{"self":[{"href":"https:\/\/tiendapadel5.com\/it\/wp-json\/wp\/v2\/product\/245274","targetHints":{"allow":["GET"]}}],"collection":[{"href":"https:\/\/tiendapadel5.com\/it\/wp-json\/wp\/v2\/product"}],"about":[{"href":"https:\/\/tiendapadel5.com\/it\/wp-json\/wp\/v2\/types\/product"}],"replies":[{"embeddable":true,"href":"https:\/\/tiendapadel5.com\/it\/wp-json\/wp\/v2\/comments?post=245274"}],"version-history":[{"count":2,"href":"https:\/\/tiendapadel5.com\/it\/wp-json\/wp\/v2\/product\/245274\/revisions"}],"predecessor-version":[{"id":245345,"href":"https:\/\/tiendapadel5.com\/it\/wp-json\/wp\/v2\/product\/245274\/revisions\/245345"}],"wp:featuredmedia":[{"embeddable":true,"href":"https:\/\/tiendapadel5.com\/it\/wp-json\/wp\/v2\/media\/245282"}],"wp:attachment":[{"href":"https:\/\/tiendapadel5.com\/it\/wp-json\/wp\/v2\/media?parent=245274"}],"wp:term":[{"taxonomy":"pwb-brand","embeddable":true,"href":"https:\/\/tiendapadel5.com\/it\/wp-json\/wp\/v2\/pwb-brand?post=245274"},{"taxonomy":"product_brand","embeddable":true,"href":"https:\/\/tiendapadel5.com\/it\/wp-json\/wp\/v2\/product_brand?post=245274"},{"taxonomy":"product_cat","embeddable":true,"href":"https:\/\/tiendapadel5.com\/it\/wp-json\/wp\/v2\/product_cat?post=245274"},{"taxonomy":"product_tag","embeddable":true,"href":"https:\/\/tiendapadel5.com\/it\/wp-json\/wp\/v2\/product_tag?post=245274"}],"curies":[{"name":"wp","href":"https:\/\/api.w.org\/{rel}","templated":true}]}}