{"id":245149,"date":"2026-01-26T15:47:41","date_gmt":"2026-01-26T14:47:41","guid":{"rendered":"https:\/\/tiendapadel5.com\/?post_type=product&#038;p=245149"},"modified":"2026-04-20T11:26:01","modified_gmt":"2026-04-20T09:26:01","slug":"head-vibe-2026-green-orange","status":"publish","type":"product","link":"https:\/\/tiendapadel5.com\/it\/head-vibe-2026-green-orange\/","title":{"rendered":"Head Vibe 2026 Green\/Orange"},"content":{"rendered":"<h2>Head Vibe 2026 Green\/Orange<\/h2>\n<p><strong>Caracter\u00edsticas:<\/strong><\/p>\n<p><span class=\"info\"><strong>Forma:<\/strong>\u00a0Lagrima<\/span><\/p>\n<p><span class=\"info\"><strong>Nivel:<\/strong>\u00a0Iniciaci\u00f3n<\/span><\/p>\n<p><span class=\"info\"><strong>Juego:<\/strong>\u00a0Polivalente<\/span><\/p>\n<p><span class=\"info\"><strong>Peso:<\/strong>\u00a0360-370 gr.<\/span><\/p>\n<p><span class=\"info\"><strong>Perfil:<\/strong>\u00a038 mm<\/span><\/p>\n<p><span class=\"info\"><strong>A\u00f1o:<\/strong>\u00a02026<\/span><\/p>\n<p><span class=\"info\"><strong>N\u00facleo:<\/strong>\u00a0Foam<\/span><\/p>\n<p><span class=\"info\"><strong>Tacto:<\/strong>\u00a0Blando<\/span><\/p>\n<p><span class=\"info\"><strong>Material Principal:<\/strong>\u00a0Fibra de vidrio<\/span><\/p>\n<p><span class=\"info\"><strong>Rugosidad:<\/strong>\u00a0Sin rugosidad<\/span><\/p>\n","protected":false},"excerpt":{"rendered":"<p>La Head Vibe 2026 Green\/Orange, es una pala ideal para quienes buscan un buen equilibrio entre control, potencia y facilidad de manejo. Perfecta para empezar en el p\u00e1del, te ayuda a mejorar la t\u00e9cnica y a disfrutar cada partido gracias a su forma de l\u00e1grima y su balance medio, que aportan estabilidad y precisi\u00f3n.<\/p>\n","protected":false},"featured_media":245150,"comment_status":"open","ping_status":"closed","template":"","meta":{"_joinchat":[]},"pwb-brand":[33],"product_brand":[],"product_cat":[19,11134,411],"product_tag":[11132,1284,160,525,10601],"class_list":{"0":"post-245149","1":"product","2":"type-product","3":"status-publish","4":"has-post-thumbnail","6":"pwb-brand-head","7":"product_cat-palas-padel","8":"product_cat-11134","9":"product_cat-head","10":"product_tag-11132","11":"product_tag-green","12":"product_tag-head","13":"product_tag-orange","14":"product_tag-vibe","15":"pa_forma-lagrima","16":"pa_marco-fibra-de-vidrio","17":"pa_nivel-de-juego-iniciacion","18":"pa_tipo-de-juego-polivalente","20":"first","21":"instock","22":"sale","23":"taxable","24":"shipping-taxable","25":"purchasable","26":"product-type-simple"},"brands":[{"id":33,"name":"Head","slug":"head"}],"_links":{"self":[{"href":"https:\/\/tiendapadel5.com\/it\/wp-json\/wp\/v2\/product\/245149","targetHints":{"allow":["GET"]}}],"collection":[{"href":"https:\/\/tiendapadel5.com\/it\/wp-json\/wp\/v2\/product"}],"about":[{"href":"https:\/\/tiendapadel5.com\/it\/wp-json\/wp\/v2\/types\/product"}],"replies":[{"embeddable":true,"href":"https:\/\/tiendapadel5.com\/it\/wp-json\/wp\/v2\/comments?post=245149"}],"version-history":[{"count":1,"href":"https:\/\/tiendapadel5.com\/it\/wp-json\/wp\/v2\/product\/245149\/revisions"}],"predecessor-version":[{"id":245164,"href":"https:\/\/tiendapadel5.com\/it\/wp-json\/wp\/v2\/product\/245149\/revisions\/245164"}],"wp:featuredmedia":[{"embeddable":true,"href":"https:\/\/tiendapadel5.com\/it\/wp-json\/wp\/v2\/media\/245150"}],"wp:attachment":[{"href":"https:\/\/tiendapadel5.com\/it\/wp-json\/wp\/v2\/media?parent=245149"}],"wp:term":[{"taxonomy":"pwb-brand","embeddable":true,"href":"https:\/\/tiendapadel5.com\/it\/wp-json\/wp\/v2\/pwb-brand?post=245149"},{"taxonomy":"product_brand","embeddable":true,"href":"https:\/\/tiendapadel5.com\/it\/wp-json\/wp\/v2\/product_brand?post=245149"},{"taxonomy":"product_cat","embeddable":true,"href":"https:\/\/tiendapadel5.com\/it\/wp-json\/wp\/v2\/product_cat?post=245149"},{"taxonomy":"product_tag","embeddable":true,"href":"https:\/\/tiendapadel5.com\/it\/wp-json\/wp\/v2\/product_tag?post=245149"}],"curies":[{"name":"wp","href":"https:\/\/api.w.org\/{rel}","templated":true}]}}