{"id":240623,"date":"2025-08-07T19:15:56","date_gmt":"2025-08-07T17:15:56","guid":{"rendered":"https:\/\/tiendapadel5.com\/?post_type=product&#038;p=240623"},"modified":"2026-04-30T12:26:06","modified_gmt":"2026-04-30T10:26:06","slug":"mochila-babolat-rh-perf-padel-2nd-generation-multicolor-2025","status":"publish","type":"product","link":"https:\/\/tiendapadel5.com\/it\/mochila-babolat-rh-perf-padel-2nd-generation-multicolor-2025\/","title":{"rendered":"Mochila Babolat RH Perf Padel 2nd Generation Multicolor 2025"},"content":{"rendered":"<h2>Mochila Babolat RH Perf Padel 2nd Generation Multicolor 2025<\/h2>\n<p><strong>Caracter\u00edsticas:<\/strong><\/p>\n<div class=\"col-12 col-xmd-6\">\n<div class=\"m-product-detail__tech-characteristics-body row m-0 pr-1 first\">\n<div class=\"col-6 p-0\"><strong><span class=\"m-product-detail__tech-characteristics-label\">Capacidad de raqueta:\u00a0<\/span><\/strong><span class=\"m-product-detail__tech-characteristics-value\">4<\/span><\/div>\n<\/div>\n<\/div>\n<div class=\"col-12 col-xmd-6\">\n<div class=\"m-product-detail__tech-characteristics-body row m-0 pr-1 second\">\n<div class=\"col-6 p-0\"><strong><span class=\"m-product-detail__tech-characteristics-label\">Capacidad:\u00a0<\/span><\/strong><span class=\"m-product-detail__tech-characteristics-value\">52 l<\/span><\/div>\n<\/div>\n<\/div>\n<div class=\"col-12 col-xmd-6\">\n<div class=\"m-product-detail__tech-characteristics-body row m-0 pr-1 \">\n<div class=\"col-6 p-0\"><strong><span class=\"m-product-detail__tech-characteristics-label\">Dimensiones:\u00a0<\/span><\/strong><span class=\"m-product-detail__tech-characteristics-value\">37 x 30 x 60 cm<\/span><\/div>\n<\/div>\n<\/div>\n<div class=\"col-12 col-xmd-6\">\n<div class=\"m-product-detail__tech-characteristics-body row m-0 pr-1 \">\n<div class=\"col-6 p-0\"><strong><span class=\"m-product-detail__tech-characteristics-label\">N\u00famero de bolsillos:\u00a0<\/span><\/strong>1 compartimento principal,\u00a02 compartimentos laterales y\u00a01 bolsillo con cremallera para accesorios<\/div>\n<\/div>\n<\/div>\n<div class=\"col-12 col-xmd-6\">\n<div class=\"m-product-detail__tech-characteristics-body row m-0 pr-1 \">\n<div class=\"col-6 p-0\"><span class=\"m-product-detail__tech-characteristics-label\"><strong>N\u00famero de asas:<\/strong>\u00a0<\/span><span class=\"m-product-detail__tech-characteristics-value\">1<\/span><\/div>\n<\/div>\n<\/div>\n<div class=\"col-12 col-xmd-6\">\n<div class=\"m-product-detail__tech-characteristics-body row m-0 pr-1 \">\n<div class=\"col-6 p-0\"><strong><span class=\"m-product-detail__tech-characteristics-label\">N\u00famero de correas:\u00a0<\/span><\/strong><span class=\"m-product-detail__tech-characteristics-value\">2<\/span><\/div>\n<\/div>\n<\/div>\n<div class=\"col-12 col-xmd-6\">\n<div class=\"m-product-detail__tech-characteristics-body row m-0 pr-1 \">\n<div class=\"col-6 p-0\"><strong><span class=\"m-product-detail__tech-characteristics-label\">Composici\u00f3n:\u00a0<\/span><\/strong>100% poli\u00e9ster reciclado<\/div>\n<\/div>\n<\/div>\n","protected":false},"excerpt":{"rendered":"<p>La Mochila Babolat RH Perf Padel 2nd Generation Multicolor 2025, esta dise\u00f1ado para tener todo a mano y aprovechar al m\u00e1ximo tu tiempo en la pista con nuestra bolsa de p\u00e1del RH Perf. La Babolat RH Perf Padel es la favorita de los jugadores que se lo toman en serio y quieren una mochila top para llevar todo lo que necesitan y rendir al m\u00e1ximo en cada partido.<\/p>\n","protected":false},"featured_media":240638,"comment_status":"open","ping_status":"closed","template":"","meta":{"_joinchat":[]},"pwb-brand":[29],"product_brand":[],"product_cat":[20,428],"product_tag":[9781,11161,245,11162,256,1041,85,952,632],"class_list":{"0":"post-240623","1":"product","2":"type-product","3":"status-publish","4":"has-post-thumbnail","6":"pwb-brand-babolat","7":"product_cat-paleteros-de-padel","8":"product_cat-mochilas-babolat","9":"product_tag-9781","10":"product_tag-2nd","11":"product_tag-babolat","12":"product_tag-generation","13":"product_tag-mochila","14":"product_tag-multicolor","15":"product_tag-padel","16":"product_tag-perf","17":"product_tag-rh","19":"first","20":"instock","21":"sale","22":"taxable","23":"shipping-taxable","24":"purchasable","25":"product-type-simple"},"brands":[{"id":29,"name":"Babolat","slug":"babolat"}],"_links":{"self":[{"href":"https:\/\/tiendapadel5.com\/it\/wp-json\/wp\/v2\/product\/240623","targetHints":{"allow":["GET"]}}],"collection":[{"href":"https:\/\/tiendapadel5.com\/it\/wp-json\/wp\/v2\/product"}],"about":[{"href":"https:\/\/tiendapadel5.com\/it\/wp-json\/wp\/v2\/types\/product"}],"replies":[{"embeddable":true,"href":"https:\/\/tiendapadel5.com\/it\/wp-json\/wp\/v2\/comments?post=240623"}],"version-history":[{"count":1,"href":"https:\/\/tiendapadel5.com\/it\/wp-json\/wp\/v2\/product\/240623\/revisions"}],"predecessor-version":[{"id":240645,"href":"https:\/\/tiendapadel5.com\/it\/wp-json\/wp\/v2\/product\/240623\/revisions\/240645"}],"wp:featuredmedia":[{"embeddable":true,"href":"https:\/\/tiendapadel5.com\/it\/wp-json\/wp\/v2\/media\/240638"}],"wp:attachment":[{"href":"https:\/\/tiendapadel5.com\/it\/wp-json\/wp\/v2\/media?parent=240623"}],"wp:term":[{"taxonomy":"pwb-brand","embeddable":true,"href":"https:\/\/tiendapadel5.com\/it\/wp-json\/wp\/v2\/pwb-brand?post=240623"},{"taxonomy":"product_brand","embeddable":true,"href":"https:\/\/tiendapadel5.com\/it\/wp-json\/wp\/v2\/product_brand?post=240623"},{"taxonomy":"product_cat","embeddable":true,"href":"https:\/\/tiendapadel5.com\/it\/wp-json\/wp\/v2\/product_cat?post=240623"},{"taxonomy":"product_tag","embeddable":true,"href":"https:\/\/tiendapadel5.com\/it\/wp-json\/wp\/v2\/product_tag?post=240623"}],"curies":[{"name":"wp","href":"https:\/\/api.w.org\/{rel}","templated":true}]}}