{"id":239957,"date":"2025-12-30T16:53:28","date_gmt":"2025-12-30T15:53:28","guid":{"rendered":"https:\/\/tiendapadel5.com\/?post_type=product&#038;p=239957"},"modified":"2026-03-05T09:12:20","modified_gmt":"2026-03-05T08:12:20","slug":"zapatillas-nox-at10-lux-negro-blanco-2026","status":"publish","type":"product","link":"https:\/\/tiendapadel5.com\/it\/zapatillas-nox-at10-lux-negro-blanco-2026\/","title":{"rendered":"Zapatillas Nox AT10 Lux Negro\/Blanco 2026"},"content":{"rendered":"<h2>Zapatillas Nox AT10 Lux Negro\/Blanco 2026<\/h2>\n<p><strong>Caracter\u00edsticas:<\/strong><\/p>\n<ul>\n<li>Cuello calcet\u00edn el\u00e1stico , m\u00e1ximo ajuste en empeine y zona tal\u00f3n.<\/li>\n<li>Lengua con espuma perforada, mejorando la transpiraci\u00f3n.<\/li>\n<li>Corte con Airmesh reforzado con pol\u00edmero en lateral y pala.<\/li>\n<\/ul>\n","protected":false},"excerpt":{"rendered":"<p>Las Zapatillas Nox AT10 Lux Negro\/Blanco 2026, dise\u00f1adas para jugadores que no quieren renunciar ni al estilo ni a la potencia, pero tampoco a la salud. Este modelo est\u00e1 pensado para reducir al m\u00e1ximo el riesgo de lesiones, cuenta con la certificaci\u00f3n del Centro Tecnol\u00f3gico del Calzado INESCOP y el respaldo de pod\u00f3logos de primer nivel.<\/p>\n","protected":false},"featured_media":239988,"comment_status":"open","ping_status":"closed","template":"","meta":{"_joinchat":[]},"pwb-brand":[34],"product_brand":[],"product_cat":[22,945,52],"product_tag":[11132,946,405,947,669,130,300],"class_list":{"0":"post-239957","1":"product","2":"type-product","3":"status-publish","4":"has-post-thumbnail","6":"pwb-brand-nox","7":"product_cat-zapatillas-de-padel","8":"product_cat-zapatillas-nox","9":"product_cat-para-hombre","10":"product_tag-11132","11":"product_tag-at10","12":"product_tag-blanco","13":"product_tag-lux","14":"product_tag-negro","15":"product_tag-nox","16":"product_tag-zapatillas","17":"pa_talla-277","18":"pa_talla-278","19":"pa_talla-279","20":"pa_talla-280","21":"pa_talla-281","22":"pa_talla-282","23":"pa_talla-283","24":"pa_talla-284","25":"pa_talla-285","26":"pa_talla-310","28":"first","29":"instock","30":"sale","31":"taxable","32":"shipping-taxable","33":"purchasable","34":"product-type-variable"},"brands":[{"id":34,"name":"Nox","slug":"nox"}],"_links":{"self":[{"href":"https:\/\/tiendapadel5.com\/it\/wp-json\/wp\/v2\/product\/239957","targetHints":{"allow":["GET"]}}],"collection":[{"href":"https:\/\/tiendapadel5.com\/it\/wp-json\/wp\/v2\/product"}],"about":[{"href":"https:\/\/tiendapadel5.com\/it\/wp-json\/wp\/v2\/types\/product"}],"replies":[{"embeddable":true,"href":"https:\/\/tiendapadel5.com\/it\/wp-json\/wp\/v2\/comments?post=239957"}],"version-history":[{"count":1,"href":"https:\/\/tiendapadel5.com\/it\/wp-json\/wp\/v2\/product\/239957\/revisions"}],"predecessor-version":[{"id":240009,"href":"https:\/\/tiendapadel5.com\/it\/wp-json\/wp\/v2\/product\/239957\/revisions\/240009"}],"wp:featuredmedia":[{"embeddable":true,"href":"https:\/\/tiendapadel5.com\/it\/wp-json\/wp\/v2\/media\/239988"}],"wp:attachment":[{"href":"https:\/\/tiendapadel5.com\/it\/wp-json\/wp\/v2\/media?parent=239957"}],"wp:term":[{"taxonomy":"pwb-brand","embeddable":true,"href":"https:\/\/tiendapadel5.com\/it\/wp-json\/wp\/v2\/pwb-brand?post=239957"},{"taxonomy":"product_brand","embeddable":true,"href":"https:\/\/tiendapadel5.com\/it\/wp-json\/wp\/v2\/product_brand?post=239957"},{"taxonomy":"product_cat","embeddable":true,"href":"https:\/\/tiendapadel5.com\/it\/wp-json\/wp\/v2\/product_cat?post=239957"},{"taxonomy":"product_tag","embeddable":true,"href":"https:\/\/tiendapadel5.com\/it\/wp-json\/wp\/v2\/product_tag?post=239957"}],"curies":[{"name":"wp","href":"https:\/\/api.w.org\/{rel}","templated":true}]}}