{"id":236476,"date":"2025-12-22T14:54:49","date_gmt":"2025-12-22T13:54:49","guid":{"rendered":"https:\/\/tiendapadel5.com\/?post_type=product&#038;p=236476"},"modified":"2026-04-13T12:42:37","modified_gmt":"2026-04-13T10:42:37","slug":"siux-trilogy-pro-noir-fog-2026","status":"publish","type":"product","link":"https:\/\/tiendapadel5.com\/it\/siux-trilogy-pro-noir-fog-2026\/","title":{"rendered":"Siux Trilogy Pro Noir Fog 2026"},"content":{"rendered":"<h3 class=\"zonadepadel\">Caracter\u00edsticas: Siux Trilogy Pro Noir Fog 2026<\/h3>\n<ul>\n<li><strong>Forma redonda<\/strong><\/li>\n<li><strong>Nivel avanzado<\/strong><\/li>\n<li><strong>Balance bajo<\/strong><\/li>\n<li><strong>Tejido carbono 24k<\/strong><\/li>\n<li><strong>EvA en el n\u00facleo<\/strong><\/li>\n<li><strong>Colecci\u00f3n de 2026<\/strong><\/li>\n<\/ul>\n","protected":false},"excerpt":{"rendered":"<p>La Siux Trilogy Pro Noir Fog 2026 ha sido dise\u00f1ada para jugadores avanzados que buscan m\u00e1ximo control y precisi\u00f3n en cada golpe, con un dise\u00f1o sobrio y gran manejabilidad.<\/p>\n","protected":false},"featured_media":236491,"comment_status":"open","ping_status":"closed","template":"","meta":{"_joinchat":[]},"pwb-brand":[2224],"product_brand":[],"product_cat":[19,11134,2225],"product_tag":[11404],"class_list":{"0":"post-236476","1":"product","2":"type-product","3":"status-publish","4":"has-post-thumbnail","6":"pwb-brand-siux","7":"product_cat-palas-padel","8":"product_cat-11134","9":"product_cat-siux","10":"product_tag-siux-trilogy-pro-noir-fog-2026","12":"first","13":"instock","14":"sale","15":"taxable","16":"shipping-taxable","17":"purchasable","18":"product-type-simple"},"brands":[{"id":2224,"name":"Siux","slug":"siux"}],"_links":{"self":[{"href":"https:\/\/tiendapadel5.com\/it\/wp-json\/wp\/v2\/product\/236476","targetHints":{"allow":["GET"]}}],"collection":[{"href":"https:\/\/tiendapadel5.com\/it\/wp-json\/wp\/v2\/product"}],"about":[{"href":"https:\/\/tiendapadel5.com\/it\/wp-json\/wp\/v2\/types\/product"}],"replies":[{"embeddable":true,"href":"https:\/\/tiendapadel5.com\/it\/wp-json\/wp\/v2\/comments?post=236476"}],"version-history":[{"count":1,"href":"https:\/\/tiendapadel5.com\/it\/wp-json\/wp\/v2\/product\/236476\/revisions"}],"predecessor-version":[{"id":243976,"href":"https:\/\/tiendapadel5.com\/it\/wp-json\/wp\/v2\/product\/236476\/revisions\/243976"}],"wp:featuredmedia":[{"embeddable":true,"href":"https:\/\/tiendapadel5.com\/it\/wp-json\/wp\/v2\/media\/236491"}],"wp:attachment":[{"href":"https:\/\/tiendapadel5.com\/it\/wp-json\/wp\/v2\/media?parent=236476"}],"wp:term":[{"taxonomy":"pwb-brand","embeddable":true,"href":"https:\/\/tiendapadel5.com\/it\/wp-json\/wp\/v2\/pwb-brand?post=236476"},{"taxonomy":"product_brand","embeddable":true,"href":"https:\/\/tiendapadel5.com\/it\/wp-json\/wp\/v2\/product_brand?post=236476"},{"taxonomy":"product_cat","embeddable":true,"href":"https:\/\/tiendapadel5.com\/it\/wp-json\/wp\/v2\/product_cat?post=236476"},{"taxonomy":"product_tag","embeddable":true,"href":"https:\/\/tiendapadel5.com\/it\/wp-json\/wp\/v2\/product_tag?post=236476"}],"curies":[{"name":"wp","href":"https:\/\/api.w.org\/{rel}","templated":true}]}}