{"id":234416,"date":"2025-12-14T01:21:46","date_gmt":"2025-12-14T00:21:46","guid":{"rendered":"https:\/\/tiendapadel5.com\/?post_type=product&#038;p=234416"},"modified":"2025-12-29T09:00:04","modified_gmt":"2025-12-29T08:00:04","slug":"paletero-black-crown-ultimate-series-v2-negro","status":"publish","type":"product","link":"https:\/\/tiendapadel5.com\/it\/paletero-black-crown-ultimate-series-v2-negro\/","title":{"rendered":"Paletero Black Crown Ultimate Series V2 Negro"},"content":{"rendered":"<h2>Paletero Black Crown Ultimate Series V2 Negro<\/h2>\n<p><strong>Caracter\u00edsticas:<\/strong><\/p>\n<p><strong>Medidas:<\/strong>\u00a054 cm (largo) x 26,5 cm (ancho) x 27 cm (alto)<\/p>\n<p><strong>Colores: <\/strong>Todo en negro<\/p>\n","protected":false},"excerpt":{"rendered":"<p>El Paletero Black Crown Ultimate Series V2 Negro, es la opci\u00f3n perfecta si buscas un paletero m\u00e1s compacto y ligero, pero sin perder funcionalidad. Tiene una capacidad media y un dise\u00f1o pr\u00e1ctico que te permite llevar lo imprescindible de forma c\u00f3moda y bien organizada.<\/p>\n","protected":false},"featured_media":234433,"comment_status":"open","ping_status":"closed","template":"","meta":{"_joinchat":[]},"pwb-brand":[30],"product_brand":[],"product_cat":[6541,20],"product_tag":[203,204,669,257,1092,10576,913],"class_list":{"0":"post-234416","1":"product","2":"type-product","3":"status-publish","4":"has-post-thumbnail","6":"pwb-brand-black-crown","7":"product_cat-mochilas-black-crown","8":"product_cat-paleteros-de-padel","9":"product_tag-black","10":"product_tag-crown","11":"product_tag-negro","12":"product_tag-paletero","13":"product_tag-series","14":"product_tag-ultimate","15":"product_tag-v2","17":"first","18":"instock","19":"taxable","20":"shipping-taxable","21":"purchasable","22":"product-type-simple"},"brands":[{"id":30,"name":"Black Crown","slug":"black-crown"}],"_links":{"self":[{"href":"https:\/\/tiendapadel5.com\/it\/wp-json\/wp\/v2\/product\/234416","targetHints":{"allow":["GET"]}}],"collection":[{"href":"https:\/\/tiendapadel5.com\/it\/wp-json\/wp\/v2\/product"}],"about":[{"href":"https:\/\/tiendapadel5.com\/it\/wp-json\/wp\/v2\/types\/product"}],"replies":[{"embeddable":true,"href":"https:\/\/tiendapadel5.com\/it\/wp-json\/wp\/v2\/comments?post=234416"}],"version-history":[{"count":0,"href":"https:\/\/tiendapadel5.com\/it\/wp-json\/wp\/v2\/product\/234416\/revisions"}],"wp:featuredmedia":[{"embeddable":true,"href":"https:\/\/tiendapadel5.com\/it\/wp-json\/wp\/v2\/media\/234433"}],"wp:attachment":[{"href":"https:\/\/tiendapadel5.com\/it\/wp-json\/wp\/v2\/media?parent=234416"}],"wp:term":[{"taxonomy":"pwb-brand","embeddable":true,"href":"https:\/\/tiendapadel5.com\/it\/wp-json\/wp\/v2\/pwb-brand?post=234416"},{"taxonomy":"product_brand","embeddable":true,"href":"https:\/\/tiendapadel5.com\/it\/wp-json\/wp\/v2\/product_brand?post=234416"},{"taxonomy":"product_cat","embeddable":true,"href":"https:\/\/tiendapadel5.com\/it\/wp-json\/wp\/v2\/product_cat?post=234416"},{"taxonomy":"product_tag","embeddable":true,"href":"https:\/\/tiendapadel5.com\/it\/wp-json\/wp\/v2\/product_tag?post=234416"}],"curies":[{"name":"wp","href":"https:\/\/api.w.org\/{rel}","templated":true}]}}