{"id":234369,"date":"2025-12-14T01:04:38","date_gmt":"2025-12-14T00:04:38","guid":{"rendered":"https:\/\/tiendapadel5.com\/?post_type=product&#038;p=234369"},"modified":"2025-12-14T01:04:44","modified_gmt":"2025-12-14T00:04:44","slug":"paletero-black-crown-ultimate-series-v2-negro-amarillo","status":"publish","type":"product","link":"https:\/\/tiendapadel5.com\/it\/paletero-black-crown-ultimate-series-v2-negro-amarillo\/","title":{"rendered":"Paletero Black Crown Ultimate Series V2 Negro\/Amarillo"},"content":{"rendered":"<h2>Paletero Black Crown Ultimate Series V2 Negro\/Amarillo<\/h2>\n<p><strong>Caracter\u00edsticas:<\/strong><\/p>\n<p><strong>Medidas:<\/strong>\u00a054 cm (largo) x 26,5 cm (ancho) x 27 cm (alto)<\/p>\n<p><strong>Colores: <\/strong>Negro con detalles en amarillo<\/p>\n","protected":false},"excerpt":{"rendered":"<p>El Paletero Black Crown Ultimate Series V2 Negro\/Amarillo, es la opci\u00f3n perfecta si buscas un paletero m\u00e1s compacto y ligero, pero sin perder funcionalidad. Tiene una capacidad media y un dise\u00f1o pr\u00e1ctico que te permite llevar lo imprescindible de forma c\u00f3moda y bien organizada.<\/p>\n","protected":false},"featured_media":234384,"comment_status":"open","ping_status":"closed","template":"","meta":{"_joinchat":[]},"pwb-brand":[30],"product_brand":[],"product_cat":[6541,20],"product_tag":[929,203,204,669,257,1092,10576,913],"class_list":{"0":"post-234369","1":"product","2":"type-product","3":"status-publish","4":"has-post-thumbnail","6":"pwb-brand-black-crown","7":"product_cat-mochilas-black-crown","8":"product_cat-paleteros-de-padel","9":"product_tag-amarillo","10":"product_tag-black","11":"product_tag-crown","12":"product_tag-negro","13":"product_tag-paletero","14":"product_tag-series","15":"product_tag-ultimate","16":"product_tag-v2","18":"first","19":"instock","20":"taxable","21":"shipping-taxable","22":"purchasable","23":"product-type-simple"},"brands":[{"id":30,"name":"Black Crown","slug":"black-crown"}],"_links":{"self":[{"href":"https:\/\/tiendapadel5.com\/it\/wp-json\/wp\/v2\/product\/234369","targetHints":{"allow":["GET"]}}],"collection":[{"href":"https:\/\/tiendapadel5.com\/it\/wp-json\/wp\/v2\/product"}],"about":[{"href":"https:\/\/tiendapadel5.com\/it\/wp-json\/wp\/v2\/types\/product"}],"replies":[{"embeddable":true,"href":"https:\/\/tiendapadel5.com\/it\/wp-json\/wp\/v2\/comments?post=234369"}],"version-history":[{"count":0,"href":"https:\/\/tiendapadel5.com\/it\/wp-json\/wp\/v2\/product\/234369\/revisions"}],"wp:featuredmedia":[{"embeddable":true,"href":"https:\/\/tiendapadel5.com\/it\/wp-json\/wp\/v2\/media\/234384"}],"wp:attachment":[{"href":"https:\/\/tiendapadel5.com\/it\/wp-json\/wp\/v2\/media?parent=234369"}],"wp:term":[{"taxonomy":"pwb-brand","embeddable":true,"href":"https:\/\/tiendapadel5.com\/it\/wp-json\/wp\/v2\/pwb-brand?post=234369"},{"taxonomy":"product_brand","embeddable":true,"href":"https:\/\/tiendapadel5.com\/it\/wp-json\/wp\/v2\/product_brand?post=234369"},{"taxonomy":"product_cat","embeddable":true,"href":"https:\/\/tiendapadel5.com\/it\/wp-json\/wp\/v2\/product_cat?post=234369"},{"taxonomy":"product_tag","embeddable":true,"href":"https:\/\/tiendapadel5.com\/it\/wp-json\/wp\/v2\/product_tag?post=234369"}],"curies":[{"name":"wp","href":"https:\/\/api.w.org\/{rel}","templated":true}]}}