{"id":233993,"date":"2025-12-13T16:45:17","date_gmt":"2025-12-13T15:45:17","guid":{"rendered":"https:\/\/tiendapadel5.com\/?post_type=product&#038;p=233993"},"modified":"2026-02-25T20:38:30","modified_gmt":"2026-02-25T19:38:30","slug":"mochila-head-base-backpack-17l-bk","status":"publish","type":"product","link":"https:\/\/tiendapadel5.com\/it\/mochila-head-base-backpack-17l-bk\/","title":{"rendered":"Mochila Head Base Backpack 17L BK"},"content":{"rendered":"<h2>Mochila Head Base Backpack 17L BK<\/h2>\n<p><strong>Caracter\u00edsticas:<\/strong><\/p>\n<ul class=\"productInformation-specsBlock-gga\">\n<li>\n<div class=\"productInformation-title-VwF\"><strong>Colores:<\/strong> Black<\/div>\n<\/li>\n<li>\n<div class=\"productInformation-title-VwF\"><strong>Volumen (l):<\/strong> 17<\/div>\n<\/li>\n<li>\n<div class=\"productInformation-title-VwF\"><strong>Dimensiones:<\/strong> 54*33*13<\/div>\n<\/li>\n<li>\n<div class=\"productInformation-title-VwF\"><strong>Composici\u00f3n exterior:<\/strong> 100% POLY<\/div>\n<\/li>\n<li>\n<div class=\"productInformation-title-VwF\"><strong>Composici\u00f3n interior:<\/strong> 100% POLY<\/div>\n<\/li>\n<\/ul>\n","protected":false},"excerpt":{"rendered":"<p>La Mochila Head Base Backpack 17L BK, disfruta del estilo y la comodidad en tu d\u00eda a d\u00eda con esta mochila. Tiene un dise\u00f1o nuevo y moderno que combina a la perfecci\u00f3n con todas las raquetas de nuestra colecci\u00f3n.<\/p>\n","protected":false},"featured_media":234003,"comment_status":"open","ping_status":"closed","template":"","meta":{"_joinchat":[]},"pwb-brand":[33],"product_brand":[],"product_cat":[2200,2190],"product_tag":[8957,374,8954,11375,1913,6943],"class_list":{"0":"post-233993","1":"product","2":"type-product","3":"status-publish","4":"has-post-thumbnail","6":"pwb-brand-head","7":"product_cat-head-padel-racket-bags","8":"product_cat-padel-racket-bags","9":"product_tag-17l-en","10":"product_tag-backpack","11":"product_tag-base-en","12":"product_tag-bk","13":"product_tag-head-en","14":"product_tag-backpack-en","16":"first","17":"outofstock","18":"sale","19":"taxable","20":"shipping-taxable","21":"purchasable","22":"product-type-simple"},"brands":[{"id":33,"name":"Head","slug":"head"}],"_links":{"self":[{"href":"https:\/\/tiendapadel5.com\/it\/wp-json\/wp\/v2\/product\/233993","targetHints":{"allow":["GET"]}}],"collection":[{"href":"https:\/\/tiendapadel5.com\/it\/wp-json\/wp\/v2\/product"}],"about":[{"href":"https:\/\/tiendapadel5.com\/it\/wp-json\/wp\/v2\/types\/product"}],"replies":[{"embeddable":true,"href":"https:\/\/tiendapadel5.com\/it\/wp-json\/wp\/v2\/comments?post=233993"}],"version-history":[{"count":1,"href":"https:\/\/tiendapadel5.com\/it\/wp-json\/wp\/v2\/product\/233993\/revisions"}],"predecessor-version":[{"id":245229,"href":"https:\/\/tiendapadel5.com\/it\/wp-json\/wp\/v2\/product\/233993\/revisions\/245229"}],"wp:featuredmedia":[{"embeddable":true,"href":"https:\/\/tiendapadel5.com\/it\/wp-json\/wp\/v2\/media\/234003"}],"wp:attachment":[{"href":"https:\/\/tiendapadel5.com\/it\/wp-json\/wp\/v2\/media?parent=233993"}],"wp:term":[{"taxonomy":"pwb-brand","embeddable":true,"href":"https:\/\/tiendapadel5.com\/it\/wp-json\/wp\/v2\/pwb-brand?post=233993"},{"taxonomy":"product_brand","embeddable":true,"href":"https:\/\/tiendapadel5.com\/it\/wp-json\/wp\/v2\/product_brand?post=233993"},{"taxonomy":"product_cat","embeddable":true,"href":"https:\/\/tiendapadel5.com\/it\/wp-json\/wp\/v2\/product_cat?post=233993"},{"taxonomy":"product_tag","embeddable":true,"href":"https:\/\/tiendapadel5.com\/it\/wp-json\/wp\/v2\/product_tag?post=233993"}],"curies":[{"name":"wp","href":"https:\/\/api.w.org\/{rel}","templated":true}]}}