{"id":227171,"date":"2025-11-12T16:47:59","date_gmt":"2025-11-12T15:47:59","guid":{"rendered":"https:\/\/tiendapadel5.com\/?post_type=product&#038;p=227171"},"modified":"2026-03-16T18:21:51","modified_gmt":"2026-03-16T17:21:51","slug":"varlion-lw-one-2022","status":"publish","type":"product","link":"https:\/\/tiendapadel5.com\/it\/varlion-lw-one-2022\/","title":{"rendered":"Varlion LW One 2022"},"content":{"rendered":"<h2>Varlion LW One 2022<\/h2>\n<p><strong>Caracter\u00edsticas:<\/strong><\/p>\n<table>\n<tbody>\n<tr>\n<td><b>TIPO DE JUEGO:<\/b><\/td>\n<td>CONTROL<\/td>\n<\/tr>\n<tr>\n<td><b>SEXO:<\/b><\/td>\n<td>HOMBRE<\/td>\n<\/tr>\n<tr>\n<td><b>NUCLEO:<\/b><\/td>\n<td>GOMA EVA<\/td>\n<\/tr>\n<tr>\n<td><b>NIVEL DE JUEGO:<\/b><\/td>\n<td>INICIACI\u00d3N<\/td>\n<\/tr>\n<tr>\n<td><b>MARCO:<\/b><\/td>\n<td>FIBRA DE VIDRIO<\/td>\n<\/tr>\n<tr>\n<td><b>FORMA:<\/b><\/td>\n<td>REDONDA<\/td>\n<\/tr>\n<tr>\n<td><b>EDAD:<\/b><\/td>\n<td>ADULTOS<\/td>\n<\/tr>\n<tr>\n<td><b>COLOR:<\/b><\/td>\n<td>AMARILLO<\/td>\n<\/tr>\n<tr>\n<td><b>CARA:<\/b><\/td>\n<td>FIBRA DE VIDRIO<\/td>\n<\/tr>\n<tr>\n<td><b>BALANCE:<\/b><\/td>\n<td>BAJO<\/td>\n<\/tr>\n<tr>\n<td><b>A\u00d1O:<\/b><\/td>\n<td>2022<\/td>\n<\/tr>\n<\/tbody>\n<\/table>\n","protected":false},"excerpt":{"rendered":"<p>La Varlion LW One 2022, pensada para jugadores que est\u00e1n empezando en el p\u00e1del y quieren una pala con un dise\u00f1o moderno y buenas prestaciones para disfrutar desde el primer partido.<\/p>\n","protected":false},"featured_media":256621,"comment_status":"open","ping_status":"closed","template":"","meta":{"_joinchat":[]},"pwb-brand":[11305],"product_brand":[],"product_cat":[19,4373,11306],"product_tag":[1144,11301,940,11300],"class_list":{"0":"post-227171","1":"product","2":"type-product","3":"status-publish","4":"has-post-thumbnail","6":"pwb-brand-varlion","7":"product_cat-palas-padel","8":"product_cat-palas-padel-2022","9":"product_cat-varlion","10":"product_tag-1144","11":"product_tag-lw","12":"product_tag-one","13":"product_tag-varlion","14":"pa_forma-redonda","15":"pa_marco-fibra-de-vidrio","16":"pa_nivel-de-juego-iniciacion","17":"pa_tipo-de-juego-control","19":"first","20":"instock","21":"sale","22":"taxable","23":"shipping-taxable","24":"purchasable","25":"product-type-simple"},"brands":[{"id":11305,"name":"Varlion","slug":"varlion"}],"_links":{"self":[{"href":"https:\/\/tiendapadel5.com\/it\/wp-json\/wp\/v2\/product\/227171","targetHints":{"allow":["GET"]}}],"collection":[{"href":"https:\/\/tiendapadel5.com\/it\/wp-json\/wp\/v2\/product"}],"about":[{"href":"https:\/\/tiendapadel5.com\/it\/wp-json\/wp\/v2\/types\/product"}],"replies":[{"embeddable":true,"href":"https:\/\/tiendapadel5.com\/it\/wp-json\/wp\/v2\/comments?post=227171"}],"version-history":[{"count":1,"href":"https:\/\/tiendapadel5.com\/it\/wp-json\/wp\/v2\/product\/227171\/revisions"}],"predecessor-version":[{"id":256642,"href":"https:\/\/tiendapadel5.com\/it\/wp-json\/wp\/v2\/product\/227171\/revisions\/256642"}],"wp:featuredmedia":[{"embeddable":true,"href":"https:\/\/tiendapadel5.com\/it\/wp-json\/wp\/v2\/media\/256621"}],"wp:attachment":[{"href":"https:\/\/tiendapadel5.com\/it\/wp-json\/wp\/v2\/media?parent=227171"}],"wp:term":[{"taxonomy":"pwb-brand","embeddable":true,"href":"https:\/\/tiendapadel5.com\/it\/wp-json\/wp\/v2\/pwb-brand?post=227171"},{"taxonomy":"product_brand","embeddable":true,"href":"https:\/\/tiendapadel5.com\/it\/wp-json\/wp\/v2\/product_brand?post=227171"},{"taxonomy":"product_cat","embeddable":true,"href":"https:\/\/tiendapadel5.com\/it\/wp-json\/wp\/v2\/product_cat?post=227171"},{"taxonomy":"product_tag","embeddable":true,"href":"https:\/\/tiendapadel5.com\/it\/wp-json\/wp\/v2\/product_tag?post=227171"}],"curies":[{"name":"wp","href":"https:\/\/api.w.org\/{rel}","templated":true}]}}