{"id":225793,"date":"2025-11-05T11:42:50","date_gmt":"2025-11-05T10:42:50","guid":{"rendered":"https:\/\/tiendapadel5.com\/?post_type=product&#038;p=225793"},"modified":"2026-03-02T17:22:11","modified_gmt":"2026-03-02T16:22:11","slug":"short-hombre-nox-pro-blackberry","status":"publish","type":"product","link":"https:\/\/tiendapadel5.com\/it\/short-hombre-nox-pro-blackberry\/","title":{"rendered":"Short Hombre Nox Pro Blackberry"},"content":{"rendered":"<h2>Short Hombre Nox Pro Blackberry<\/h2>\n<p><strong>Caracter\u00edsticas:<\/strong><\/p>\n<ul>\n<li dir=\"ltr\" aria-level=\"1\">\n<p dir=\"ltr\" role=\"presentation\">Composici\u00f3n: Poli\u00e9ster 92% &#8211; Elastano 8%<\/p>\n<\/li>\n<\/ul>\n","protected":false},"excerpt":{"rendered":"<p>El Short Hombre Nox Pro Blackberry, dale un toque diferente a tu outfit con el pantal\u00f3n corto t\u00e9cnico NOX en color morado, pensado para ofrecerte innovaci\u00f3n, comodidad y el mejor rendimiento dentro de la pista.<\/p>\n","protected":false},"featured_media":225801,"comment_status":"open","ping_status":"closed","template":"","meta":{"_joinchat":[]},"pwb-brand":[34],"product_brand":[],"product_cat":[21,102,451,46],"product_tag":[11291,8040,130,176,601],"class_list":{"0":"post-225793","1":"product","2":"type-product","3":"status-publish","4":"has-post-thumbnail","6":"pwb-brand-nox","7":"product_cat-ropa-padel","8":"product_cat-pantalones-cortos","9":"product_cat-ropa-nox","10":"product_cat-hombre","11":"product_tag-blackberry","12":"product_tag-hombre","13":"product_tag-nox","14":"product_tag-pro","15":"product_tag-short","16":"pa_talla-l","17":"pa_talla-m","18":"pa_talla-s","19":"pa_talla-xl","21":"first","22":"instock","23":"sale","24":"taxable","25":"shipping-taxable","26":"purchasable","27":"product-type-variable"},"brands":[{"id":34,"name":"Nox","slug":"nox"}],"_links":{"self":[{"href":"https:\/\/tiendapadel5.com\/it\/wp-json\/wp\/v2\/product\/225793","targetHints":{"allow":["GET"]}}],"collection":[{"href":"https:\/\/tiendapadel5.com\/it\/wp-json\/wp\/v2\/product"}],"about":[{"href":"https:\/\/tiendapadel5.com\/it\/wp-json\/wp\/v2\/types\/product"}],"replies":[{"embeddable":true,"href":"https:\/\/tiendapadel5.com\/it\/wp-json\/wp\/v2\/comments?post=225793"}],"version-history":[{"count":0,"href":"https:\/\/tiendapadel5.com\/it\/wp-json\/wp\/v2\/product\/225793\/revisions"}],"wp:featuredmedia":[{"embeddable":true,"href":"https:\/\/tiendapadel5.com\/it\/wp-json\/wp\/v2\/media\/225801"}],"wp:attachment":[{"href":"https:\/\/tiendapadel5.com\/it\/wp-json\/wp\/v2\/media?parent=225793"}],"wp:term":[{"taxonomy":"pwb-brand","embeddable":true,"href":"https:\/\/tiendapadel5.com\/it\/wp-json\/wp\/v2\/pwb-brand?post=225793"},{"taxonomy":"product_brand","embeddable":true,"href":"https:\/\/tiendapadel5.com\/it\/wp-json\/wp\/v2\/product_brand?post=225793"},{"taxonomy":"product_cat","embeddable":true,"href":"https:\/\/tiendapadel5.com\/it\/wp-json\/wp\/v2\/product_cat?post=225793"},{"taxonomy":"product_tag","embeddable":true,"href":"https:\/\/tiendapadel5.com\/it\/wp-json\/wp\/v2\/product_tag?post=225793"}],"curies":[{"name":"wp","href":"https:\/\/api.w.org\/{rel}","templated":true}]}}