{"id":221970,"date":"2025-10-06T14:02:37","date_gmt":"2025-10-06T12:02:37","guid":{"rendered":"https:\/\/tiendapadel5.com\/?post_type=product&#038;p=221970"},"modified":"2026-04-09T12:09:17","modified_gmt":"2026-04-09T10:09:17","slug":"paletero-starvie-tactic-pro-2026","status":"publish","type":"product","link":"https:\/\/tiendapadel5.com\/it\/paletero-starvie-tactic-pro-2026\/","title":{"rendered":"Paletero Starvie Tactic Pro 2026"},"content":{"rendered":"<h2>Paletero Starvie Tactic Pro 2026<\/h2>\n<p><strong>Caracter\u00edsticas:<\/strong><\/p>\n<ul style=\"font-weight: 400;\">\n<li>Dos compartimentos t\u00e9rmicos Termotech\u00a0para proteger tus palas de p\u00e1del frente a temperaturas extremas.<\/li>\n<li>\u00a0Compartimento individual para calzado\u00a0con sistema de ventilaci\u00f3n.<\/li>\n<li>\u00a0\u00a0Bolsillo individual\u00a0para el bote de bolas, siempre a mano.<\/li>\n<li>\u00a0Doble sistema de transporte\u00a0con asas acolchadas y correas tipo mochila para una mayor comodidad.<\/li>\n<\/ul>\n<p style=\"font-weight: 400;\"><b><strong>Medidas:<\/strong><\/b>\u00a060 x 34 x 33 cm<br \/>\n<b><strong>Materiales:<\/strong><\/b>\u00a0PV Leather y Polyester<\/p>\n","protected":false},"excerpt":{"rendered":"<p>El Paletero Starvie Tactic Pro 2026, est\u00e1 pensado para jugadores que quieren una bolsa de p\u00e1del espaciosa y c\u00f3moda. Su dise\u00f1o en tonos blanco, azul marino y detalles en naranja le da un estilo moderno y llamativo, perfecto para llevar todo tu material bien organizado y con mucho estilo.<\/p>\n","protected":false},"featured_media":221986,"comment_status":"open","ping_status":"closed","template":"","meta":{"_joinchat":[]},"pwb-brand":[35],"product_brand":[],"product_cat":[20,434],"product_tag":[11132,257,176,167,11247],"class_list":{"0":"post-221970","1":"product","2":"type-product","3":"status-publish","4":"has-post-thumbnail","6":"pwb-brand-starvie","7":"product_cat-paleteros-de-padel","8":"product_cat-mochilas-starvie","9":"product_tag-11132","10":"product_tag-paletero","11":"product_tag-pro","12":"product_tag-starvie","13":"product_tag-tactic","15":"first","16":"instock","17":"sale","18":"taxable","19":"shipping-taxable","20":"purchasable","21":"product-type-simple"},"brands":[{"id":35,"name":"Starvie","slug":"starvie"}],"_links":{"self":[{"href":"https:\/\/tiendapadel5.com\/it\/wp-json\/wp\/v2\/product\/221970","targetHints":{"allow":["GET"]}}],"collection":[{"href":"https:\/\/tiendapadel5.com\/it\/wp-json\/wp\/v2\/product"}],"about":[{"href":"https:\/\/tiendapadel5.com\/it\/wp-json\/wp\/v2\/types\/product"}],"replies":[{"embeddable":true,"href":"https:\/\/tiendapadel5.com\/it\/wp-json\/wp\/v2\/comments?post=221970"}],"version-history":[{"count":1,"href":"https:\/\/tiendapadel5.com\/it\/wp-json\/wp\/v2\/product\/221970\/revisions"}],"predecessor-version":[{"id":254998,"href":"https:\/\/tiendapadel5.com\/it\/wp-json\/wp\/v2\/product\/221970\/revisions\/254998"}],"wp:featuredmedia":[{"embeddable":true,"href":"https:\/\/tiendapadel5.com\/it\/wp-json\/wp\/v2\/media\/221986"}],"wp:attachment":[{"href":"https:\/\/tiendapadel5.com\/it\/wp-json\/wp\/v2\/media?parent=221970"}],"wp:term":[{"taxonomy":"pwb-brand","embeddable":true,"href":"https:\/\/tiendapadel5.com\/it\/wp-json\/wp\/v2\/pwb-brand?post=221970"},{"taxonomy":"product_brand","embeddable":true,"href":"https:\/\/tiendapadel5.com\/it\/wp-json\/wp\/v2\/product_brand?post=221970"},{"taxonomy":"product_cat","embeddable":true,"href":"https:\/\/tiendapadel5.com\/it\/wp-json\/wp\/v2\/product_cat?post=221970"},{"taxonomy":"product_tag","embeddable":true,"href":"https:\/\/tiendapadel5.com\/it\/wp-json\/wp\/v2\/product_tag?post=221970"}],"curies":[{"name":"wp","href":"https:\/\/api.w.org\/{rel}","templated":true}]}}