{"id":221723,"date":"2025-10-03T18:43:39","date_gmt":"2025-10-03T16:43:39","guid":{"rendered":"https:\/\/tiendapadel5.com\/?post_type=product&#038;p=221723"},"modified":"2026-03-16T12:10:29","modified_gmt":"2026-03-16T11:10:29","slug":"zapatillas-k-swiss-hombre-court-express-2-clay-blanco-azul-agua","status":"publish","type":"product","link":"https:\/\/tiendapadel5.com\/it\/zapatillas-k-swiss-hombre-court-express-2-clay-blanco-azul-agua\/","title":{"rendered":"Zapatillas K-Swiss Hombre Court Express 2 Clay Blanco\/Azul Agua"},"content":{"rendered":"<h2>Zapatillas K-Swiss Hombre Court Express 2 Clay Blanco\/Azul Agua<\/h2>\n<p><strong>Caracter\u00edsticas:<\/strong><\/p>\n<p><span dir=\"auto\">\u2022Parte superior de cuero<\/span><\/p>\n<p><span dir=\"auto\">\u2022Forro de cuello textil<\/span><\/p>\n<p><span dir=\"auto\">\u2022Suela de goma<\/span><\/p>\n<p><span dir=\"auto\">\u2022Entresuela CMEVA<\/span><\/p>\n<p><span dir=\"auto\">\u2022Espuma inteligente troquelada<\/span><\/p>\n<p><span dir=\"auto\">\u2022Cierre de encaje<\/span><\/p>\n","protected":false},"excerpt":{"rendered":"<p>Las Zapatillas K-Swiss Hombre Court Express 2 Clay Blanco\/Azul Agua, dise\u00f1ada con una\u00a0malla transpirable se combina con una entresuela K-EVA que te da m\u00e1xima comodidad y sujeci\u00f3n. La suela de goma Aosta 7.0 con dise\u00f1o en espiga asegura una tracci\u00f3n \u00f3ptima en tierra batida y, adem\u00e1s, protege contra la fricci\u00f3n para mayor durabilidad. Con una estructura ligera, reactiva y con extra de confort, te da la ventaja que necesitas para seguir mejorando tu juego.<\/p>\n","protected":false},"featured_media":221724,"comment_status":"open","ping_status":"closed","template":"","meta":{"_joinchat":[]},"pwb-brand":[11245],"product_brand":[],"product_cat":[22,11246,52],"product_tag":[740,4484,295,405,620,714,11243,8040,11242,300],"class_list":{"0":"post-221723","1":"product","2":"type-product","3":"status-publish","4":"has-post-thumbnail","6":"pwb-brand-k-swiss","7":"product_cat-zapatillas-de-padel","8":"product_cat-zapatillas-k-swiss","9":"product_cat-para-hombre","10":"product_tag-740","11":"product_tag-agua","12":"product_tag-azul","13":"product_tag-blanco","14":"product_tag-clay","15":"product_tag-court","16":"product_tag-express","17":"product_tag-hombre","18":"product_tag-k-swiss","19":"product_tag-zapatillas","20":"pa_talla-279","21":"pa_talla-280","22":"pa_talla-281","23":"pa_talla-282","24":"pa_talla-283","25":"pa_talla-284","27":"first","28":"instock","29":"sale","30":"taxable","31":"shipping-taxable","32":"purchasable","33":"product-type-variable"},"brands":[{"id":11245,"name":"K-SWISS","slug":"k-swiss"}],"_links":{"self":[{"href":"https:\/\/tiendapadel5.com\/it\/wp-json\/wp\/v2\/product\/221723","targetHints":{"allow":["GET"]}}],"collection":[{"href":"https:\/\/tiendapadel5.com\/it\/wp-json\/wp\/v2\/product"}],"about":[{"href":"https:\/\/tiendapadel5.com\/it\/wp-json\/wp\/v2\/types\/product"}],"replies":[{"embeddable":true,"href":"https:\/\/tiendapadel5.com\/it\/wp-json\/wp\/v2\/comments?post=221723"}],"version-history":[{"count":1,"href":"https:\/\/tiendapadel5.com\/it\/wp-json\/wp\/v2\/product\/221723\/revisions"}],"predecessor-version":[{"id":254884,"href":"https:\/\/tiendapadel5.com\/it\/wp-json\/wp\/v2\/product\/221723\/revisions\/254884"}],"wp:featuredmedia":[{"embeddable":true,"href":"https:\/\/tiendapadel5.com\/it\/wp-json\/wp\/v2\/media\/221724"}],"wp:attachment":[{"href":"https:\/\/tiendapadel5.com\/it\/wp-json\/wp\/v2\/media?parent=221723"}],"wp:term":[{"taxonomy":"pwb-brand","embeddable":true,"href":"https:\/\/tiendapadel5.com\/it\/wp-json\/wp\/v2\/pwb-brand?post=221723"},{"taxonomy":"product_brand","embeddable":true,"href":"https:\/\/tiendapadel5.com\/it\/wp-json\/wp\/v2\/product_brand?post=221723"},{"taxonomy":"product_cat","embeddable":true,"href":"https:\/\/tiendapadel5.com\/it\/wp-json\/wp\/v2\/product_cat?post=221723"},{"taxonomy":"product_tag","embeddable":true,"href":"https:\/\/tiendapadel5.com\/it\/wp-json\/wp\/v2\/product_tag?post=221723"}],"curies":[{"name":"wp","href":"https:\/\/api.w.org\/{rel}","templated":true}]}}