{"id":221432,"date":"2025-10-03T11:08:38","date_gmt":"2025-10-03T09:08:38","guid":{"rendered":"https:\/\/tiendapadel5.com\/?post_type=product&#038;p=221432"},"modified":"2026-04-09T13:49:28","modified_gmt":"2026-04-09T11:49:28","slug":"starvie-astrum-2026","status":"publish","type":"product","link":"https:\/\/tiendapadel5.com\/it\/starvie-astrum-2026\/","title":{"rendered":"Starvie Astrum + 2026"},"content":{"rendered":"<h2>Starvie Astrum + 2026<\/h2>\n<p><strong>Caracter\u00edsticas:<\/strong><\/p>\n<table class=\"product-features-table\">\n<tbody>\n<tr>\n<td>Forma<\/td>\n<td>L\u00e1grima<\/td>\n<\/tr>\n<tr>\n<td>Plano<\/td>\n<td>12K CARBON HYPER<\/td>\n<\/tr>\n<tr>\n<td>Goma<\/td>\n<td>M-EVA BALANCE<\/td>\n<\/tr>\n<tr>\n<td>Perfil<\/td>\n<td>38mm<\/td>\n<\/tr>\n<tr>\n<td>Peso<\/td>\n<td>360 (+\/- 8 g)<\/td>\n<\/tr>\n<tr>\n<td>Balance<\/td>\n<td>Medio<\/td>\n<\/tr>\n<\/tbody>\n<\/table>\n","protected":false},"excerpt":{"rendered":"<p>La Starvie Astrum + 2026, es una pala vers\u00e1til con forma de l\u00e1grima y superficie en 12K Carbon Hyper, que ampl\u00eda el punto dulce y ofrece un tacto m\u00e1s suave y preciso en cada golpe. Incorpora la nueva goma M-Eva Balance de densidad media-alta, que brinda una respuesta equilibrada y se adapta con facilidad a distintos estilos de juego.<\/p>\n","protected":false},"featured_media":221454,"comment_status":"open","ping_status":"closed","template":"","meta":{"_joinchat":[]},"pwb-brand":[35],"product_brand":[],"product_cat":[19,11134,413],"product_tag":[11132,1246,83,167],"class_list":{"0":"post-221432","1":"product","2":"type-product","3":"status-publish","4":"has-post-thumbnail","6":"pwb-brand-starvie","7":"product_cat-palas-padel","8":"product_cat-11134","9":"product_cat-starvie","10":"product_tag-11132","11":"product_tag-astrum","12":"product_tag-camiseta","13":"product_tag-starvie","14":"pa_forma-lagrima","15":"pa_marco-fibra-de-carbono","16":"pa_nivel-de-juego-avanzado-profesional","17":"pa_tipo-de-juego-control","19":"first","20":"instock","21":"sale","22":"taxable","23":"shipping-taxable","24":"purchasable","25":"product-type-simple"},"brands":[{"id":35,"name":"Starvie","slug":"starvie"}],"_links":{"self":[{"href":"https:\/\/tiendapadel5.com\/it\/wp-json\/wp\/v2\/product\/221432","targetHints":{"allow":["GET"]}}],"collection":[{"href":"https:\/\/tiendapadel5.com\/it\/wp-json\/wp\/v2\/product"}],"about":[{"href":"https:\/\/tiendapadel5.com\/it\/wp-json\/wp\/v2\/types\/product"}],"replies":[{"embeddable":true,"href":"https:\/\/tiendapadel5.com\/it\/wp-json\/wp\/v2\/comments?post=221432"}],"version-history":[{"count":1,"href":"https:\/\/tiendapadel5.com\/it\/wp-json\/wp\/v2\/product\/221432\/revisions"}],"predecessor-version":[{"id":254733,"href":"https:\/\/tiendapadel5.com\/it\/wp-json\/wp\/v2\/product\/221432\/revisions\/254733"}],"wp:featuredmedia":[{"embeddable":true,"href":"https:\/\/tiendapadel5.com\/it\/wp-json\/wp\/v2\/media\/221454"}],"wp:attachment":[{"href":"https:\/\/tiendapadel5.com\/it\/wp-json\/wp\/v2\/media?parent=221432"}],"wp:term":[{"taxonomy":"pwb-brand","embeddable":true,"href":"https:\/\/tiendapadel5.com\/it\/wp-json\/wp\/v2\/pwb-brand?post=221432"},{"taxonomy":"product_brand","embeddable":true,"href":"https:\/\/tiendapadel5.com\/it\/wp-json\/wp\/v2\/product_brand?post=221432"},{"taxonomy":"product_cat","embeddable":true,"href":"https:\/\/tiendapadel5.com\/it\/wp-json\/wp\/v2\/product_cat?post=221432"},{"taxonomy":"product_tag","embeddable":true,"href":"https:\/\/tiendapadel5.com\/it\/wp-json\/wp\/v2\/product_tag?post=221432"}],"curies":[{"name":"wp","href":"https:\/\/api.w.org\/{rel}","templated":true}]}}