{"id":219925,"date":"2025-09-24T13:11:05","date_gmt":"2025-09-24T11:11:05","guid":{"rendered":"https:\/\/tiendapadel5.com\/?post_type=product&#038;p=219925"},"modified":"2025-11-20T17:50:21","modified_gmt":"2025-11-20T16:50:21","slug":"neceser-aca-padel-orange","status":"publish","type":"product","link":"https:\/\/tiendapadel5.com\/it\/neceser-aca-padel-orange\/","title":{"rendered":"Neceser Aca Padel Orange"},"content":{"rendered":"<h2>Neceser Aca Padel Orange<\/h2>\n<p><strong>Caracter\u00edsticas:<\/strong><\/p>\n<ul>\n<li><strong>COMPOSICI\u00d3N:<\/strong>\u00a0<strong>EXTERIOR:<\/strong>\u00a0100% POLI\u00c9STER,\u00a0<strong>FORRO:<\/strong>\u00a0100% POLI\u00c9STER<\/li>\n<li><strong>MEDIDAS:<\/strong>\u00a026.5cm x 14cm x 12cm<\/li>\n<li><strong>COLOR:<\/strong> NEGRO \u2013 ORANGE<\/li>\n<\/ul>\n","protected":false},"excerpt":{"rendered":"<p>El Neceser Aca Padel Orange, es s\u00faper pr\u00e1ctico y resistente, hecho para acompa\u00f1arte tanto dentro como fuera de la cancha. Perfecto para llevar tus cosas personales, cosm\u00e9ticos o cualquier detalle que quieras tener siempre a mano.<\/p>\n","protected":false},"featured_media":219941,"comment_status":"open","ping_status":"closed","template":"","meta":{"_joinchat":[]},"pwb-brand":[10226],"product_brand":[],"product_cat":[23,10187,4449],"product_tag":[10227,297,525,85],"class_list":{"0":"post-219925","1":"product","2":"type-product","3":"status-publish","4":"has-post-thumbnail","6":"pwb-brand-aca","7":"product_cat-accesorios-de-padel","8":"product_cat-complementos-aca","9":"product_cat-neceseres-monederos","10":"product_tag-aca","11":"product_tag-neceser","12":"product_tag-orange","13":"product_tag-padel","15":"first","16":"instock","17":"sale","18":"taxable","19":"shipping-taxable","20":"purchasable","21":"product-type-simple"},"brands":[{"id":10226,"name":"Aca","slug":"aca"}],"_links":{"self":[{"href":"https:\/\/tiendapadel5.com\/it\/wp-json\/wp\/v2\/product\/219925","targetHints":{"allow":["GET"]}}],"collection":[{"href":"https:\/\/tiendapadel5.com\/it\/wp-json\/wp\/v2\/product"}],"about":[{"href":"https:\/\/tiendapadel5.com\/it\/wp-json\/wp\/v2\/types\/product"}],"replies":[{"embeddable":true,"href":"https:\/\/tiendapadel5.com\/it\/wp-json\/wp\/v2\/comments?post=219925"}],"version-history":[{"count":0,"href":"https:\/\/tiendapadel5.com\/it\/wp-json\/wp\/v2\/product\/219925\/revisions"}],"wp:featuredmedia":[{"embeddable":true,"href":"https:\/\/tiendapadel5.com\/it\/wp-json\/wp\/v2\/media\/219941"}],"wp:attachment":[{"href":"https:\/\/tiendapadel5.com\/it\/wp-json\/wp\/v2\/media?parent=219925"}],"wp:term":[{"taxonomy":"pwb-brand","embeddable":true,"href":"https:\/\/tiendapadel5.com\/it\/wp-json\/wp\/v2\/pwb-brand?post=219925"},{"taxonomy":"product_brand","embeddable":true,"href":"https:\/\/tiendapadel5.com\/it\/wp-json\/wp\/v2\/product_brand?post=219925"},{"taxonomy":"product_cat","embeddable":true,"href":"https:\/\/tiendapadel5.com\/it\/wp-json\/wp\/v2\/product_cat?post=219925"},{"taxonomy":"product_tag","embeddable":true,"href":"https:\/\/tiendapadel5.com\/it\/wp-json\/wp\/v2\/product_tag?post=219925"}],"curies":[{"name":"wp","href":"https:\/\/api.w.org\/{rel}","templated":true}]}}