{"id":219877,"date":"2025-09-24T12:39:40","date_gmt":"2025-09-24T10:39:40","guid":{"rendered":"https:\/\/tiendapadel5.com\/?post_type=product&#038;p=219877"},"modified":"2025-11-20T17:50:32","modified_gmt":"2025-11-20T16:50:32","slug":"neceser-aca-padel-silver","status":"publish","type":"product","link":"https:\/\/tiendapadel5.com\/it\/neceser-aca-padel-silver\/","title":{"rendered":"Neceser Aca Padel Silver"},"content":{"rendered":"<h2>Neceser Aca Padel Silver<\/h2>\n<p><strong>Caracter\u00edsticas:<\/strong><\/p>\n<ul>\n<li><strong>COMPOSICI\u00d3N:<\/strong> <strong>EXTERIOR:<\/strong> 100% POLI\u00c9STER, <strong>FORRO:<\/strong> 100% POLI\u00c9STER<\/li>\n<li><strong>MEDIDAS:<\/strong> 26.5cm x 14cm x 12cm<\/li>\n<li><strong>COLOR:<\/strong> NEGRO &#8211; SILVER<\/li>\n<\/ul>\n","protected":false},"excerpt":{"rendered":"<p>El Neceser Aca Padel Silver, es s\u00faper pr\u00e1ctico y resistente, hecho para acompa\u00f1arte tanto dentro como fuera de la cancha. Perfecto para llevar tus cosas personales, cosm\u00e9ticos o cualquier detalle que quieras tener siempre a mano.<\/p>\n","protected":false},"featured_media":219893,"comment_status":"open","ping_status":"closed","template":"","meta":{"_joinchat":[]},"pwb-brand":[10226],"product_brand":[],"product_cat":[23,10187,4449],"product_tag":[10227,297,85,175],"class_list":{"0":"post-219877","1":"product","2":"type-product","3":"status-publish","4":"has-post-thumbnail","6":"pwb-brand-aca","7":"product_cat-accesorios-de-padel","8":"product_cat-complementos-aca","9":"product_cat-neceseres-monederos","10":"product_tag-aca","11":"product_tag-neceser","12":"product_tag-padel","13":"product_tag-silver","15":"first","16":"instock","17":"sale","18":"taxable","19":"shipping-taxable","20":"purchasable","21":"product-type-simple"},"brands":[{"id":10226,"name":"Aca","slug":"aca"}],"_links":{"self":[{"href":"https:\/\/tiendapadel5.com\/it\/wp-json\/wp\/v2\/product\/219877","targetHints":{"allow":["GET"]}}],"collection":[{"href":"https:\/\/tiendapadel5.com\/it\/wp-json\/wp\/v2\/product"}],"about":[{"href":"https:\/\/tiendapadel5.com\/it\/wp-json\/wp\/v2\/types\/product"}],"replies":[{"embeddable":true,"href":"https:\/\/tiendapadel5.com\/it\/wp-json\/wp\/v2\/comments?post=219877"}],"version-history":[{"count":0,"href":"https:\/\/tiendapadel5.com\/it\/wp-json\/wp\/v2\/product\/219877\/revisions"}],"wp:featuredmedia":[{"embeddable":true,"href":"https:\/\/tiendapadel5.com\/it\/wp-json\/wp\/v2\/media\/219893"}],"wp:attachment":[{"href":"https:\/\/tiendapadel5.com\/it\/wp-json\/wp\/v2\/media?parent=219877"}],"wp:term":[{"taxonomy":"pwb-brand","embeddable":true,"href":"https:\/\/tiendapadel5.com\/it\/wp-json\/wp\/v2\/pwb-brand?post=219877"},{"taxonomy":"product_brand","embeddable":true,"href":"https:\/\/tiendapadel5.com\/it\/wp-json\/wp\/v2\/product_brand?post=219877"},{"taxonomy":"product_cat","embeddable":true,"href":"https:\/\/tiendapadel5.com\/it\/wp-json\/wp\/v2\/product_cat?post=219877"},{"taxonomy":"product_tag","embeddable":true,"href":"https:\/\/tiendapadel5.com\/it\/wp-json\/wp\/v2\/product_tag?post=219877"}],"curies":[{"name":"wp","href":"https:\/\/api.w.org\/{rel}","templated":true}]}}