{"id":219063,"date":"2025-09-17T17:12:51","date_gmt":"2025-09-17T15:12:51","guid":{"rendered":"https:\/\/tiendapadel5.com\/?post_type=product&#038;p=219063"},"modified":"2026-03-14T01:50:24","modified_gmt":"2026-03-14T00:50:24","slug":"zapatillas-wilson-hurakn-lite-2025-black-infrared-white","status":"publish","type":"product","link":"https:\/\/tiendapadel5.com\/it\/zapatillas-wilson-hurakn-lite-2025-black-infrared-white\/","title":{"rendered":"Zapatillas Wilson Hurakn Lite 2025 Black\/Infrared\/White"},"content":{"rendered":"<h2><strong>Zapatillas Wilson Hurakn Lite 2025 Negro\/Infrared\/White<\/strong><\/h2>\n<p><strong>Caracter\u00edsticas:<\/strong><\/p>\n<p>\u2013 Chasis Pro Torque Light<br \/>\n\u2013 Espuma Fused 8<br \/>\n\u2013 Agarre \u00d3ptimo<br \/>\n\u2013 Duralast<br \/>\n\u2013 Peso: 299 g \/ 10.5 oz<\/p>\n","protected":false},"excerpt":{"rendered":"<p>Las Zapatillas Wilson Hurakn Lite 2025 Black\/Infrared\/White, cuentan con una serie de caracter\u00edsticas preparadas para un movimiento \u00f3ptimo en la pista de p\u00e1del.<\/p>\n","protected":false},"featured_media":219092,"comment_status":"open","ping_status":"closed","template":"","meta":{"_joinchat":[]},"pwb-brand":[37],"product_brand":[],"product_cat":[4298,4939,4312],"product_tag":[9954,1899,8765,11098,2102,8768,1947,6699],"class_list":{"0":"post-219063","1":"product","2":"type-product","3":"status-publish","4":"has-post-thumbnail","6":"pwb-brand-wilson","7":"product_cat-padel-shoes","8":"product_cat-padel-shoes-men","9":"product_cat-wilson-padel-shoes","10":"product_tag-2025-en","11":"product_tag-black-en","12":"product_tag-hurakn-en","13":"product_tag-infrared","14":"product_tag-lite-en","15":"product_tag-white-en-4","16":"product_tag-wilson-en","17":"product_tag-sneakers","18":"pa_talla-40-2-3-en","19":"pa_talla-41-1-3-en","20":"pa_talla-42-en","21":"pa_talla-42-2-3-en","22":"pa_talla-43-1-3-en","23":"pa_talla-44-en","24":"pa_talla-44-2-3-en","25":"pa_talla-45-1-3-en","27":"first","28":"instock","29":"sale","30":"taxable","31":"shipping-taxable","32":"purchasable","33":"product-type-variable"},"brands":[{"id":37,"name":"Wilson","slug":"wilson"}],"_links":{"self":[{"href":"https:\/\/tiendapadel5.com\/it\/wp-json\/wp\/v2\/product\/219063","targetHints":{"allow":["GET"]}}],"collection":[{"href":"https:\/\/tiendapadel5.com\/it\/wp-json\/wp\/v2\/product"}],"about":[{"href":"https:\/\/tiendapadel5.com\/it\/wp-json\/wp\/v2\/types\/product"}],"replies":[{"embeddable":true,"href":"https:\/\/tiendapadel5.com\/it\/wp-json\/wp\/v2\/comments?post=219063"}],"version-history":[{"count":0,"href":"https:\/\/tiendapadel5.com\/it\/wp-json\/wp\/v2\/product\/219063\/revisions"}],"wp:featuredmedia":[{"embeddable":true,"href":"https:\/\/tiendapadel5.com\/it\/wp-json\/wp\/v2\/media\/219092"}],"wp:attachment":[{"href":"https:\/\/tiendapadel5.com\/it\/wp-json\/wp\/v2\/media?parent=219063"}],"wp:term":[{"taxonomy":"pwb-brand","embeddable":true,"href":"https:\/\/tiendapadel5.com\/it\/wp-json\/wp\/v2\/pwb-brand?post=219063"},{"taxonomy":"product_brand","embeddable":true,"href":"https:\/\/tiendapadel5.com\/it\/wp-json\/wp\/v2\/product_brand?post=219063"},{"taxonomy":"product_cat","embeddable":true,"href":"https:\/\/tiendapadel5.com\/it\/wp-json\/wp\/v2\/product_cat?post=219063"},{"taxonomy":"product_tag","embeddable":true,"href":"https:\/\/tiendapadel5.com\/it\/wp-json\/wp\/v2\/product_tag?post=219063"}],"curies":[{"name":"wp","href":"https:\/\/api.w.org\/{rel}","templated":true}]}}