{"id":218230,"date":"2025-09-05T13:10:25","date_gmt":"2025-09-05T12:10:25","guid":{"rendered":"https:\/\/tiendapadel5.com\/?post_type=product&#038;p=218230"},"modified":"2025-09-05T13:10:33","modified_gmt":"2025-09-05T12:10:33","slug":"pantalon-corto-adidas-match-powder-yellow-2025","status":"publish","type":"product","link":"https:\/\/tiendapadel5.com\/it\/pantalon-corto-adidas-match-powder-yellow-2025\/","title":{"rendered":"Pantal\u00f3n Corto Adidas Match Powder Yellow 2025"},"content":{"rendered":"<h2>Pantal\u00f3n Corto Adidas Match Powder Yellow 2025<\/h2>\n<p><strong>Caracter\u00edsticas:<\/strong><\/p>\n<table class=\"table table-striped table-product-dimensions table-light table-bordered- table-sm mt-3\">\n<tbody>\n<tr>\n<td class=\"font-weight-500\">1-<\/td>\n<td>Regular fit<\/td>\n<\/tr>\n<tr>\n<td class=\"font-weight-500\">2-<\/td>\n<td>High elastic waist<\/td>\n<\/tr>\n<tr>\n<td class=\"font-weight-500\">3-<\/td>\n<td>79% polyester (recycled), 21% elastane<\/td>\n<\/tr>\n<tr>\n<td class=\"font-weight-500\">5-<\/td>\n<td>CLIMACOOL<\/td>\n<\/tr>\n<tr>\n<td class=\"font-weight-500\">6-<\/td>\n<td>Integrated inner leggings<\/td>\n<\/tr>\n<tr>\n<td class=\"font-weight-500\">Composici\u00f3n<\/td>\n<td>73% Rec. Polyamide\/27% Elasthane<\/td>\n<\/tr>\n<\/tbody>\n<\/table>\n","protected":false},"excerpt":{"rendered":"<p>El Pantal\u00f3n Corto Adidas Match Powder Yellow 2025, cuando aprieta el calor en la pista, juega c\u00f3modo con estos shorts de padel adidas. La tecnolog\u00eda CLIMACOOL se encarga de absorber el sudor para que est\u00e9s fresco, seco y sin distracciones. Con una cintura suave y el\u00e1stica y un dise\u00f1o flexible, vas a poder concentrarte al 100% en cada punto<\/p>\n","protected":false},"featured_media":218238,"comment_status":"open","ping_status":"closed","template":"","meta":{"_joinchat":[]},"pwb-brand":[28],"product_brand":[],"product_cat":[21,4948,47],"product_tag":[9781,143,402,993,401,11208,1209],"class_list":{"0":"post-218230","1":"product","2":"type-product","3":"status-publish","4":"has-post-thumbnail","6":"pwb-brand-adidas-padel","7":"product_cat-ropa-padel","8":"product_cat-ropa-adidas","9":"product_cat-mujer","10":"product_tag-9781","11":"product_tag-adidas","12":"product_tag-corto","13":"product_tag-match","14":"product_tag-pantalon","15":"product_tag-powder","16":"product_tag-yellow","17":"pa_talla-l","18":"pa_talla-m","19":"pa_talla-s","20":"pa_talla-xl","21":"pa_talla-xs","23":"first","24":"instock","25":"sale","26":"taxable","27":"shipping-taxable","28":"purchasable","29":"product-type-variable"},"brands":[{"id":28,"name":"Adidas Padel","slug":"adidas-padel"}],"_links":{"self":[{"href":"https:\/\/tiendapadel5.com\/it\/wp-json\/wp\/v2\/product\/218230","targetHints":{"allow":["GET"]}}],"collection":[{"href":"https:\/\/tiendapadel5.com\/it\/wp-json\/wp\/v2\/product"}],"about":[{"href":"https:\/\/tiendapadel5.com\/it\/wp-json\/wp\/v2\/types\/product"}],"replies":[{"embeddable":true,"href":"https:\/\/tiendapadel5.com\/it\/wp-json\/wp\/v2\/comments?post=218230"}],"version-history":[{"count":0,"href":"https:\/\/tiendapadel5.com\/it\/wp-json\/wp\/v2\/product\/218230\/revisions"}],"wp:featuredmedia":[{"embeddable":true,"href":"https:\/\/tiendapadel5.com\/it\/wp-json\/wp\/v2\/media\/218238"}],"wp:attachment":[{"href":"https:\/\/tiendapadel5.com\/it\/wp-json\/wp\/v2\/media?parent=218230"}],"wp:term":[{"taxonomy":"pwb-brand","embeddable":true,"href":"https:\/\/tiendapadel5.com\/it\/wp-json\/wp\/v2\/pwb-brand?post=218230"},{"taxonomy":"product_brand","embeddable":true,"href":"https:\/\/tiendapadel5.com\/it\/wp-json\/wp\/v2\/product_brand?post=218230"},{"taxonomy":"product_cat","embeddable":true,"href":"https:\/\/tiendapadel5.com\/it\/wp-json\/wp\/v2\/product_cat?post=218230"},{"taxonomy":"product_tag","embeddable":true,"href":"https:\/\/tiendapadel5.com\/it\/wp-json\/wp\/v2\/product_tag?post=218230"}],"curies":[{"name":"wp","href":"https:\/\/api.w.org\/{rel}","templated":true}]}}