{"id":218202,"date":"2025-09-05T12:36:31","date_gmt":"2025-09-05T11:36:31","guid":{"rendered":"https:\/\/tiendapadel5.com\/?post_type=product&#038;p=218202"},"modified":"2025-09-05T12:55:55","modified_gmt":"2025-09-05T11:55:55","slug":"vestido-adidas-club-lucid-pink-2025","status":"publish","type":"product","link":"https:\/\/tiendapadel5.com\/it\/vestido-adidas-club-lucid-pink-2025\/","title":{"rendered":"Vestido Adidas Club Lucid Pink 2025"},"content":{"rendered":"<h2>Vestido Adidas Club Lucid Pink 2025<\/h2>\n<p><strong>Caracter\u00edsticas:<\/strong><\/p>\n<table class=\"table table-striped table-product-dimensions table-light table-bordered- table-sm mt-3\">\n<tbody>\n<tr>\n<td class=\"font-weight-500\">1-<\/td>\n<td>Regular fit<\/td>\n<\/tr>\n<tr>\n<td class=\"font-weight-500\">5-<\/td>\n<td>CLIMACOOL<\/td>\n<\/tr>\n<tr>\n<td class=\"font-weight-500\">8-<\/td>\n<td>Separate inner leggings<\/td>\n<\/tr>\n<tr>\n<td class=\"font-weight-500\">Composici\u00f3n<\/td>\n<td>65% rec.Polyester\/35% Cotton<\/td>\n<\/tr>\n<\/tbody>\n<\/table>\n","protected":false},"excerpt":{"rendered":"<p>El Vestido Adidas Club Lucid Pink 2025, sal a la pista lista para dar tu mejor padel con este vestido adidas Club. La tecnolog\u00eda CLIMACOOL se encarga de absorber el sudor y mantenerte fresca, seca y concentrada todo el partido. Su tejido el\u00e1stico se mueve contigo, d\u00e1ndote total libertad y comodidad. Adem\u00e1s, viene con unos leggings aparte para que sumes cobertura o juegues con tu estilo.<\/p>\n","protected":false},"featured_media":218217,"comment_status":"open","ping_status":"closed","template":"","meta":{"_joinchat":[]},"pwb-brand":[28],"product_brand":[],"product_cat":[21,96,4948,47],"product_tag":[9781,143,393,10424,516,9986],"class_list":{"0":"post-218202","1":"product","2":"type-product","3":"status-publish","4":"has-post-thumbnail","6":"pwb-brand-adidas-padel","7":"product_cat-ropa-padel","8":"product_cat-faldas","9":"product_cat-ropa-adidas","10":"product_cat-mujer","11":"product_tag-9781","12":"product_tag-adidas","13":"product_tag-club","14":"product_tag-lucid","15":"product_tag-pink","16":"product_tag-vestido","17":"pa_talla-l","18":"pa_talla-m","19":"pa_talla-s","20":"pa_talla-xl","21":"pa_talla-xs","23":"first","24":"instock","25":"sale","26":"taxable","27":"shipping-taxable","28":"purchasable","29":"product-type-variable"},"brands":[{"id":28,"name":"Adidas Padel","slug":"adidas-padel"}],"_links":{"self":[{"href":"https:\/\/tiendapadel5.com\/it\/wp-json\/wp\/v2\/product\/218202","targetHints":{"allow":["GET"]}}],"collection":[{"href":"https:\/\/tiendapadel5.com\/it\/wp-json\/wp\/v2\/product"}],"about":[{"href":"https:\/\/tiendapadel5.com\/it\/wp-json\/wp\/v2\/types\/product"}],"replies":[{"embeddable":true,"href":"https:\/\/tiendapadel5.com\/it\/wp-json\/wp\/v2\/comments?post=218202"}],"version-history":[{"count":0,"href":"https:\/\/tiendapadel5.com\/it\/wp-json\/wp\/v2\/product\/218202\/revisions"}],"wp:featuredmedia":[{"embeddable":true,"href":"https:\/\/tiendapadel5.com\/it\/wp-json\/wp\/v2\/media\/218217"}],"wp:attachment":[{"href":"https:\/\/tiendapadel5.com\/it\/wp-json\/wp\/v2\/media?parent=218202"}],"wp:term":[{"taxonomy":"pwb-brand","embeddable":true,"href":"https:\/\/tiendapadel5.com\/it\/wp-json\/wp\/v2\/pwb-brand?post=218202"},{"taxonomy":"product_brand","embeddable":true,"href":"https:\/\/tiendapadel5.com\/it\/wp-json\/wp\/v2\/product_brand?post=218202"},{"taxonomy":"product_cat","embeddable":true,"href":"https:\/\/tiendapadel5.com\/it\/wp-json\/wp\/v2\/product_cat?post=218202"},{"taxonomy":"product_tag","embeddable":true,"href":"https:\/\/tiendapadel5.com\/it\/wp-json\/wp\/v2\/product_tag?post=218202"}],"curies":[{"name":"wp","href":"https:\/\/api.w.org\/{rel}","templated":true}]}}