{"id":217217,"date":"2025-09-02T12:13:06","date_gmt":"2025-09-02T11:13:06","guid":{"rendered":"https:\/\/tiendapadel5.com\/?post_type=product&#038;p=217217"},"modified":"2026-04-27T08:46:54","modified_gmt":"2026-04-27T06:46:54","slug":"head-evo-extreme-2025","status":"publish","type":"product","link":"https:\/\/tiendapadel5.com\/it\/head-evo-extreme-2025\/","title":{"rendered":"Head Evo Extreme 2025"},"content":{"rendered":"<h2>Head Evo Extreme 2025<\/h2>\n<p><strong>Caracter\u00edsticas:<\/strong><\/p>\n<ul class=\"productInformation-specsBlock-gga\">\n<li>\n<div class=\"productInformation-title-VwF\"><strong>Forma:<\/strong> Teardrop OS<\/div>\n<\/li>\n<li>\n<div class=\"productInformation-title-VwF\"><strong>Peso:<\/strong> 350 g \/ 12.3 oz<\/div>\n<\/li>\n<li>\n<div class=\"productInformation-title-VwF\"><strong>Tama\u00f1o de cabeza:<\/strong> 511 cm\u00b2 \/ 79 in\u00b2<\/div>\n<\/li>\n<li>\n<div class=\"productInformation-title-VwF\"><strong>Equilibrio:<\/strong> 270.0 mm<\/div>\n<\/li>\n<li>\n<div class=\"productInformation-title-VwF\"><strong>Beam:<\/strong> 38 mm \/ 1.5 in<\/div>\n<\/li>\n<li>\n<div class=\"productInformation-title-VwF\"><strong>Superficie de golpeo:<\/strong> Fibra de vidrio<\/div>\n<\/li>\n<\/ul>\n","protected":false},"excerpt":{"rendered":"<p>La Pala Head Evo Extreme 2025, viene ahora m\u00e1s liviana, m\u00e1s flexible y con un dise\u00f1o bien moderno. Es ideal si reci\u00e9n est\u00e1s empezando a jugar al p\u00e1del, porque es s\u00faper f\u00e1cil de manejar y te ayuda a entrar en ritmo desde el primer partido.<\/p>\n","protected":false},"featured_media":217225,"comment_status":"open","ping_status":"closed","template":"","meta":{"_joinchat":[]},"pwb-brand":[33],"product_brand":[],"product_cat":[19,11024,411],"product_tag":[9781,361,5646,160],"class_list":{"0":"post-217217","1":"product","2":"type-product","3":"status-publish","4":"has-post-thumbnail","6":"pwb-brand-head","7":"product_cat-palas-padel","8":"product_cat-palas-de-padel-2025","9":"product_cat-head","10":"product_tag-9781","11":"product_tag-evo","12":"product_tag-extreme","13":"product_tag-head","14":"pa_forma-redonda","15":"pa_marco-fibra-de-vidrio","16":"pa_nivel-de-juego-iniciacion","17":"pa_tipo-de-juego-polivalente","19":"first","20":"instock","21":"sale","22":"taxable","23":"shipping-taxable","24":"purchasable","25":"product-type-simple"},"brands":[{"id":33,"name":"Head","slug":"head"}],"_links":{"self":[{"href":"https:\/\/tiendapadel5.com\/it\/wp-json\/wp\/v2\/product\/217217","targetHints":{"allow":["GET"]}}],"collection":[{"href":"https:\/\/tiendapadel5.com\/it\/wp-json\/wp\/v2\/product"}],"about":[{"href":"https:\/\/tiendapadel5.com\/it\/wp-json\/wp\/v2\/types\/product"}],"replies":[{"embeddable":true,"href":"https:\/\/tiendapadel5.com\/it\/wp-json\/wp\/v2\/comments?post=217217"}],"version-history":[{"count":0,"href":"https:\/\/tiendapadel5.com\/it\/wp-json\/wp\/v2\/product\/217217\/revisions"}],"wp:featuredmedia":[{"embeddable":true,"href":"https:\/\/tiendapadel5.com\/it\/wp-json\/wp\/v2\/media\/217225"}],"wp:attachment":[{"href":"https:\/\/tiendapadel5.com\/it\/wp-json\/wp\/v2\/media?parent=217217"}],"wp:term":[{"taxonomy":"pwb-brand","embeddable":true,"href":"https:\/\/tiendapadel5.com\/it\/wp-json\/wp\/v2\/pwb-brand?post=217217"},{"taxonomy":"product_brand","embeddable":true,"href":"https:\/\/tiendapadel5.com\/it\/wp-json\/wp\/v2\/product_brand?post=217217"},{"taxonomy":"product_cat","embeddable":true,"href":"https:\/\/tiendapadel5.com\/it\/wp-json\/wp\/v2\/product_cat?post=217217"},{"taxonomy":"product_tag","embeddable":true,"href":"https:\/\/tiendapadel5.com\/it\/wp-json\/wp\/v2\/product_tag?post=217217"}],"curies":[{"name":"wp","href":"https:\/\/api.w.org\/{rel}","templated":true}]}}