{"id":217158,"date":"2025-09-02T11:40:28","date_gmt":"2025-09-02T10:40:28","guid":{"rendered":"https:\/\/tiendapadel5.com\/?post_type=product&#038;p=217158"},"modified":"2026-04-28T12:54:32","modified_gmt":"2026-04-28T10:54:32","slug":"head-extreme-pro-2025","status":"publish","type":"product","link":"https:\/\/tiendapadel5.com\/it\/head-extreme-pro-2025\/","title":{"rendered":"Head Extreme Pro 2025"},"content":{"rendered":"<h2>Head Extreme Pro 2025<\/h2>\n<p><strong>Caracter\u00edsticas:<\/strong><\/p>\n<ul class=\"productInformation-specsBlock-gga\">\n<li>\n<div class=\"productInformation-title-VwF\"><strong>Forma:<\/strong> Diamante<\/div>\n<\/li>\n<li>\n<div class=\"productInformation-title-VwF\"><strong>Peso:<\/strong> 370 g \/ 13.1 oz<\/div>\n<\/li>\n<li>\n<div class=\"productInformation-title-VwF\"><strong>Tama\u00f1o de cabeza:<\/strong> 494 cm\u00b2 \/ 77 in\u00b2<\/div>\n<\/li>\n<li>\n<div class=\"productInformation-title-VwF\"><strong>Equilibrio:<\/strong> 270.0 mm<\/div>\n<\/li>\n<li>\n<div class=\"productInformation-title-VwF\"><strong>Beam:<\/strong> 38 mm \/ 1.5 in<\/div>\n<\/li>\n<li>\n<div class=\"productInformation-title-VwF\"><strong>Superficie de golpeo:<\/strong> Carbono UD<\/div>\n<\/li>\n<\/ul>\n","protected":false},"excerpt":{"rendered":"<p>La Head Extreme Pro 2025, dise\u00f1ada con forma de diamante, lo que te da un plus de potencia, y su balance alto hace que los golpes de ataque salgan con mucha m\u00e1s fuerza. Adem\u00e1s, ahora viene con una capa nueva de fibra de carbono unidireccional en la cara, lo que la hace m\u00e1s r\u00edgida y le da una potencia explosiva. Y como guinda, el nuevo patr\u00f3n de agujeros mejora tanto el punto dulce como la pegada.<\/p>\n","protected":false},"featured_media":217166,"comment_status":"open","ping_status":"closed","template":"","meta":{"_joinchat":[]},"pwb-brand":[33],"product_brand":[],"product_cat":[19,11024,411],"product_tag":[9781,5646,160,176],"class_list":{"0":"post-217158","1":"product","2":"type-product","3":"status-publish","4":"has-post-thumbnail","6":"pwb-brand-head","7":"product_cat-palas-padel","8":"product_cat-palas-de-padel-2025","9":"product_cat-head","10":"product_tag-9781","11":"product_tag-extreme","12":"product_tag-head","13":"product_tag-pro","14":"pa_forma-diamante","15":"pa_marco-fibra-de-carbono","16":"pa_nivel-de-juego-avanzado-profesional","17":"pa_tipo-de-juego-potencia","19":"first","20":"instock","21":"sale","22":"taxable","23":"shipping-taxable","24":"purchasable","25":"product-type-simple"},"brands":[{"id":33,"name":"Head","slug":"head"}],"_links":{"self":[{"href":"https:\/\/tiendapadel5.com\/it\/wp-json\/wp\/v2\/product\/217158","targetHints":{"allow":["GET"]}}],"collection":[{"href":"https:\/\/tiendapadel5.com\/it\/wp-json\/wp\/v2\/product"}],"about":[{"href":"https:\/\/tiendapadel5.com\/it\/wp-json\/wp\/v2\/types\/product"}],"replies":[{"embeddable":true,"href":"https:\/\/tiendapadel5.com\/it\/wp-json\/wp\/v2\/comments?post=217158"}],"version-history":[{"count":1,"href":"https:\/\/tiendapadel5.com\/it\/wp-json\/wp\/v2\/product\/217158\/revisions"}],"predecessor-version":[{"id":253482,"href":"https:\/\/tiendapadel5.com\/it\/wp-json\/wp\/v2\/product\/217158\/revisions\/253482"}],"wp:featuredmedia":[{"embeddable":true,"href":"https:\/\/tiendapadel5.com\/it\/wp-json\/wp\/v2\/media\/217166"}],"wp:attachment":[{"href":"https:\/\/tiendapadel5.com\/it\/wp-json\/wp\/v2\/media?parent=217158"}],"wp:term":[{"taxonomy":"pwb-brand","embeddable":true,"href":"https:\/\/tiendapadel5.com\/it\/wp-json\/wp\/v2\/pwb-brand?post=217158"},{"taxonomy":"product_brand","embeddable":true,"href":"https:\/\/tiendapadel5.com\/it\/wp-json\/wp\/v2\/product_brand?post=217158"},{"taxonomy":"product_cat","embeddable":true,"href":"https:\/\/tiendapadel5.com\/it\/wp-json\/wp\/v2\/product_cat?post=217158"},{"taxonomy":"product_tag","embeddable":true,"href":"https:\/\/tiendapadel5.com\/it\/wp-json\/wp\/v2\/product_tag?post=217158"}],"curies":[{"name":"wp","href":"https:\/\/api.w.org\/{rel}","templated":true}]}}