{"id":214219,"date":"2025-08-09T15:42:26","date_gmt":"2025-08-09T14:42:26","guid":{"rendered":"https:\/\/tiendapadel5.com\/?post_type=product&#038;p=214219"},"modified":"2026-04-13T17:22:37","modified_gmt":"2026-04-13T15:22:37","slug":"paletero-head-tour-padel-l-negro-2025","status":"publish","type":"product","link":"https:\/\/tiendapadel5.com\/it\/paletero-head-tour-padel-l-negro-2025\/","title":{"rendered":"Paletero Head Tour Padel L Negro 2025"},"content":{"rendered":"<h2>Paletero Head Tour Padel L Negro 2025<\/h2>\n<p><strong>Caracter\u00edsticas:<\/strong><\/p>\n<p>&#8211; Dos compartimentos para raquetas<br \/>\n&#8211; Un compartimento para raquetas CCT+<br \/>\n&#8211; Un compartimento principal<br \/>\n&#8211; Un compartimento para zapatos<br \/>\n&#8211; Un bolsillo exterior con cremallera para accesorios<br \/>\n&#8211; Un bolsillo interior para accesorios<\/p>\n<p>&nbsp;<\/p>\n","protected":false},"excerpt":{"rendered":"<p>El Paletero Head Tour Padel L Negro 2025, consta de estilo, espacio y tecnolog\u00eda. Este bolso no solo se ve incre\u00edble con sus colores modernos y elegantes, sino que adem\u00e1s viene renovado: tiene una nueva forma, mejor acolchado para que sea m\u00e1s firme y unas asas superiores nuevas que lo hacen m\u00e1s c\u00f3modo.<\/p>\n<p data-start=\"856\" data-end=\"1059\">\n","protected":false},"featured_media":254593,"comment_status":"open","ping_status":"closed","template":"","meta":{"_joinchat":[]},"pwb-brand":[33],"product_brand":[],"product_cat":[20,432],"product_tag":[9781,160,4398,669,85,257,264],"class_list":{"0":"post-214219","1":"product","2":"type-product","3":"status-publish","4":"has-post-thumbnail","6":"pwb-brand-head","7":"product_cat-paleteros-de-padel","8":"product_cat-mochilas-head","9":"product_tag-9781","10":"product_tag-head","11":"product_tag-l","12":"product_tag-negro","13":"product_tag-padel","14":"product_tag-paletero","15":"product_tag-tour","17":"first","18":"instock","19":"sale","20":"taxable","21":"shipping-taxable","22":"purchasable","23":"product-type-simple"},"brands":[{"id":33,"name":"Head","slug":"head"}],"_links":{"self":[{"href":"https:\/\/tiendapadel5.com\/it\/wp-json\/wp\/v2\/product\/214219","targetHints":{"allow":["GET"]}}],"collection":[{"href":"https:\/\/tiendapadel5.com\/it\/wp-json\/wp\/v2\/product"}],"about":[{"href":"https:\/\/tiendapadel5.com\/it\/wp-json\/wp\/v2\/types\/product"}],"replies":[{"embeddable":true,"href":"https:\/\/tiendapadel5.com\/it\/wp-json\/wp\/v2\/comments?post=214219"}],"version-history":[{"count":1,"href":"https:\/\/tiendapadel5.com\/it\/wp-json\/wp\/v2\/product\/214219\/revisions"}],"predecessor-version":[{"id":254600,"href":"https:\/\/tiendapadel5.com\/it\/wp-json\/wp\/v2\/product\/214219\/revisions\/254600"}],"wp:featuredmedia":[{"embeddable":true,"href":"https:\/\/tiendapadel5.com\/it\/wp-json\/wp\/v2\/media\/254593"}],"wp:attachment":[{"href":"https:\/\/tiendapadel5.com\/it\/wp-json\/wp\/v2\/media?parent=214219"}],"wp:term":[{"taxonomy":"pwb-brand","embeddable":true,"href":"https:\/\/tiendapadel5.com\/it\/wp-json\/wp\/v2\/pwb-brand?post=214219"},{"taxonomy":"product_brand","embeddable":true,"href":"https:\/\/tiendapadel5.com\/it\/wp-json\/wp\/v2\/product_brand?post=214219"},{"taxonomy":"product_cat","embeddable":true,"href":"https:\/\/tiendapadel5.com\/it\/wp-json\/wp\/v2\/product_cat?post=214219"},{"taxonomy":"product_tag","embeddable":true,"href":"https:\/\/tiendapadel5.com\/it\/wp-json\/wp\/v2\/product_tag?post=214219"}],"curies":[{"name":"wp","href":"https:\/\/api.w.org\/{rel}","templated":true}]}}