{"id":213913,"date":"2025-08-07T15:47:31","date_gmt":"2025-08-07T14:47:31","guid":{"rendered":"https:\/\/tiendapadel5.com\/?post_type=product&#038;p=213913"},"modified":"2026-04-09T01:50:23","modified_gmt":"2026-04-08T23:50:23","slug":"munequeras-bullpadel-bpmu2405-i-bg-verde-manzana-azul-oscuro","status":"publish","type":"product","link":"https:\/\/tiendapadel5.com\/it\/munequeras-bullpadel-bpmu2405-i-bg-verde-manzana-azul-oscuro\/","title":{"rendered":"Mu\u00f1equeras Bullpadel BPMU2405 I BG Verde Manzana\/Azul Oscuro"},"content":{"rendered":"<h2>Mu\u00f1equeras Bullpadel BPMU2405 I BG Verde Manzana\/Azul Oscuro<\/h2>\n<p><strong>Caracter\u00edsticas:<\/strong><\/p>\n<p><strong>Color:<\/strong> Verde Manzana\/ Azul Oscuro<\/p>\n","protected":false},"excerpt":{"rendered":"<p>Las Mu\u00f1equeras Bullpadel BPMU2405 I BG Verde Manzana\/Azul Oscuro, estan dise\u00f1adas con un tejido tipo toalla s\u00faper c\u00f3modo y el logo bordado que resalta un mont\u00f3n.<\/p>\n","protected":false},"featured_media":213916,"comment_status":"open","ping_status":"closed","template":"","meta":{"_joinchat":[]},"pwb-brand":[31],"product_brand":[],"product_cat":[23,420],"product_tag":[295,9803,11156,319,11157,9805,674,5866,381],"class_list":{"0":"post-213913","1":"product","2":"type-product","3":"status-publish","4":"has-post-thumbnail","6":"pwb-brand-bullpadel","7":"product_cat-accesorios-de-padel","8":"product_cat-complementos-bullpadel","9":"product_tag-azul","10":"product_tag-bg","11":"product_tag-bpmu2405","12":"product_tag-bullpadel","13":"product_tag-i","14":"product_tag-manzana","15":"product_tag-munequeras","16":"product_tag-oscuro","17":"product_tag-verde","19":"first","20":"instock","21":"sale","22":"taxable","23":"shipping-taxable","24":"purchasable","25":"product-type-simple"},"brands":[{"id":31,"name":"Bullpadel","slug":"bullpadel"}],"_links":{"self":[{"href":"https:\/\/tiendapadel5.com\/it\/wp-json\/wp\/v2\/product\/213913","targetHints":{"allow":["GET"]}}],"collection":[{"href":"https:\/\/tiendapadel5.com\/it\/wp-json\/wp\/v2\/product"}],"about":[{"href":"https:\/\/tiendapadel5.com\/it\/wp-json\/wp\/v2\/types\/product"}],"replies":[{"embeddable":true,"href":"https:\/\/tiendapadel5.com\/it\/wp-json\/wp\/v2\/comments?post=213913"}],"version-history":[{"count":0,"href":"https:\/\/tiendapadel5.com\/it\/wp-json\/wp\/v2\/product\/213913\/revisions"}],"wp:featuredmedia":[{"embeddable":true,"href":"https:\/\/tiendapadel5.com\/it\/wp-json\/wp\/v2\/media\/213916"}],"wp:attachment":[{"href":"https:\/\/tiendapadel5.com\/it\/wp-json\/wp\/v2\/media?parent=213913"}],"wp:term":[{"taxonomy":"pwb-brand","embeddable":true,"href":"https:\/\/tiendapadel5.com\/it\/wp-json\/wp\/v2\/pwb-brand?post=213913"},{"taxonomy":"product_brand","embeddable":true,"href":"https:\/\/tiendapadel5.com\/it\/wp-json\/wp\/v2\/product_brand?post=213913"},{"taxonomy":"product_cat","embeddable":true,"href":"https:\/\/tiendapadel5.com\/it\/wp-json\/wp\/v2\/product_cat?post=213913"},{"taxonomy":"product_tag","embeddable":true,"href":"https:\/\/tiendapadel5.com\/it\/wp-json\/wp\/v2\/product_tag?post=213913"}],"curies":[{"name":"wp","href":"https:\/\/api.w.org\/{rel}","templated":true}]}}