{"id":213902,"date":"2025-08-07T12:59:49","date_gmt":"2025-08-07T11:59:49","guid":{"rendered":"https:\/\/tiendapadel5.com\/?post_type=product&#038;p=213902"},"modified":"2026-03-25T23:10:13","modified_gmt":"2026-03-25T22:10:13","slug":"drop-shot-axion-attack-2024","status":"publish","type":"product","link":"https:\/\/tiendapadel5.com\/it\/drop-shot-axion-attack-2024\/","title":{"rendered":"Drop Shot Axion Attack 2024"},"content":{"rendered":"<h2>Drop Shot Axion Attack 2024<\/h2>\n<p><strong>Caracter\u00edsticas:<\/strong><\/p>\n<p><span class=\"info\"><strong>Forma:<\/strong> Lagrima<\/span><\/p>\n<p><span class=\"info\"><strong>Nivel:<\/strong> Avanzado<\/span><\/p>\n<p><span class=\"info\"><strong>Juego:<\/strong> Polivalente<\/span><\/p>\n<p><span class=\"info\"><strong>Peso:<\/strong> 360-375 gr.<\/span><\/p>\n<p><span class=\"info\"><strong>Perfil:<\/strong> 38 mm<\/span><\/p>\n<p><span class=\"info\"><strong>Jugador:<\/strong> Hombre<\/span><\/p>\n<p><span class=\"info\"><strong>A\u00f1o:<\/strong> 2024<\/span><\/p>\n<p><span class=\"info\"><strong>N\u00facleo:<\/strong> Eva<\/span><\/p>\n<p><span class=\"info\"><strong>Tacto:<\/strong> Duro, Medio<\/span><\/p>\n<p><span class=\"info\"><strong>Material Principal:<\/strong> Carbono<\/span><\/p>\n<p><span class=\"info\"><strong>Rugosidad:<\/strong> 3d<\/span><\/p>\n","protected":false},"excerpt":{"rendered":"<p>La Pala Drop Shot Axion Attack 2024, est\u00e1 dise\u00f1ada para estar en el centro de la l\u00ednea Be One y se ha convertido en una de las palas favoritas de nuestros jugadores, sobre todo por el incre\u00edble control que ofrece en cada partido. Es perfecta para quienes ya tienen un nivel avanzado, ya que est\u00e1 hecha para rendir al m\u00e1ximo incluso en los partidos m\u00e1s duros, garantizando un juego de alt\u00edsima calidad.<\/p>\n","protected":false},"featured_media":110312,"comment_status":"open","ping_status":"closed","template":"","meta":{"_joinchat":[]},"pwb-brand":[32],"product_brand":[],"product_cat":[19,5724,410],"product_tag":[5726,202,6138,731,732],"class_list":{"0":"post-213902","1":"product","2":"type-product","3":"status-publish","4":"has-post-thumbnail","6":"pwb-brand-dropshot","7":"product_cat-palas-padel","8":"product_cat-5724","9":"product_cat-drop-shot","10":"product_tag-5726","11":"product_tag-attack","12":"product_tag-axion","13":"product_tag-drop","14":"product_tag-shot","15":"pa_forma-diamante","16":"pa_marco-fibra-de-carbono","17":"pa_nivel-de-juego-avanzado-profesional","18":"pa_tipo-de-juego-polivalente","20":"first","21":"instock","22":"sale","23":"taxable","24":"shipping-taxable","25":"purchasable","26":"product-type-simple"},"brands":[{"id":32,"name":"DropShot","slug":"dropshot"}],"_links":{"self":[{"href":"https:\/\/tiendapadel5.com\/it\/wp-json\/wp\/v2\/product\/213902","targetHints":{"allow":["GET"]}}],"collection":[{"href":"https:\/\/tiendapadel5.com\/it\/wp-json\/wp\/v2\/product"}],"about":[{"href":"https:\/\/tiendapadel5.com\/it\/wp-json\/wp\/v2\/types\/product"}],"replies":[{"embeddable":true,"href":"https:\/\/tiendapadel5.com\/it\/wp-json\/wp\/v2\/comments?post=213902"}],"version-history":[{"count":1,"href":"https:\/\/tiendapadel5.com\/it\/wp-json\/wp\/v2\/product\/213902\/revisions"}],"predecessor-version":[{"id":253144,"href":"https:\/\/tiendapadel5.com\/it\/wp-json\/wp\/v2\/product\/213902\/revisions\/253144"}],"wp:featuredmedia":[{"embeddable":true,"href":"https:\/\/tiendapadel5.com\/it\/wp-json\/wp\/v2\/media\/110312"}],"wp:attachment":[{"href":"https:\/\/tiendapadel5.com\/it\/wp-json\/wp\/v2\/media?parent=213902"}],"wp:term":[{"taxonomy":"pwb-brand","embeddable":true,"href":"https:\/\/tiendapadel5.com\/it\/wp-json\/wp\/v2\/pwb-brand?post=213902"},{"taxonomy":"product_brand","embeddable":true,"href":"https:\/\/tiendapadel5.com\/it\/wp-json\/wp\/v2\/product_brand?post=213902"},{"taxonomy":"product_cat","embeddable":true,"href":"https:\/\/tiendapadel5.com\/it\/wp-json\/wp\/v2\/product_cat?post=213902"},{"taxonomy":"product_tag","embeddable":true,"href":"https:\/\/tiendapadel5.com\/it\/wp-json\/wp\/v2\/product_tag?post=213902"}],"curies":[{"name":"wp","href":"https:\/\/api.w.org\/{rel}","templated":true}]}}