{"id":213695,"date":"2024-09-11T09:20:49","date_gmt":"2024-09-11T08:20:49","guid":{"rendered":"https:\/\/tiendapadel5.com\/?post_type=product&#038;p=213695"},"modified":"2026-04-10T13:21:19","modified_gmt":"2026-04-10T11:21:19","slug":"head-gravity-team-light-2024","status":"publish","type":"product","link":"https:\/\/tiendapadel5.com\/it\/head-gravity-team-light-2024\/","title":{"rendered":"Head Gravity Team Light 2024"},"content":{"rendered":"<h2>Head Gravity Team Light 2024<\/h2>\n<p><strong>Caracter\u00edsticas:<\/strong><\/p>\n<ul class=\"productInformation-specsBlock-gga\">\n<li>\n<div class=\"productInformation-title-VwF\"><strong>Forma:<\/strong> Redonda<\/div>\n<\/li>\n<li>\n<div class=\"productInformation-title-VwF\"><strong>Peso:<\/strong> 340 g \/ 12.0 oz<\/div>\n<\/li>\n<li>\n<div class=\"productInformation-title-VwF\"><strong>Tama\u00f1o de cabeza:<\/strong> 490 cm\u00b2 \/ 76 in\u00b2<\/div>\n<\/li>\n<li>\n<div class=\"productInformation-title-VwF\"><strong>Equilibrio:<\/strong> 270.0 mm<\/div>\n<\/li>\n<li>\n<div class=\"productInformation-title-VwF\"><strong>Beam:<\/strong> 38 mm \/ 1.5 in<\/div>\n<\/li>\n<li>\n<div class=\"productInformation-title-VwF\"><strong>Superficie de golpeo:<\/strong> Fibra de vidrio<\/div>\n<\/li>\n<\/ul>\n","protected":false},"excerpt":{"rendered":"<p>La pala Head Gravity Team Light 2024, pesa solo 340 gramos, as\u00ed que es la pala m\u00e1s liviana de toda la l\u00ednea GRAVITY y tambi\u00e9n de las m\u00e1s ligeras que vas a encontrar en el mercado. Esto la hace s\u00faper c\u00f3moda y f\u00e1cil de manejar, ideal para quienes juegan de vez en cuando o tienen un nivel intermedio y quieren tener m\u00e1s control en el juego.<\/p>\n","protected":false},"featured_media":161646,"comment_status":"open","ping_status":"closed","template":"","meta":{"_joinchat":[]},"pwb-brand":[33],"product_brand":[],"product_cat":[19,5724,411],"product_tag":[5726,9780,160,587,223],"class_list":{"0":"post-213695","1":"product","2":"type-product","3":"status-publish","4":"has-post-thumbnail","6":"pwb-brand-head","7":"product_cat-palas-padel","8":"product_cat-5724","9":"product_cat-head","10":"product_tag-5726","11":"product_tag-gravity","12":"product_tag-head","13":"product_tag-light","14":"product_tag-team","15":"pa_forma-redonda","16":"pa_marco-fibra-de-vidrio","17":"pa_nivel-de-juego-intermedio","18":"pa_tipo-de-juego-control","20":"first","21":"instock","22":"sale","23":"taxable","24":"shipping-taxable","25":"purchasable","26":"product-type-simple"},"brands":[{"id":33,"name":"Head","slug":"head"}],"_links":{"self":[{"href":"https:\/\/tiendapadel5.com\/it\/wp-json\/wp\/v2\/product\/213695","targetHints":{"allow":["GET"]}}],"collection":[{"href":"https:\/\/tiendapadel5.com\/it\/wp-json\/wp\/v2\/product"}],"about":[{"href":"https:\/\/tiendapadel5.com\/it\/wp-json\/wp\/v2\/types\/product"}],"replies":[{"embeddable":true,"href":"https:\/\/tiendapadel5.com\/it\/wp-json\/wp\/v2\/comments?post=213695"}],"version-history":[{"count":1,"href":"https:\/\/tiendapadel5.com\/it\/wp-json\/wp\/v2\/product\/213695\/revisions"}],"predecessor-version":[{"id":245184,"href":"https:\/\/tiendapadel5.com\/it\/wp-json\/wp\/v2\/product\/213695\/revisions\/245184"}],"wp:featuredmedia":[{"embeddable":true,"href":"https:\/\/tiendapadel5.com\/it\/wp-json\/wp\/v2\/media\/161646"}],"wp:attachment":[{"href":"https:\/\/tiendapadel5.com\/it\/wp-json\/wp\/v2\/media?parent=213695"}],"wp:term":[{"taxonomy":"pwb-brand","embeddable":true,"href":"https:\/\/tiendapadel5.com\/it\/wp-json\/wp\/v2\/pwb-brand?post=213695"},{"taxonomy":"product_brand","embeddable":true,"href":"https:\/\/tiendapadel5.com\/it\/wp-json\/wp\/v2\/product_brand?post=213695"},{"taxonomy":"product_cat","embeddable":true,"href":"https:\/\/tiendapadel5.com\/it\/wp-json\/wp\/v2\/product_cat?post=213695"},{"taxonomy":"product_tag","embeddable":true,"href":"https:\/\/tiendapadel5.com\/it\/wp-json\/wp\/v2\/product_tag?post=213695"}],"curies":[{"name":"wp","href":"https:\/\/api.w.org\/{rel}","templated":true}]}}