{"id":212663,"date":"2025-07-24T17:11:43","date_gmt":"2025-07-24T16:11:43","guid":{"rendered":"https:\/\/tiendapadel5.com\/?post_type=product&#038;p=212663"},"modified":"2026-02-28T15:12:08","modified_gmt":"2026-02-28T14:12:08","slug":"short-bullpadel-brozo-blanco-2025","status":"publish","type":"product","link":"https:\/\/tiendapadel5.com\/it\/short-bullpadel-brozo-blanco-2025\/","title":{"rendered":"Short Bullpadel Brozo Blanco 2025"},"content":{"rendered":"<h2>Short Bullpadel Brozo Blanco 2025<\/h2>\n<p><strong>Caracter\u00edsticas:<\/strong><\/p>\n<p><strong>Materiales:<\/strong> Poliester Elastico<\/p>\n<p><strong>Color:<\/strong> Blanco<\/p>\n","protected":false},"excerpt":{"rendered":"<p>El Short Bullpadel Brozo Blanco 2025, esta dise\u00f1ado de poli\u00e9ster con tela el\u00e1stica que se adapta s\u00faper bien a tus movimientos. Gracias a la tecnolog\u00eda Binamic, se estira en dos direcciones y adem\u00e1s se seca rapid\u00edsimo. Tiene un largo de 42 cm, cintura ajustable con cord\u00f3n, bolsillos laterales, dise\u00f1o con estampado en los costados y un suspensorio interior de malla el\u00e1stica que te da m\u00e1s comodidad. Y como toque final, los gr\u00e1ficos oficiales de Premier Padel que le dan todo el estilo.<\/p>\n","protected":false},"featured_media":212692,"comment_status":"open","ping_status":"closed","template":"","meta":{"_joinchat":[]},"pwb-brand":[31],"product_brand":[],"product_cat":[4901,4351,4357,4922],"product_tag":[9940,4983,11125,1505,601],"class_list":{"0":"post-212663","1":"product","2":"type-product","3":"status-publish","4":"has-post-thumbnail","6":"pwb-brand-bullpadel","7":"product_cat-pantaloncini-padel","8":"product_cat-abbigliamento-padel","9":"product_cat-abbigliamento-padel-bullpadel","10":"product_cat-abbigliamento-padel-per-uomo","11":"product_tag-2025-it","12":"product_tag-bianco","13":"product_tag-brozo","14":"product_tag-bullpadel-it","15":"product_tag-short","16":"pa_talla-l-it","17":"pa_talla-m-it","18":"pa_talla-s-it","19":"pa_talla-xl-it","21":"first","22":"instock","23":"sale","24":"taxable","25":"shipping-taxable","26":"purchasable","27":"product-type-variable"},"brands":[{"id":31,"name":"Bullpadel","slug":"bullpadel"}],"_links":{"self":[{"href":"https:\/\/tiendapadel5.com\/it\/wp-json\/wp\/v2\/product\/212663","targetHints":{"allow":["GET"]}}],"collection":[{"href":"https:\/\/tiendapadel5.com\/it\/wp-json\/wp\/v2\/product"}],"about":[{"href":"https:\/\/tiendapadel5.com\/it\/wp-json\/wp\/v2\/types\/product"}],"replies":[{"embeddable":true,"href":"https:\/\/tiendapadel5.com\/it\/wp-json\/wp\/v2\/comments?post=212663"}],"version-history":[{"count":0,"href":"https:\/\/tiendapadel5.com\/it\/wp-json\/wp\/v2\/product\/212663\/revisions"}],"wp:featuredmedia":[{"embeddable":true,"href":"https:\/\/tiendapadel5.com\/it\/wp-json\/wp\/v2\/media\/212692"}],"wp:attachment":[{"href":"https:\/\/tiendapadel5.com\/it\/wp-json\/wp\/v2\/media?parent=212663"}],"wp:term":[{"taxonomy":"pwb-brand","embeddable":true,"href":"https:\/\/tiendapadel5.com\/it\/wp-json\/wp\/v2\/pwb-brand?post=212663"},{"taxonomy":"product_brand","embeddable":true,"href":"https:\/\/tiendapadel5.com\/it\/wp-json\/wp\/v2\/product_brand?post=212663"},{"taxonomy":"product_cat","embeddable":true,"href":"https:\/\/tiendapadel5.com\/it\/wp-json\/wp\/v2\/product_cat?post=212663"},{"taxonomy":"product_tag","embeddable":true,"href":"https:\/\/tiendapadel5.com\/it\/wp-json\/wp\/v2\/product_tag?post=212663"}],"curies":[{"name":"wp","href":"https:\/\/api.w.org\/{rel}","templated":true}]}}