{"id":209131,"date":"2025-06-21T21:38:24","date_gmt":"2025-06-21T20:38:24","guid":{"rendered":"https:\/\/tiendapadel5.com\/?post_type=product&#038;p=209131"},"modified":"2026-04-22T08:51:39","modified_gmt":"2026-04-22T06:51:39","slug":"munequeras-wilson-wide-terry-azul-marino","status":"publish","type":"product","link":"https:\/\/tiendapadel5.com\/it\/munequeras-wilson-wide-terry-azul-marino\/","title":{"rendered":"Mu\u00f1equeras Wilson Wide Terry Azul Marino"},"content":{"rendered":"<h2>Mu\u00f1equeras Wilson Wide Terry Azul Marino<\/h2>\n<p><strong>Caracter\u00edsticas:<\/strong><\/p>\n<p><strong>Absorci\u00f3n superior:<\/strong>\u00a0Tejido de alta calidad que retiene la humedad y evita el deslizamiento del sudor.<\/p>\n<p><strong>Ajuste c\u00f3modo y el\u00e1stico:<\/strong>\u00a0Se adapta perfectamente a tu mu\u00f1eca sin apretar ni incomodar.<\/p>\n<p><strong>Dise\u00f1o cl\u00e1sico y vers\u00e1til:<\/strong>\u00a0Ideal para tenis, p\u00e1del y otros deportes.<\/p>\n","protected":false},"excerpt":{"rendered":"<p>Las Mu\u00f1equeras Wilson Wide Terry Azul Marino, dise\u00f1adas para obtener una absorci\u00f3n id\u00f3nea y para secar el sudor, ideal para llevarla en sus entrenamientos y partidos.<\/p>\n","protected":false},"featured_media":209132,"comment_status":"open","ping_status":"closed","template":"","meta":{"_joinchat":[]},"pwb-brand":[37],"product_brand":[],"product_cat":[23,426,4412],"product_tag":[295,782,674,11047,7017,222],"class_list":{"0":"post-209131","1":"product","2":"type-product","3":"status-publish","4":"has-post-thumbnail","6":"pwb-brand-wilson","7":"product_cat-accesorios-de-padel","8":"product_cat-complementos-wilson","9":"product_cat-munequeras","10":"product_tag-azul","11":"product_tag-marino","12":"product_tag-munequeras","13":"product_tag-terry","14":"product_tag-wide","15":"product_tag-wilson","17":"first","18":"outofstock","19":"sale","20":"taxable","21":"shipping-taxable","22":"purchasable","23":"product-type-simple"},"brands":[{"id":37,"name":"Wilson","slug":"wilson"}],"_links":{"self":[{"href":"https:\/\/tiendapadel5.com\/it\/wp-json\/wp\/v2\/product\/209131","targetHints":{"allow":["GET"]}}],"collection":[{"href":"https:\/\/tiendapadel5.com\/it\/wp-json\/wp\/v2\/product"}],"about":[{"href":"https:\/\/tiendapadel5.com\/it\/wp-json\/wp\/v2\/types\/product"}],"replies":[{"embeddable":true,"href":"https:\/\/tiendapadel5.com\/it\/wp-json\/wp\/v2\/comments?post=209131"}],"version-history":[{"count":1,"href":"https:\/\/tiendapadel5.com\/it\/wp-json\/wp\/v2\/product\/209131\/revisions"}],"predecessor-version":[{"id":260265,"href":"https:\/\/tiendapadel5.com\/it\/wp-json\/wp\/v2\/product\/209131\/revisions\/260265"}],"wp:featuredmedia":[{"embeddable":true,"href":"https:\/\/tiendapadel5.com\/it\/wp-json\/wp\/v2\/media\/209132"}],"wp:attachment":[{"href":"https:\/\/tiendapadel5.com\/it\/wp-json\/wp\/v2\/media?parent=209131"}],"wp:term":[{"taxonomy":"pwb-brand","embeddable":true,"href":"https:\/\/tiendapadel5.com\/it\/wp-json\/wp\/v2\/pwb-brand?post=209131"},{"taxonomy":"product_brand","embeddable":true,"href":"https:\/\/tiendapadel5.com\/it\/wp-json\/wp\/v2\/product_brand?post=209131"},{"taxonomy":"product_cat","embeddable":true,"href":"https:\/\/tiendapadel5.com\/it\/wp-json\/wp\/v2\/product_cat?post=209131"},{"taxonomy":"product_tag","embeddable":true,"href":"https:\/\/tiendapadel5.com\/it\/wp-json\/wp\/v2\/product_tag?post=209131"}],"curies":[{"name":"wp","href":"https:\/\/api.w.org\/{rel}","templated":true}]}}