{"id":194910,"date":"2025-02-27T03:07:23","date_gmt":"2025-02-27T02:07:23","guid":{"rendered":"https:\/\/tiendapadel5.com\/?post_type=product&#038;p=194910"},"modified":"2026-03-17T08:28:03","modified_gmt":"2026-03-17T07:28:03","slug":"rodillera-floky-knee-support-negro-izquierda","status":"publish","type":"product","link":"https:\/\/tiendapadel5.com\/it\/rodillera-floky-knee-support-negro-izquierda\/","title":{"rendered":"Rodillera Floky Knee Support Negro Izquierda"},"content":{"rendered":"<h2>Rodillera Floky Knee Support Negro Izquierda<\/h2>\n<p><strong>Caracter\u00edsticas:<\/strong><\/p>\n<p><strong>Beneficios principales:<\/strong><\/p>\n<ul>\n<li><strong>Estabilidad de la rodilla y la r\u00f3tula:<\/strong>\u00a0Las aplicaciones biomec\u00e1nicas y la compresi\u00f3n del tejido mejoran la estabilidad de la rodilla y la r\u00f3tula, reduciendo el riesgo de esguinces y protegiendo contra las tensiones durante los movimientos r\u00e1pidos.<\/li>\n<li><strong>Protecci\u00f3n de los ligamentos y del tend\u00f3n rotuliano:<\/strong>\u00a0El soporte reforzado a los ligamentos colaterales y al tend\u00f3n rotuliano ayuda a prevenir traumatismos, inflamaciones y microtraumatismos, garantizando una mayor seguridad durante la actividad f\u00edsica.<\/li>\n<li><strong>Reducci\u00f3n de las inflamaciones:<\/strong>\u00a0El sistema de control de vibraciones contribuye a prevenir y\u00a0<strong>reducir inflamaciones, hinchaz\u00f3n y dolor,<\/strong>\u00a0especialmente \u00fatil en casos de tendinitis, lesiones de ligamentos de bajo grado y esguinces.<\/li>\n<li><strong>Comodidad y recuperaci\u00f3n acelerada:<\/strong>\u00a0El dise\u00f1o ergon\u00f3mico, combinado con biocer\u00e1micas integradas en el tejido, asegura un alto nivel de confort y estimula la circulaci\u00f3n, acelerando la recuperaci\u00f3n muscular y la curaci\u00f3n.<\/li>\n<\/ul>\n","protected":false},"excerpt":{"rendered":"<p>La Rodillera Floky Knee Support Negro Izquierda, es la primera rodillera biomecanica fabricada para obtener una mayor estabilidad y protecci\u00f3n de la rodilla, ademas de la rotula, durante la practica deportiva.<\/p>\n","protected":false},"featured_media":194899,"comment_status":"open","ping_status":"closed","template":"","meta":{"_joinchat":[]},"pwb-brand":[10603],"product_brand":[],"product_cat":[23,10619,10604],"product_tag":[10609,10618,10616,669,10613,10617],"class_list":{"0":"post-194910","1":"product","2":"type-product","3":"status-publish","4":"has-post-thumbnail","6":"pwb-brand-floky","7":"product_cat-accesorios-de-padel","8":"product_cat-complementos-floky","9":"product_cat-prevencion-lesiones","10":"product_tag-floky","11":"product_tag-izquierda","12":"product_tag-knee","13":"product_tag-negro","14":"product_tag-rodillera","15":"product_tag-support","16":"pa_talla-l-xl","17":"pa_talla-m-l","18":"pa_talla-xs-s","20":"first","21":"instock","22":"sale","23":"taxable","24":"shipping-taxable","25":"purchasable","26":"product-type-variable"},"brands":[{"id":10603,"name":"Floky","slug":"floky"}],"_links":{"self":[{"href":"https:\/\/tiendapadel5.com\/it\/wp-json\/wp\/v2\/product\/194910","targetHints":{"allow":["GET"]}}],"collection":[{"href":"https:\/\/tiendapadel5.com\/it\/wp-json\/wp\/v2\/product"}],"about":[{"href":"https:\/\/tiendapadel5.com\/it\/wp-json\/wp\/v2\/types\/product"}],"replies":[{"embeddable":true,"href":"https:\/\/tiendapadel5.com\/it\/wp-json\/wp\/v2\/comments?post=194910"}],"version-history":[{"count":0,"href":"https:\/\/tiendapadel5.com\/it\/wp-json\/wp\/v2\/product\/194910\/revisions"}],"wp:featuredmedia":[{"embeddable":true,"href":"https:\/\/tiendapadel5.com\/it\/wp-json\/wp\/v2\/media\/194899"}],"wp:attachment":[{"href":"https:\/\/tiendapadel5.com\/it\/wp-json\/wp\/v2\/media?parent=194910"}],"wp:term":[{"taxonomy":"pwb-brand","embeddable":true,"href":"https:\/\/tiendapadel5.com\/it\/wp-json\/wp\/v2\/pwb-brand?post=194910"},{"taxonomy":"product_brand","embeddable":true,"href":"https:\/\/tiendapadel5.com\/it\/wp-json\/wp\/v2\/product_brand?post=194910"},{"taxonomy":"product_cat","embeddable":true,"href":"https:\/\/tiendapadel5.com\/it\/wp-json\/wp\/v2\/product_cat?post=194910"},{"taxonomy":"product_tag","embeddable":true,"href":"https:\/\/tiendapadel5.com\/it\/wp-json\/wp\/v2\/product_tag?post=194910"}],"curies":[{"name":"wp","href":"https:\/\/api.w.org\/{rel}","templated":true}]}}