{"id":194774,"date":"2025-02-27T01:53:16","date_gmt":"2025-02-27T00:53:16","guid":{"rendered":"https:\/\/tiendapadel5.com\/?post_type=product&#038;p=194774"},"modified":"2026-03-09T22:13:58","modified_gmt":"2026-03-09T21:13:58","slug":"manguito-floky-no-strain-blanco-2025","status":"publish","type":"product","link":"https:\/\/tiendapadel5.com\/it\/manguito-floky-no-strain-blanco-2025\/","title":{"rendered":"Manguito Floky No Strain Blanco 2025"},"content":{"rendered":"<h2>Manguito Floky No Strain Blanco 2025<\/h2>\n<p><strong>Caracter\u00edsticas:<\/strong><\/p>\n<p><strong>Beneficios principales:<\/strong><\/p>\n<ul>\n<li><strong>Estabilidad del brazo:<\/strong>\u00a0La compresi\u00f3n anat\u00f3mica mejora la estabilidad de las estructuras tendinosas, fundamental para reducir las vibraciones durante los movimientos deportivos.<\/li>\n<li><strong>Reducci\u00f3n de las inflamaciones:<\/strong>\u00a0El control de las vibraciones minimiza la aparici\u00f3n de inflamaciones dolorosas en las \u00e1reas del codo y del antebrazo, como la epicondilitis y la epitrocleitis.<\/li>\n<li><strong>Prevenci\u00f3n y soporte:<\/strong>\u00a0El sistema Tape protege tendones y m\u00fasculos de los traumatismos, reduciendo microtraumatismos y previniendo lesiones.<\/li>\n<li><strong>Comodidad y recuperaci\u00f3n:<\/strong>\u00a0Las aplicaciones externas reducen los roces, mientras que las biocer\u00e1micas en el tejido estimulan la microcirculaci\u00f3n, acelerando la regeneraci\u00f3n muscular y la recuperaci\u00f3n.<\/li>\n<\/ul>\n","protected":false},"excerpt":{"rendered":"<p>El Manguito Floky No Strain Blanco 2025, es el primer manguito biomecanico fabricado para bajar las vibraciones que producen inflamaciones y lesiones en muchos deportes.<\/p>\n","protected":false},"featured_media":194789,"comment_status":"open","ping_status":"closed","template":"","meta":{"_joinchat":[]},"pwb-brand":[10603],"product_brand":[],"product_cat":[23,10619,10604],"product_tag":[9781,405,10609,10608,10611,10610],"class_list":{"0":"post-194774","1":"product","2":"type-product","3":"status-publish","4":"has-post-thumbnail","6":"pwb-brand-floky","7":"product_cat-accesorios-de-padel","8":"product_cat-complementos-floky","9":"product_cat-prevencion-lesiones","10":"product_tag-9781","11":"product_tag-blanco","12":"product_tag-floky","13":"product_tag-manguito","14":"product_tag-no-2","15":"product_tag-strain","16":"pa_talla-2xl","17":"pa_talla-l-xl","18":"pa_talla-m-l","19":"pa_talla-xs-s","21":"first","22":"instock","23":"sale","24":"taxable","25":"shipping-taxable","26":"purchasable","27":"product-type-variable"},"brands":[{"id":10603,"name":"Floky","slug":"floky"}],"_links":{"self":[{"href":"https:\/\/tiendapadel5.com\/it\/wp-json\/wp\/v2\/product\/194774","targetHints":{"allow":["GET"]}}],"collection":[{"href":"https:\/\/tiendapadel5.com\/it\/wp-json\/wp\/v2\/product"}],"about":[{"href":"https:\/\/tiendapadel5.com\/it\/wp-json\/wp\/v2\/types\/product"}],"replies":[{"embeddable":true,"href":"https:\/\/tiendapadel5.com\/it\/wp-json\/wp\/v2\/comments?post=194774"}],"version-history":[{"count":0,"href":"https:\/\/tiendapadel5.com\/it\/wp-json\/wp\/v2\/product\/194774\/revisions"}],"wp:featuredmedia":[{"embeddable":true,"href":"https:\/\/tiendapadel5.com\/it\/wp-json\/wp\/v2\/media\/194789"}],"wp:attachment":[{"href":"https:\/\/tiendapadel5.com\/it\/wp-json\/wp\/v2\/media?parent=194774"}],"wp:term":[{"taxonomy":"pwb-brand","embeddable":true,"href":"https:\/\/tiendapadel5.com\/it\/wp-json\/wp\/v2\/pwb-brand?post=194774"},{"taxonomy":"product_brand","embeddable":true,"href":"https:\/\/tiendapadel5.com\/it\/wp-json\/wp\/v2\/product_brand?post=194774"},{"taxonomy":"product_cat","embeddable":true,"href":"https:\/\/tiendapadel5.com\/it\/wp-json\/wp\/v2\/product_cat?post=194774"},{"taxonomy":"product_tag","embeddable":true,"href":"https:\/\/tiendapadel5.com\/it\/wp-json\/wp\/v2\/product_tag?post=194774"}],"curies":[{"name":"wp","href":"https:\/\/api.w.org\/{rel}","templated":true}]}}