{"id":194714,"date":"2025-02-27T01:16:50","date_gmt":"2025-02-27T00:16:50","guid":{"rendered":"https:\/\/tiendapadel5.com\/?post_type=product&#038;p=194714"},"modified":"2026-03-10T22:29:00","modified_gmt":"2026-03-10T21:29:00","slug":"zapatillas-head-motion-team-woman-blancas-coral-2025","status":"publish","type":"product","link":"https:\/\/tiendapadel5.com\/it\/zapatillas-head-motion-team-woman-blancas-coral-2025\/","title":{"rendered":"Zapatillas Head Motion Team Woman Blancas\/Coral 2025"},"content":{"rendered":"<h2>Zapatillas Head Motion Team Woman Blancas\/Coral 2025<\/h2>\n<p><strong>Caracter\u00edsticas:<\/strong><\/p>\n<ul id=\"[object Object]\" class=\"productInformation-specsBlock-VrU productInformation-specsBlock-VrU\">\n<li>\n<div class=\"productInformation-textWrapper-Ahi productInformation-textWrapper-Ahi\"><strong>Material exterior:<\/strong> <span style=\"font-size: 14.4px;\">Malla ligera y transpirable Materiales de gran comodidad para el forro Protecci\u00f3n en la puntera y secci\u00f3n media<\/span><\/div>\n<\/li>\n<li>\n<div class=\"productInformation-textWrapper-Ahi productInformation-textWrapper-Ahi\"><strong>Mediasuela:<\/strong> <span style=\"font-size: 14.4px;\">Resorte en la puntera m\u00e1s alto Ca\u00edda m\u00ednima entre puntera y tal\u00f3n Entresuela de EVA de gran comodidad Ca\u00f1a antitorsi\u00f3n tridimensional<\/span><\/div>\n<\/li>\n<\/ul>\n","protected":false},"excerpt":{"rendered":"<p>Las Zapatillas Head Motion Team Woman Blancas\/Coral 2025, es un nuevo modelo que se suma a la gama de zapatillas de head, que consta de ofrecer una mayor adherencia en los 360 de giro, a parte de tener una estupenda estabilidad y un excelente comfort con un dise\u00f1o moderno.<\/p>\n","protected":false},"featured_media":194736,"comment_status":"open","ping_status":"closed","template":"","meta":{"_joinchat":[]},"pwb-brand":[33],"product_brand":[],"product_cat":[3014,3021,3017],"product_tag":[9951,7667,733,2711,2872,2814,2753,3471],"class_list":{"0":"post-194714","1":"product","2":"type-product","3":"status-publish","4":"has-post-thumbnail","6":"pwb-brand-head","7":"product_cat-chaussures-de-padel","8":"product_cat-chaussures-de-padel-head","9":"product_cat-chaussures-de-padel-femme","10":"product_tag-2025-fr","11":"product_tag-blanc-fr-2","12":"product_tag-coral","13":"product_tag-tete","14":"product_tag-motion-fr","15":"product_tag-equipe","16":"product_tag-femme","17":"product_tag-zapatillas-fr","18":"pa_talla-37-fr","19":"pa_talla-38-fr","20":"pa_talla-39-fr","21":"pa_talla-40-fr","23":"first","24":"instock","25":"sale","26":"taxable","27":"shipping-taxable","28":"purchasable","29":"product-type-variable"},"brands":[{"id":33,"name":"Head","slug":"head"}],"_links":{"self":[{"href":"https:\/\/tiendapadel5.com\/it\/wp-json\/wp\/v2\/product\/194714","targetHints":{"allow":["GET"]}}],"collection":[{"href":"https:\/\/tiendapadel5.com\/it\/wp-json\/wp\/v2\/product"}],"about":[{"href":"https:\/\/tiendapadel5.com\/it\/wp-json\/wp\/v2\/types\/product"}],"replies":[{"embeddable":true,"href":"https:\/\/tiendapadel5.com\/it\/wp-json\/wp\/v2\/comments?post=194714"}],"version-history":[{"count":1,"href":"https:\/\/tiendapadel5.com\/it\/wp-json\/wp\/v2\/product\/194714\/revisions"}],"predecessor-version":[{"id":254779,"href":"https:\/\/tiendapadel5.com\/it\/wp-json\/wp\/v2\/product\/194714\/revisions\/254779"}],"wp:featuredmedia":[{"embeddable":true,"href":"https:\/\/tiendapadel5.com\/it\/wp-json\/wp\/v2\/media\/194736"}],"wp:attachment":[{"href":"https:\/\/tiendapadel5.com\/it\/wp-json\/wp\/v2\/media?parent=194714"}],"wp:term":[{"taxonomy":"pwb-brand","embeddable":true,"href":"https:\/\/tiendapadel5.com\/it\/wp-json\/wp\/v2\/pwb-brand?post=194714"},{"taxonomy":"product_brand","embeddable":true,"href":"https:\/\/tiendapadel5.com\/it\/wp-json\/wp\/v2\/product_brand?post=194714"},{"taxonomy":"product_cat","embeddable":true,"href":"https:\/\/tiendapadel5.com\/it\/wp-json\/wp\/v2\/product_cat?post=194714"},{"taxonomy":"product_tag","embeddable":true,"href":"https:\/\/tiendapadel5.com\/it\/wp-json\/wp\/v2\/product_tag?post=194714"}],"curies":[{"name":"wp","href":"https:\/\/api.w.org\/{rel}","templated":true}]}}