{"id":188238,"date":"2025-01-18T12:40:18","date_gmt":"2025-01-18T11:40:18","guid":{"rendered":"https:\/\/tiendapadel5.com\/?post_type=product&#038;p=188238"},"modified":"2026-04-27T19:11:24","modified_gmt":"2026-04-27T17:11:24","slug":"cajon-de-pelotas-bullpadel-premium-pro","status":"publish","type":"product","link":"https:\/\/tiendapadel5.com\/it\/cajon-de-pelotas-bullpadel-premium-pro\/","title":{"rendered":"Caj\u00f3n de Pelotas Bullpadel Premium Pro"},"content":{"rendered":"<h2>Caj\u00f3n de Pelotas Bullpadel Premium Pro<\/h2>\n<p><strong>Caracter\u00edsticas:<\/strong><\/p>\n<p>El Caj\u00f3n de Pelotas Bullpadel Premium Pro, est\u00e1 compuesto por 24 botes de la pelota Premium Pro.<\/p>\n<p>Es una pelota de m\u00e1xima velocidad para as\u00ed, agilizar los partidos. Posee una gran durabilidad gracias a su fabricaci\u00f3n en fieltro sint\u00e9tico de m\u00e1xima calidad, y aumenta y garantiza una mejor sensaci\u00f3n de golpeo.<\/p>\n<p>Adem\u00e1s, cuenta con un n\u00facleo de caucho de alta densidad que evita la p\u00e9rdida de la presi\u00f3n aumentando la durabilidad de la bola. Es la bola oficial de las competiciones organizadas por las Federaciones Madrile\u00f1a y Extreme\u00f1a de P\u00e1del.<\/p>\n<p>&nbsp;<\/p>\n<h2>Caj\u00f3n de Pelotas Bullpadel Premium Pro<\/h2>\n<h3>\u00bfQu\u00e9 caracter\u00edsticas tienen las pelotas Bullpadel Premium Pro?<\/h3>\n<p>Las pelotas Bullpadel Premium Pro ofrecen una alta durabilidad y un rebote \u00f3ptimo gracias a su n\u00facleo de caucho de alta calidad y su fieltro sint\u00e9tico, ideales para competiciones y entrenamientos intensos.<\/p>\n<h3>\u00bfCu\u00e1ntas pelotas incluye el caj\u00f3n de pelotas Bullpadel Premium Pro?<\/h3>\n<p>El caj\u00f3n incluye 24 botes, cada uno de ellos con con 3 bolas, lo que hace un total de 72 pelotas bullpadel.<\/p>\n<h3>\u00bfPor qu\u00e9 es recomendable comprar bolas de p\u00e1del Bullpadel Premium Pro?<\/h3>\n<p>Las bolas de p\u00e1del Bullpadel Premium Pro son recomendables por su excelente relaci\u00f3n calidad-precio, alta durabilidad y rendimiento constante en el juego.<\/p>\n<h3>\u00bfLas pelotas Bullpadel Premium Pro son adecuadas para todos los niveles de juego?<\/h3>\n<p>S\u00ed, las pelotas Bullpadel Premium Pro son adecuadas tanto para jugadores principiantes como para profesionales, gracias a la consistencia de sus materiales y al rendimiento que \u00e9stos ofrecen durante el juego.<\/p>\n<h3>\u00bfD\u00f3nde puedo comprar bolas de p\u00e1del Bullpadel Premium Pro?<\/h3>\n<p>Puedes comprar bolas de padel de la marca Bullpadel y de otras grandes marcas como Adidas y Nox en nuestra tienda de p\u00e1del online. Encuentra en Padel5 ropa, pelotas, overgrips, accesorios y productos de p\u00e1del al mejor precio.<\/p>\n","protected":false},"excerpt":{"rendered":"<p>Caj\u00f3n de Pelotas Bullpadel Premium Pro<\/p>\n<p>Pelota de gran velocidad y durabilidad.<br \/>\nFabricada con fieltro sint\u00e9tico de m\u00e1xima calidad y n\u00facleo de caucho de alta densidad.<br \/>\nContiene 24 botes.<\/p>\n","protected":false},"featured_media":188240,"comment_status":"open","ping_status":"closed","template":"","meta":{"_joinchat":[]},"pwb-brand":[31],"product_brand":[],"product_cat":[1293,1361],"product_tag":[319,479,1139,480,481,176],"class_list":{"0":"post-188238","1":"product","2":"type-product","3":"status-publish","4":"has-post-thumbnail","6":"pwb-brand-bullpadel","7":"product_cat-cajones-pelotas-de-padel","8":"product_cat-pelotas-bullpadel","9":"product_tag-bullpadel","10":"product_tag-cajon","11":"product_tag-de","12":"product_tag-pelotas","13":"product_tag-premium","14":"product_tag-pro","16":"first","17":"instock","18":"sale","19":"taxable","20":"shipping-taxable","21":"purchasable","22":"product-type-simple"},"brands":[{"id":31,"name":"Bullpadel","slug":"bullpadel"}],"_links":{"self":[{"href":"https:\/\/tiendapadel5.com\/it\/wp-json\/wp\/v2\/product\/188238","targetHints":{"allow":["GET"]}}],"collection":[{"href":"https:\/\/tiendapadel5.com\/it\/wp-json\/wp\/v2\/product"}],"about":[{"href":"https:\/\/tiendapadel5.com\/it\/wp-json\/wp\/v2\/types\/product"}],"replies":[{"embeddable":true,"href":"https:\/\/tiendapadel5.com\/it\/wp-json\/wp\/v2\/comments?post=188238"}],"version-history":[{"count":0,"href":"https:\/\/tiendapadel5.com\/it\/wp-json\/wp\/v2\/product\/188238\/revisions"}],"wp:featuredmedia":[{"embeddable":true,"href":"https:\/\/tiendapadel5.com\/it\/wp-json\/wp\/v2\/media\/188240"}],"wp:attachment":[{"href":"https:\/\/tiendapadel5.com\/it\/wp-json\/wp\/v2\/media?parent=188238"}],"wp:term":[{"taxonomy":"pwb-brand","embeddable":true,"href":"https:\/\/tiendapadel5.com\/it\/wp-json\/wp\/v2\/pwb-brand?post=188238"},{"taxonomy":"product_brand","embeddable":true,"href":"https:\/\/tiendapadel5.com\/it\/wp-json\/wp\/v2\/product_brand?post=188238"},{"taxonomy":"product_cat","embeddable":true,"href":"https:\/\/tiendapadel5.com\/it\/wp-json\/wp\/v2\/product_cat?post=188238"},{"taxonomy":"product_tag","embeddable":true,"href":"https:\/\/tiendapadel5.com\/it\/wp-json\/wp\/v2\/product_tag?post=188238"}],"curies":[{"name":"wp","href":"https:\/\/api.w.org\/{rel}","templated":true}]}}