{"id":180937,"date":"2024-12-17T12:20:58","date_gmt":"2024-12-17T11:20:58","guid":{"rendered":"https:\/\/tiendapadel5.com\/?post_type=product&#038;p=180937"},"modified":"2026-04-02T21:54:35","modified_gmt":"2026-04-02T19:54:35","slug":"zapatillas-head-motion-pro-padel-blancas-negras","status":"publish","type":"product","link":"https:\/\/tiendapadel5.com\/it\/zapatillas-head-motion-pro-padel-blancas-negras\/","title":{"rendered":"Zapatillas Head Motion Pro Padel Blancas\/Negras"},"content":{"rendered":"<h2>Zapatillas Head Motion Pro Padel Blancas\/Negras<\/h2>\n<p><strong>Caracter\u00edsticas:<\/strong><\/p>\n<ul id=\"[object Object]\" class=\"productInformation-specsBlock-VrU productInformation-specsBlock-VrU\">\n<li>\n<div class=\"productInformation-textWrapper-Ahi productInformation-textWrapper-Ahi\"><strong>Material exterior:<\/strong> Malla ligera y transpirable Construcci\u00f3n de calcet\u00edn Cordones con ajuste Contrafuerte de poliuretano termopl\u00e1stico en la parte interior del tal\u00f3n<\/div>\n<\/li>\n<li>\n<div class=\"productInformation-textWrapper-Ahi productInformation-textWrapper-Ahi\"><strong>Mediasuela: <\/strong>Puntera elevada Entresuela de EVA de una densidad: DynaFoam Ca\u00f1a antitorsi\u00f3n tridimensional y ventilada<\/div>\n<\/li>\n<li>\n<div class=\"productInformation-textWrapper-Ahi productInformation-textWrapper-Ahi\"><strong>Suela:<\/strong> Perfil de suela duradero perfecto para diferentes pistas de p\u00e1del y patr\u00f3n de suela de 360\u00ba que potencia el movimiento multidireccional. Zapatillas dise\u00f1adas en colaboraci\u00f3n con MONDO, proveedor oficial de c\u00e9sped de WPT.<\/div>\n<\/li>\n<\/ul>\n","protected":false},"excerpt":{"rendered":"<p>Las Zapatillas Head Motion Pro Padel Blancas\/Negras, dise\u00f1adas unicamente para la practica del padel, permiten el movimiento a 360 grados y ofrece un rendimiento superior.<\/p>\n","protected":false},"featured_media":180992,"comment_status":"open","ping_status":"closed","template":"","meta":{"_joinchat":[]},"pwb-brand":[33],"product_brand":[],"product_cat":[22,441],"product_tag":[6018,160,166,1207,85,176,300],"class_list":{"0":"post-180937","1":"product","2":"type-product","3":"status-publish","4":"has-post-thumbnail","6":"pwb-brand-head","7":"product_cat-zapatillas-de-padel","8":"product_cat-zapatillas-head","9":"product_tag-blancas","10":"product_tag-head","11":"product_tag-motion","12":"product_tag-negras","13":"product_tag-padel","14":"product_tag-pro","15":"product_tag-zapatillas","16":"pa_talla-280","17":"pa_talla-281","18":"pa_talla-282","19":"pa_talla-283","20":"pa_talla-284","22":"first","23":"instock","24":"sale","25":"taxable","26":"shipping-taxable","27":"purchasable","28":"product-type-variable"},"brands":[{"id":33,"name":"Head","slug":"head"}],"_links":{"self":[{"href":"https:\/\/tiendapadel5.com\/it\/wp-json\/wp\/v2\/product\/180937","targetHints":{"allow":["GET"]}}],"collection":[{"href":"https:\/\/tiendapadel5.com\/it\/wp-json\/wp\/v2\/product"}],"about":[{"href":"https:\/\/tiendapadel5.com\/it\/wp-json\/wp\/v2\/types\/product"}],"replies":[{"embeddable":true,"href":"https:\/\/tiendapadel5.com\/it\/wp-json\/wp\/v2\/comments?post=180937"}],"version-history":[{"count":2,"href":"https:\/\/tiendapadel5.com\/it\/wp-json\/wp\/v2\/product\/180937\/revisions"}],"predecessor-version":[{"id":254791,"href":"https:\/\/tiendapadel5.com\/it\/wp-json\/wp\/v2\/product\/180937\/revisions\/254791"}],"wp:featuredmedia":[{"embeddable":true,"href":"https:\/\/tiendapadel5.com\/it\/wp-json\/wp\/v2\/media\/180992"}],"wp:attachment":[{"href":"https:\/\/tiendapadel5.com\/it\/wp-json\/wp\/v2\/media?parent=180937"}],"wp:term":[{"taxonomy":"pwb-brand","embeddable":true,"href":"https:\/\/tiendapadel5.com\/it\/wp-json\/wp\/v2\/pwb-brand?post=180937"},{"taxonomy":"product_brand","embeddable":true,"href":"https:\/\/tiendapadel5.com\/it\/wp-json\/wp\/v2\/product_brand?post=180937"},{"taxonomy":"product_cat","embeddable":true,"href":"https:\/\/tiendapadel5.com\/it\/wp-json\/wp\/v2\/product_cat?post=180937"},{"taxonomy":"product_tag","embeddable":true,"href":"https:\/\/tiendapadel5.com\/it\/wp-json\/wp\/v2\/product_tag?post=180937"}],"curies":[{"name":"wp","href":"https:\/\/api.w.org\/{rel}","templated":true}]}}