{"id":164620,"date":"2024-09-27T07:43:45","date_gmt":"2024-09-27T06:43:45","guid":{"rendered":"https:\/\/tiendapadel5.com\/?post_type=product&#038;p=164620"},"modified":"2025-09-26T12:16:54","modified_gmt":"2025-09-26T10:16:54","slug":"munequeras-lok-match-blanco-largas","status":"publish","type":"product","link":"https:\/\/tiendapadel5.com\/it\/munequeras-lok-match-blanco-largas\/","title":{"rendered":"Mu\u00f1equeras Lok Match Blanco Largas"},"content":{"rendered":"<h2>Caracter\u00edsticas Mu\u00f1equeras Lok Match Blanco Largas:<\/h2>\n<p><strong>Color:<\/strong> Blanco<\/p>\n","protected":false},"excerpt":{"rendered":"<p>Las Mu\u00f1equeras Lok Match Blanco Largas, es un dise\u00f1o clasico perfecto para sus partidos gracias a su tejido que es perfecto para secarse en sus partidos.<\/p>\n","protected":false},"featured_media":164600,"comment_status":"open","ping_status":"closed","template":"","meta":{"_joinchat":[]},"pwb-brand":[6561],"product_brand":[],"product_cat":[23,6649,4412],"product_tag":[405,9810,6573,993,674],"class_list":{"0":"post-164620","1":"product","2":"type-product","3":"status-publish","4":"has-post-thumbnail","6":"pwb-brand-lokk","7":"product_cat-accesorios-de-padel","8":"product_cat-accesorios-lok","9":"product_cat-munequeras","10":"product_tag-blanco","11":"product_tag-largas","12":"product_tag-lok","13":"product_tag-match","14":"product_tag-munequeras","16":"first","17":"instock","18":"sale","19":"taxable","20":"shipping-taxable","21":"purchasable","22":"product-type-simple"},"brands":[{"id":6561,"name":"Lok","slug":"lokk"}],"_links":{"self":[{"href":"https:\/\/tiendapadel5.com\/it\/wp-json\/wp\/v2\/product\/164620","targetHints":{"allow":["GET"]}}],"collection":[{"href":"https:\/\/tiendapadel5.com\/it\/wp-json\/wp\/v2\/product"}],"about":[{"href":"https:\/\/tiendapadel5.com\/it\/wp-json\/wp\/v2\/types\/product"}],"replies":[{"embeddable":true,"href":"https:\/\/tiendapadel5.com\/it\/wp-json\/wp\/v2\/comments?post=164620"}],"version-history":[{"count":0,"href":"https:\/\/tiendapadel5.com\/it\/wp-json\/wp\/v2\/product\/164620\/revisions"}],"wp:featuredmedia":[{"embeddable":true,"href":"https:\/\/tiendapadel5.com\/it\/wp-json\/wp\/v2\/media\/164600"}],"wp:attachment":[{"href":"https:\/\/tiendapadel5.com\/it\/wp-json\/wp\/v2\/media?parent=164620"}],"wp:term":[{"taxonomy":"pwb-brand","embeddable":true,"href":"https:\/\/tiendapadel5.com\/it\/wp-json\/wp\/v2\/pwb-brand?post=164620"},{"taxonomy":"product_brand","embeddable":true,"href":"https:\/\/tiendapadel5.com\/it\/wp-json\/wp\/v2\/product_brand?post=164620"},{"taxonomy":"product_cat","embeddable":true,"href":"https:\/\/tiendapadel5.com\/it\/wp-json\/wp\/v2\/product_cat?post=164620"},{"taxonomy":"product_tag","embeddable":true,"href":"https:\/\/tiendapadel5.com\/it\/wp-json\/wp\/v2\/product_tag?post=164620"}],"curies":[{"name":"wp","href":"https:\/\/api.w.org\/{rel}","templated":true}]}}