{"id":156460,"date":"2024-08-15T10:01:38","date_gmt":"2024-08-15T09:01:38","guid":{"rendered":"https:\/\/tiendapadel5.com\/?post_type=product&#038;p=156460"},"modified":"2024-09-22T18:16:52","modified_gmt":"2024-09-22T17:16:52","slug":"falda-bullpadel-petin-carbon","status":"publish","type":"product","link":"https:\/\/tiendapadel5.com\/it\/falda-bullpadel-petin-carbon\/","title":{"rendered":"Falda Bullpadel Petin Carbon"},"content":{"rendered":"<h2>Caracter\u00edsticas Falda Bullpadel Petin Carbon:<\/h2>\n<ul>\n<li><strong>Tejido t\u00e9cnico: <\/strong>Drynamic<\/li>\n<li><strong>Composici\u00f3n:<\/strong> Exterior 93% poli\u00e9ster &#8211; 7% elast\u00e1n, Forro 86 poli\u00e9ster &#8211; 14% elast\u00e1n<strong><br \/>\n<\/strong><\/li>\n<li><strong>Color: <\/strong>Carb\u00f3n<\/li>\n<\/ul>\n<p>&nbsp;<\/p>\n","protected":false},"excerpt":{"rendered":"<p>La Falda Bullpadel Petin Carbon, fabricada en poliester reciclado para obtener una mayor comodidad, va destinada a jugadoras que buscan el estilo de sus conjuntos y la comodidad.<\/p>\n","protected":false},"featured_media":156510,"comment_status":"open","ping_status":"closed","template":"","meta":{"_joinchat":[]},"pwb-brand":[31],"product_brand":[],"product_cat":[96,21,447,47],"product_tag":[319,582,506,9746],"class_list":{"0":"post-156460","1":"product","2":"type-product","3":"status-publish","4":"has-post-thumbnail","6":"pwb-brand-bullpadel","7":"product_cat-faldas","8":"product_cat-ropa-padel","9":"product_cat-ropa-bullpadel","10":"product_cat-mujer","11":"product_tag-bullpadel","12":"product_tag-carbon","13":"product_tag-falda","14":"product_tag-petin","15":"pa_talla-l","16":"pa_talla-m","17":"pa_talla-s","18":"pa_talla-xl","20":"first","21":"instock","22":"sale","23":"taxable","24":"shipping-taxable","25":"purchasable","26":"product-type-variable"},"brands":[{"id":31,"name":"Bullpadel","slug":"bullpadel"}],"_links":{"self":[{"href":"https:\/\/tiendapadel5.com\/it\/wp-json\/wp\/v2\/product\/156460","targetHints":{"allow":["GET"]}}],"collection":[{"href":"https:\/\/tiendapadel5.com\/it\/wp-json\/wp\/v2\/product"}],"about":[{"href":"https:\/\/tiendapadel5.com\/it\/wp-json\/wp\/v2\/types\/product"}],"replies":[{"embeddable":true,"href":"https:\/\/tiendapadel5.com\/it\/wp-json\/wp\/v2\/comments?post=156460"}],"version-history":[{"count":0,"href":"https:\/\/tiendapadel5.com\/it\/wp-json\/wp\/v2\/product\/156460\/revisions"}],"wp:featuredmedia":[{"embeddable":true,"href":"https:\/\/tiendapadel5.com\/it\/wp-json\/wp\/v2\/media\/156510"}],"wp:attachment":[{"href":"https:\/\/tiendapadel5.com\/it\/wp-json\/wp\/v2\/media?parent=156460"}],"wp:term":[{"taxonomy":"pwb-brand","embeddable":true,"href":"https:\/\/tiendapadel5.com\/it\/wp-json\/wp\/v2\/pwb-brand?post=156460"},{"taxonomy":"product_brand","embeddable":true,"href":"https:\/\/tiendapadel5.com\/it\/wp-json\/wp\/v2\/product_brand?post=156460"},{"taxonomy":"product_cat","embeddable":true,"href":"https:\/\/tiendapadel5.com\/it\/wp-json\/wp\/v2\/product_cat?post=156460"},{"taxonomy":"product_tag","embeddable":true,"href":"https:\/\/tiendapadel5.com\/it\/wp-json\/wp\/v2\/product_tag?post=156460"}],"curies":[{"name":"wp","href":"https:\/\/api.w.org\/{rel}","templated":true}]}}