{"id":140763,"date":"2024-05-15T18:55:10","date_gmt":"2024-05-15T17:55:10","guid":{"rendered":"https:\/\/tiendapadel5.com\/starvie-kenta-2024-wc-taska\/"},"modified":"2024-05-15T18:55:10","modified_gmt":"2024-05-15T17:55:10","slug":"starvie-kenta-2024-wc-taska","status":"publish","type":"product","link":"https:\/\/tiendapadel5.com\/it\/starvie-kenta-2024-wc-taska\/","title":{"rendered":"Starvie Kenta 2024 WC t\u00e1ska"},"content":{"rendered":"<h2>Starvie Kenta WC-t\u00e1ska Jellemz\u0151k:<\/h2>\n<p><strong>M\u00e9retek:<\/strong> 22 x 15 x 10 cm<\/p>\n<p><strong>Sz\u00edn:<\/strong> Fekete, Z\u00f6ld<\/p>\n<p><strong>Gy\u0171jtem\u00e9ny:<\/strong> 2024<\/p>\n<p>Nem: Unisex<\/p>\n<p>&nbsp;<\/p>\n","protected":false},"excerpt":{"rendered":"<p>A Starvie Kenta WC-t\u00e1ska egy nagy k\u00f6zponti zsebbel \u00e9s egy kieg\u00e9sz\u00edt\u0151 zsebbel, valamint egy foganty\u00faval rendelkezik a k\u00f6nny\u0171 hordoz\u00e1s \u00e9rdek\u00e9ben.<\/p>\n","protected":false},"featured_media":0,"comment_status":"open","ping_status":"closed","template":"","meta":{"_joinchat":[]},"pwb-brand":[35],"product_brand":[],"product_cat":[26],"product_tag":[5726,5725,167,297],"class_list":{"0":"post-140763","1":"product","2":"type-product","3":"status-publish","5":"pwb-brand-starvie","6":"product_cat-outlet-de-padel","7":"product_tag-5726","8":"product_tag-kenta","9":"product_tag-starvie","10":"product_tag-neceser","12":"first","13":"instock","14":"taxable","15":"shipping-taxable","16":"purchasable","17":"product-type-simple"},"brands":[{"id":35,"name":"Starvie","slug":"starvie"}],"_links":{"self":[{"href":"https:\/\/tiendapadel5.com\/it\/wp-json\/wp\/v2\/product\/140763","targetHints":{"allow":["GET"]}}],"collection":[{"href":"https:\/\/tiendapadel5.com\/it\/wp-json\/wp\/v2\/product"}],"about":[{"href":"https:\/\/tiendapadel5.com\/it\/wp-json\/wp\/v2\/types\/product"}],"replies":[{"embeddable":true,"href":"https:\/\/tiendapadel5.com\/it\/wp-json\/wp\/v2\/comments?post=140763"}],"version-history":[{"count":0,"href":"https:\/\/tiendapadel5.com\/it\/wp-json\/wp\/v2\/product\/140763\/revisions"}],"wp:attachment":[{"href":"https:\/\/tiendapadel5.com\/it\/wp-json\/wp\/v2\/media?parent=140763"}],"wp:term":[{"taxonomy":"pwb-brand","embeddable":true,"href":"https:\/\/tiendapadel5.com\/it\/wp-json\/wp\/v2\/pwb-brand?post=140763"},{"taxonomy":"product_brand","embeddable":true,"href":"https:\/\/tiendapadel5.com\/it\/wp-json\/wp\/v2\/product_brand?post=140763"},{"taxonomy":"product_cat","embeddable":true,"href":"https:\/\/tiendapadel5.com\/it\/wp-json\/wp\/v2\/product_cat?post=140763"},{"taxonomy":"product_tag","embeddable":true,"href":"https:\/\/tiendapadel5.com\/it\/wp-json\/wp\/v2\/product_tag?post=140763"}],"curies":[{"name":"wp","href":"https:\/\/api.w.org\/{rel}","templated":true}]}}