{"id":135137,"date":"2024-04-29T11:11:35","date_gmt":"2024-04-29T10:11:35","guid":{"rendered":"https:\/\/tiendapadel5.com\/vindjacka-tiro23-l-morkbla\/"},"modified":"2024-04-29T11:11:35","modified_gmt":"2024-04-29T10:11:35","slug":"vindjacka-tiro23-l-morkbla","status":"publish","type":"product","link":"https:\/\/tiendapadel5.com\/it\/vindjacka-tiro23-l-morkbla\/","title":{"rendered":"Vindjacka Tiro23 L M\u00f6rkbl\u00e5"},"content":{"rendered":"<h2>Vindjacka Tiro23 L M\u00f6rkbl\u00e5 Egenskaper:<\/h2>\n<table class=\"table table-striped table-product-dimensions table-light table-bordered- table-sm mt-3\">\n<colgroup>\n<col width=\"30%\">\n<col width=\"70%\"><\/colgroup>\n<tbody>\n<tr>\n<td class=\"font-weight-500\">1-<\/td>\n<td>Smal passform<\/td>\n<\/tr>\n<tr>\n<td class=\"font-weight-500\">2-<\/td>\n<td>Dragkedja och fodrad huva<\/td>\n<\/tr>\n<tr>\n<td class=\"font-weight-500\">3-<\/td>\n<td>Tekniskt tyg av 100% \u00e5tervunnen polyester<\/td>\n<\/tr>\n<tr>\n<td class=\"font-weight-500\">4-<\/td>\n<td>Foder i mesh<\/td>\n<\/tr>\n<tr>\n<td class=\"font-weight-500\">5-<\/td>\n<td>AEROREADY<\/td>\n<\/tr>\n<tr>\n<td class=\"font-weight-500\">6-<\/td>\n<td>Fickor med dragkedja i sidos\u00f6mmen<\/td>\n<\/tr>\n<tr>\n<td class=\"font-weight-500\">Sammans\u00e4ttning<\/td>\n<td>100% REC.PES<\/td>\n<\/tr>\n<tr>\n<td class=\"font-weight-500\">Passform<\/td>\n<td>SLIM<\/td>\n<\/tr>\n<tr>\n<td class=\"font-weight-500\">Samling<\/td>\n<td>Utrustning<\/td>\n<\/tr>\n<\/tbody>\n<\/table>\n","protected":false},"excerpt":{"rendered":"<p>Tiro23 L Dark Blue Windbreaker g\u00f6r att du kan r\u00f6ra dig fritt, tillverkad i tyg som andas f\u00f6r \u00f6kad komfort.<\/p>\n","protected":false},"featured_media":0,"comment_status":"open","ping_status":"closed","template":"","meta":{"_joinchat":[]},"pwb-brand":[],"product_brand":[],"product_cat":[26],"product_tag":[],"class_list":{"0":"post-135137","1":"product","2":"type-product","3":"status-publish","5":"product_cat-outlet-de-padel","7":"first","8":"instock","9":"taxable","10":"shipping-taxable","11":"product-type-simple"},"brands":[],"_links":{"self":[{"href":"https:\/\/tiendapadel5.com\/it\/wp-json\/wp\/v2\/product\/135137","targetHints":{"allow":["GET"]}}],"collection":[{"href":"https:\/\/tiendapadel5.com\/it\/wp-json\/wp\/v2\/product"}],"about":[{"href":"https:\/\/tiendapadel5.com\/it\/wp-json\/wp\/v2\/types\/product"}],"replies":[{"embeddable":true,"href":"https:\/\/tiendapadel5.com\/it\/wp-json\/wp\/v2\/comments?post=135137"}],"version-history":[{"count":0,"href":"https:\/\/tiendapadel5.com\/it\/wp-json\/wp\/v2\/product\/135137\/revisions"}],"wp:attachment":[{"href":"https:\/\/tiendapadel5.com\/it\/wp-json\/wp\/v2\/media?parent=135137"}],"wp:term":[{"taxonomy":"pwb-brand","embeddable":true,"href":"https:\/\/tiendapadel5.com\/it\/wp-json\/wp\/v2\/pwb-brand?post=135137"},{"taxonomy":"product_brand","embeddable":true,"href":"https:\/\/tiendapadel5.com\/it\/wp-json\/wp\/v2\/product_brand?post=135137"},{"taxonomy":"product_cat","embeddable":true,"href":"https:\/\/tiendapadel5.com\/it\/wp-json\/wp\/v2\/product_cat?post=135137"},{"taxonomy":"product_tag","embeddable":true,"href":"https:\/\/tiendapadel5.com\/it\/wp-json\/wp\/v2\/product_tag?post=135137"}],"curies":[{"name":"wp","href":"https:\/\/api.w.org\/{rel}","templated":true}]}}