{"id":125884,"date":"2024-04-03T23:26:26","date_gmt":"2024-04-03T22:26:26","guid":{"rendered":"https:\/\/tiendapadel5.com\/scarpe-da-ginnastica-wilson-rush-pro-lite-blue-pearl-ivory-white\/"},"modified":"2025-07-16T19:48:18","modified_gmt":"2025-07-16T18:48:18","slug":"scarpe-da-ginnastica-wilson-rush-pro-lite-blue-pearl-ivory-white","status":"publish","type":"product","link":"https:\/\/tiendapadel5.com\/it\/scarpe-da-ginnastica-wilson-rush-pro-lite-blue-pearl-ivory-white\/","title":{"rendered":"Scarpe da ginnastica Wilson Rush Pro Lite Blue Pearl\/Ivory\/White"},"content":{"rendered":"<h2>Scarpe Wilson Rush Pro Lite Blue Pearl\/Ivory\/White Caratteristiche:<\/h2>\n<ul class=\"product-highlights_list\">\n<li>Calzata generosa: si adatta ai giocatori con piedi pi\u00f9 larghi per una calzata e una sensazione pi\u00f9 confortevole.<\/li>\n<li>Pro Torque Chassis Light: tecnologia ad arco progettata per fornire la velocit\u00e0 e il comfort necessari per la massima stabilit\u00e0 e flessibilit\u00e0.<\/li>\n<li>Composizione: la struttura traspirante offre il massimo comfort.<\/li>\n<li>Superficie di gioco ideale: Tutte le superfici<\/li>\n<\/ul>\n","protected":false},"excerpt":{"rendered":"<p>Le scarpe Wilson Rush Pro Lite Blue Pearl\/Ivory\/White sono progettate con un nuovo tessuto che garantisce traspirabilit\u00e0, sostegno e comfort.<\/p>\n","protected":false},"featured_media":125872,"comment_status":"open","ping_status":"closed","template":"","meta":{"_joinchat":[]},"pwb-brand":[37],"product_brand":[],"product_cat":[6130,6133,6134,22,52,444],"product_tag":[6846,405,295,672,584,6845,176,300,222],"class_list":{"0":"post-125884","1":"product","2":"type-product","3":"status-publish","4":"has-post-thumbnail","6":"pwb-brand-wilson","7":"product_cat-black-friday-padel","8":"product_cat-zapatillas","9":"product_cat-cyber-monday-padel","10":"product_cat-zapatillas-de-padel","11":"product_cat-para-hombre","12":"product_cat-zapatillas-wilson","13":"product_tag-marfil","14":"product_tag-blanco","15":"product_tag-azul","16":"product_tag-rush","17":"product_tag-lite","18":"product_tag-perla","19":"product_tag-pro","20":"product_tag-zapatillas","21":"product_tag-wilson","22":"pa_talla-41-1-3","23":"pa_talla-281","24":"pa_talla-42-2-3","25":"pa_talla-43-1-3","26":"pa_talla-283","27":"pa_talla-44-2-3","28":"pa_talla-45-1-3","30":"first","31":"instock","32":"sale","33":"taxable","34":"shipping-taxable","35":"purchasable","36":"product-type-variable"},"brands":[{"id":37,"name":"Wilson","slug":"wilson"}],"_links":{"self":[{"href":"https:\/\/tiendapadel5.com\/it\/wp-json\/wp\/v2\/product\/125884","targetHints":{"allow":["GET"]}}],"collection":[{"href":"https:\/\/tiendapadel5.com\/it\/wp-json\/wp\/v2\/product"}],"about":[{"href":"https:\/\/tiendapadel5.com\/it\/wp-json\/wp\/v2\/types\/product"}],"replies":[{"embeddable":true,"href":"https:\/\/tiendapadel5.com\/it\/wp-json\/wp\/v2\/comments?post=125884"}],"version-history":[{"count":0,"href":"https:\/\/tiendapadel5.com\/it\/wp-json\/wp\/v2\/product\/125884\/revisions"}],"wp:featuredmedia":[{"embeddable":true,"href":"https:\/\/tiendapadel5.com\/it\/wp-json\/wp\/v2\/media\/125872"}],"wp:attachment":[{"href":"https:\/\/tiendapadel5.com\/it\/wp-json\/wp\/v2\/media?parent=125884"}],"wp:term":[{"taxonomy":"pwb-brand","embeddable":true,"href":"https:\/\/tiendapadel5.com\/it\/wp-json\/wp\/v2\/pwb-brand?post=125884"},{"taxonomy":"product_brand","embeddable":true,"href":"https:\/\/tiendapadel5.com\/it\/wp-json\/wp\/v2\/product_brand?post=125884"},{"taxonomy":"product_cat","embeddable":true,"href":"https:\/\/tiendapadel5.com\/it\/wp-json\/wp\/v2\/product_cat?post=125884"},{"taxonomy":"product_tag","embeddable":true,"href":"https:\/\/tiendapadel5.com\/it\/wp-json\/wp\/v2\/product_tag?post=125884"}],"curies":[{"name":"wp","href":"https:\/\/api.w.org\/{rel}","templated":true}]}}